{"id":4954,"date":"2025-02-13T08:13:07","date_gmt":"2025-02-13T07:13:07","guid":{"rendered":"https:\/\/vikingbeds.se\/?page_id=4954"},"modified":"2025-12-03T10:01:17","modified_gmt":"2025-12-03T09:01:17","slug":"karriar","status":"publish","type":"page","link":"https:\/\/vikingbeds.se\/en\/karriar\/","title":{"rendered":"Karri\u00e4r\/Lediga tj\u00e4nster"},"content":{"rendered":"<p>[et_pb_section fb_built=&#8221;1&#8243; admin_label=&#8221;Hero&#8221; module_class=&#8221;bg-overlay&#8221; _builder_version=&#8221;4.25.0&#8243; _module_preset=&#8221;default&#8221; background_color=&#8221;rgba(0,0,0,0.43)&#8221; background_image=&#8221;https:\/\/vikingbeds.se\/wp-content\/uploads\/2025\/02\/chuttersnap-BNBA1h-NgdY-unsplash-scaled.jpg&#8221; parallax=&#8221;on&#8221; parallax_method=&#8221;off&#8221; height=&#8221;800px&#8221; height_tablet=&#8221;800px&#8221; height_phone=&#8221;650px&#8221; height_last_edited=&#8221;on|phone&#8221; global_colors_info=&#8221;{}&#8221;][et_pb_row admin_label=&#8221;Rubrik &#8211; header&#8221; _builder_version=&#8221;4.17.3&#8243; _module_preset=&#8221;default&#8221; custom_margin=&#8221;20em|auto||auto|false|false&#8221; custom_margin_tablet=&#8221;20em|auto||auto|false|false&#8221; custom_margin_phone=&#8221;16em|auto||auto|false|false&#8221; custom_margin_last_edited=&#8221;on|phone&#8221; global_colors_info=&#8221;{}&#8221;][et_pb_column type=&#8221;4_4&#8243; _builder_version=&#8221;4.16&#8243; _module_preset=&#8221;default&#8221; global_colors_info=&#8221;{}&#8221;][et_pb_text admin_label=&#8221;Rubrik&#8221; _builder_version=&#8221;4.24.1&#8243; _module_preset=&#8221;default&#8221; header_font=&#8221;Cormorant|600|||||||&#8221; header_text_align=&#8221;center&#8221; header_text_color=&#8221;#FFFFFF&#8221; header_font_size=&#8221;6em&#8221; custom_padding=&#8221;||4px|||&#8221; header_font_size_tablet=&#8221;3em&#8221; header_font_size_phone=&#8221;2em&#8221; header_font_size_last_edited=&#8221;on|phone&#8221; global_colors_info=&#8221;{}&#8221;]<\/p>\n<h1>Jobba med oss<\/h1>\n<p>[\/et_pb_text][\/et_pb_column][\/et_pb_row][\/et_pb_section][et_pb_section fb_built=&#8221;1&#8243; disabled_on=&#8221;off|off|off&#8221; admin_label=&#8221;Sektion&#8221; _builder_version=&#8221;4.25.0&#8243; _module_preset=&#8221;default&#8221; background_color=&#8221;#ccc7bd&#8221; background_enable_image=&#8221;off&#8221; min_height=&#8221;446px&#8221; custom_margin=&#8221;||||false|false&#8221; custom_padding=&#8221;18px||25px||false|false&#8221; global_colors_info=&#8221;{}&#8221;][et_pb_row _builder_version=&#8221;4.16&#8243; _module_preset=&#8221;default&#8221; min_height=&#8221;182px&#8221; custom_margin=&#8221;78px|auto||auto||&#8221; custom_padding=&#8221;13px|||||&#8221; global_colors_info=&#8221;{}&#8221;][et_pb_column type=&#8221;4_4&#8243; _builder_version=&#8221;4.16&#8243; _module_preset=&#8221;default&#8221; global_colors_info=&#8221;{}&#8221;][et_pb_text _builder_version=&#8221;4.18.0&#8243; _module_preset=&#8221;default&#8221; text_text_color=&#8221;#FFFFFF&#8221; link_text_color=&#8221;#FFFFFF&#8221; text_orientation=&#8221;center&#8221; global_colors_info=&#8221;{}&#8221;]<\/p>\n<p data-start=\"53\" data-end=\"375\">Hos oss handlar det inte bara om att tillverka s\u00e4ngar \u2013 vi skapar f\u00f6ruts\u00e4ttningar f\u00f6r god s\u00f6mn och b\u00e4ttre livskvalitet. <br \/>Vi s\u00f6ker engagerade medarbetare som vill vara med och forma framtidens sovkomfort.<\/p>\n<p data-start=\"377\" data-end=\"520\" data-is-last-node=\"\">Utforska v\u00e5ra lediga tj\u00e4nster och hitta din n\u00e4sta dr\u00f6mkarri\u00e4r!<\/p>\n<p><a href=\"mailto:cecilia.gronskog@kungsangen.com?subject=Nytt%20samarbete?\"><\/a><\/p>\n<p>[\/et_pb_text][\/et_pb_column][\/et_pb_row][\/et_pb_section][et_pb_section fb_built=&#8221;1&#8243; _builder_version=&#8221;4.16&#8243; _module_preset=&#8221;default&#8221; min_height=&#8221;706.4px&#8221; custom_padding=&#8221;0px||2px|||&#8221; global_colors_info=&#8221;{}&#8221;][et_pb_row column_structure=&#8221;1_2,1_2&#8243; use_custom_gutter=&#8221;on&#8221; gutter_width=&#8221;0&#8243; make_equal=&#8221;on&#8221; admin_label=&#8221;Workshops and Events Area&#8221; module_class=&#8221; et_pb_row_fullwidth&#8221; _builder_version=&#8221;4.25.0&#8243; width=&#8221;100%&#8221; width_tablet=&#8221;100%&#8221; width_phone=&#8221;&#8221; width_last_edited=&#8221;on|desktop&#8221; max_width=&#8221;100%&#8221; max_width_tablet=&#8221;100%&#8221; max_width_phone=&#8221;&#8221; max_width_last_edited=&#8221;on|desktop&#8221; min_height=&#8221;1089.4px&#8221; custom_margin=&#8221;-131px|auto|-101px|auto||&#8221; custom_padding=&#8221;0px||0px|||&#8221; border_color_bottom=&#8221;#FFFFFF&#8221; make_fullwidth=&#8221;on&#8221; global_colors_info=&#8221;{}&#8221;][et_pb_column type=&#8221;1_2&#8243; _builder_version=&#8221;4.25.0&#8243; background_color=&#8221;#FFFFFF&#8221; custom_padding=&#8221;10%|5%|10%|5%&#8221; global_colors_info=&#8221;{}&#8221; custom_padding__hover=&#8221;|||&#8221;][et_pb_text _builder_version=&#8221;4.25.0&#8243; _module_preset=&#8221;default&#8221; header_font=&#8221;Cormorant||||||||&#8221; header_text_color=&#8221;#FFFFFF&#8221; header_font_size=&#8221;38px&#8221; header_2_font=&#8221;|700||on|||||&#8221; header_2_text_align=&#8221;left&#8221; header_2_text_color=&#8221;#FFFFFF&#8221; header_2_font_size=&#8221;3.5em&#8221; min_height=&#8221;157px&#8221; custom_margin=&#8221;2em||28px||false|false&#8221; custom_padding=&#8221;||6px|||&#8221; animation_style=&#8221;fade&#8221; header_2_font_size_tablet=&#8221;2.5em&#8221; header_2_font_size_phone=&#8221;2.1em&#8221; header_2_font_size_last_edited=&#8221;on|phone&#8221; global_colors_info=&#8221;{}&#8221;]<\/p>\n<h1><span style=\"color: #000000;\"><strong>Vi har inga lediga tj\u00e4nster f\u00f6r tillf\u00e4llet.\u00a0<\/strong><\/span><\/h1>\n<p><span style=\"color: #000000;\"><strong><\/strong><\/span><\/p>\n<h1><span style=\"color: #000000;\"><strong><\/strong><\/span><\/h1>\n<h1><span style=\"color: #000000;\"><strong><\/strong><\/span><\/h1>\n<h1><span style=\"color: #000000;\"><strong><\/strong><\/span><\/h1>\n<h1><span style=\"color: #000000;\"><strong><\/strong><\/span><\/h1>\n<h1><span style=\"color: #000000;\"><strong><\/strong><\/span><\/h1>\n<h1><span style=\"color: #000000;\"><strong><\/strong><\/span><\/h1>\n<p>[\/et_pb_text][\/et_pb_column][et_pb_column type=&#8221;1_2&#8243; module_class=&#8221;et-zoom-in&#8221; _builder_version=&#8221;4.25.0&#8243; background_image=&#8221;https:\/\/vikingbeds.se\/wp-content\/uploads\/2022\/05\/Simplicity_viking_beds_0730-scaled.jpg&#8221; background_repeat=&#8221;repeat&#8221; custom_padding=&#8221;|||&#8221; global_colors_info=&#8221;{}&#8221; custom_padding__hover=&#8221;|||&#8221;][et_pb_divider show_divider=&#8221;off&#8221; _builder_version=&#8221;4.16&#8243; height=&#8221;400px&#8221; locked=&#8221;off&#8221; global_colors_info=&#8221;{}&#8221;][\/et_pb_divider][\/et_pb_column][\/et_pb_row][\/et_pb_section]<\/p>\n","protected":false},"excerpt":{"rendered":"<p>Jobba med ossHos oss handlar det inte bara om att tillverka s\u00e4ngar \u2013 vi skapar f\u00f6ruts\u00e4ttningar f\u00f6r god s\u00f6mn och b\u00e4ttre livskvalitet. Vi s\u00f6ker engagerade medarbetare som vill vara med och forma framtidens sovkomfort. Utforska v\u00e5ra lediga tj\u00e4nster och hitta din n\u00e4sta dr\u00f6mkarri\u00e4r! Vi har inga lediga tj\u00e4nster f\u00f6r tillf\u00e4llet.\u00a0<\/p>","protected":false},"author":2,"featured_media":0,"parent":0,"menu_order":0,"comment_status":"closed","ping_status":"closed","template":"","meta":{"_et_pb_use_builder":"on","_et_pb_old_content":"","_et_gb_content_width":"","footnotes":""},"class_list":["post-4954","page","type-page","status-publish","hentry"],"yoast_head":"<!-- This site is optimized with the Yoast SEO plugin v27.3 - https:\/\/yoast.com\/product\/yoast-seo-wordpress\/ -->\n<title>Karri\u00e4r\/Lediga tj\u00e4nster - Vikingbeds.se<\/title>\n<meta name=\"robots\" content=\"index, follow, max-snippet:-1, max-image-preview:large, max-video-preview:-1\" \/>\n<link rel=\"canonical\" href=\"https:\/\/vikingbeds.se\/en\/karriar\/\" \/>\n<meta property=\"og:locale\" content=\"en_GB\" \/>\n<meta property=\"og:type\" content=\"article\" \/>\n<meta property=\"og:title\" content=\"Karri\u00e4r\/Lediga tj\u00e4nster - Vikingbeds.se\" \/>\n<meta property=\"og:description\" content=\"Jobba med ossHos oss handlar det inte bara om att tillverka s\u00e4ngar \u2013 vi skapar f\u00f6ruts\u00e4ttningar f\u00f6r god s\u00f6mn och b\u00e4ttre livskvalitet. Vi s\u00f6ker engagerade medarbetare som vill vara med och forma framtidens sovkomfort. Utforska v\u00e5ra lediga tj\u00e4nster och hitta din n\u00e4sta dr\u00f6mkarri\u00e4r! Vi har inga lediga tj\u00e4nster f\u00f6r tillf\u00e4llet.\u00a0\" \/>\n<meta property=\"og:url\" content=\"https:\/\/vikingbeds.se\/en\/karriar\/\" \/>\n<meta property=\"og:site_name\" content=\"Vikingbeds.se\" \/>\n<meta property=\"article:modified_time\" content=\"2025-12-03T09:01:17+00:00\" \/>\n<meta name=\"twitter:card\" content=\"summary_large_image\" \/>\n<meta name=\"twitter:label1\" content=\"Estimated reading time\" \/>\n\t<meta name=\"twitter:data1\" content=\"3 minutes\" \/>\n<script type=\"application\/ld+json\" class=\"yoast-schema-graph\">{\"@context\":\"https:\\\/\\\/schema.org\",\"@graph\":[{\"@type\":\"WebPage\",\"@id\":\"https:\\\/\\\/vikingbeds.se\\\/karriar\\\/\",\"url\":\"https:\\\/\\\/vikingbeds.se\\\/karriar\\\/\",\"name\":\"Karri\u00e4r\\\/Lediga tj\u00e4nster - Vikingbeds.se\",\"isPartOf\":{\"@id\":\"https:\\\/\\\/vikingbeds.se\\\/#website\"},\"datePublished\":\"2025-02-13T07:13:07+00:00\",\"dateModified\":\"2025-12-03T09:01:17+00:00\",\"breadcrumb\":{\"@id\":\"https:\\\/\\\/vikingbeds.se\\\/karriar\\\/#breadcrumb\"},\"inLanguage\":\"en-GB\",\"potentialAction\":[{\"@type\":\"ReadAction\",\"target\":[\"https:\\\/\\\/vikingbeds.se\\\/karriar\\\/\"]}]},{\"@type\":\"BreadcrumbList\",\"@id\":\"https:\\\/\\\/vikingbeds.se\\\/karriar\\\/#breadcrumb\",\"itemListElement\":[{\"@type\":\"ListItem\",\"position\":1,\"name\":\"Hem\",\"item\":\"https:\\\/\\\/vikingbeds.se\\\/\"},{\"@type\":\"ListItem\",\"position\":2,\"name\":\"Karri\u00e4r\\\/Lediga tj\u00e4nster\"}]},{\"@type\":\"WebSite\",\"@id\":\"https:\\\/\\\/vikingbeds.se\\\/#website\",\"url\":\"https:\\\/\\\/vikingbeds.se\\\/\",\"name\":\"Vikingbeds.se\",\"description\":\"\",\"potentialAction\":[{\"@type\":\"SearchAction\",\"target\":{\"@type\":\"EntryPoint\",\"urlTemplate\":\"https:\\\/\\\/vikingbeds.se\\\/?s={search_term_string}\"},\"query-input\":{\"@type\":\"PropertyValueSpecification\",\"valueRequired\":true,\"valueName\":\"search_term_string\"}}],\"inLanguage\":\"en-GB\"}]}<\/script>\n<!-- \/ Yoast SEO plugin. -->","yoast_head_json":{"title":"Karri\u00e4r\/Lediga tj\u00e4nster - Vikingbeds.se","robots":{"index":"index","follow":"follow","max-snippet":"max-snippet:-1","max-image-preview":"max-image-preview:large","max-video-preview":"max-video-preview:-1"},"canonical":"https:\/\/vikingbeds.se\/en\/karriar\/","og_locale":"en_GB","og_type":"article","og_title":"Karri\u00e4r\/Lediga tj\u00e4nster - Vikingbeds.se","og_description":"Jobba med ossHos oss handlar det inte bara om att tillverka s\u00e4ngar \u2013 vi skapar f\u00f6ruts\u00e4ttningar f\u00f6r god s\u00f6mn och b\u00e4ttre livskvalitet. Vi s\u00f6ker engagerade medarbetare som vill vara med och forma framtidens sovkomfort. Utforska v\u00e5ra lediga tj\u00e4nster och hitta din n\u00e4sta dr\u00f6mkarri\u00e4r! Vi har inga lediga tj\u00e4nster f\u00f6r tillf\u00e4llet.\u00a0","og_url":"https:\/\/vikingbeds.se\/en\/karriar\/","og_site_name":"Vikingbeds.se","article_modified_time":"2025-12-03T09:01:17+00:00","twitter_card":"summary_large_image","twitter_misc":{"Estimated reading time":"3 minutes"},"schema":{"@context":"https:\/\/schema.org","@graph":[{"@type":"WebPage","@id":"https:\/\/vikingbeds.se\/karriar\/","url":"https:\/\/vikingbeds.se\/karriar\/","name":"Karri\u00e4r\/Lediga tj\u00e4nster - Vikingbeds.se","isPartOf":{"@id":"https:\/\/vikingbeds.se\/#website"},"datePublished":"2025-02-13T07:13:07+00:00","dateModified":"2025-12-03T09:01:17+00:00","breadcrumb":{"@id":"https:\/\/vikingbeds.se\/karriar\/#breadcrumb"},"inLanguage":"en-GB","potentialAction":[{"@type":"ReadAction","target":["https:\/\/vikingbeds.se\/karriar\/"]}]},{"@type":"BreadcrumbList","@id":"https:\/\/vikingbeds.se\/karriar\/#breadcrumb","itemListElement":[{"@type":"ListItem","position":1,"name":"Hem","item":"https:\/\/vikingbeds.se\/"},{"@type":"ListItem","position":2,"name":"Karri\u00e4r\/Lediga tj\u00e4nster"}]},{"@type":"WebSite","@id":"https:\/\/vikingbeds.se\/#website","url":"https:\/\/vikingbeds.se\/","name":"Vikingbeds.se","description":"","potentialAction":[{"@type":"SearchAction","target":{"@type":"EntryPoint","urlTemplate":"https:\/\/vikingbeds.se\/?s={search_term_string}"},"query-input":{"@type":"PropertyValueSpecification","valueRequired":true,"valueName":"search_term_string"}}],"inLanguage":"en-GB"}]}},"_links":{"self":[{"href":"https:\/\/vikingbeds.se\/en\/wp-json\/wp\/v2\/pages\/4954","targetHints":{"allow":["GET"]}}],"collection":[{"href":"https:\/\/vikingbeds.se\/en\/wp-json\/wp\/v2\/pages"}],"about":[{"href":"https:\/\/vikingbeds.se\/en\/wp-json\/wp\/v2\/types\/page"}],"author":[{"embeddable":true,"href":"https:\/\/vikingbeds.se\/en\/wp-json\/wp\/v2\/users\/2"}],"replies":[{"embeddable":true,"href":"https:\/\/vikingbeds.se\/en\/wp-json\/wp\/v2\/comments?post=4954"}],"version-history":[{"count":0,"href":"https:\/\/vikingbeds.se\/en\/wp-json\/wp\/v2\/pages\/4954\/revisions"}],"wp:attachment":[{"href":"https:\/\/vikingbeds.se\/en\/wp-json\/wp\/v2\/media?parent=4954"}],"curies":[{"name":"wp","href":"https:\/\/api.w.org\/{rel}","templated":true}]}}