{"id":4834,"date":"2024-12-18T09:26:32","date_gmt":"2024-12-18T08:26:32","guid":{"rendered":"https:\/\/vikingbeds.se\/?page_id=4834"},"modified":"2025-09-01T14:56:58","modified_gmt":"2025-09-01T12:56:58","slug":"simplicity","status":"publish","type":"page","link":"https:\/\/vikingbeds.se\/en\/simplicity\/","title":{"rendered":"Simplicity"},"content":{"rendered":"<p>[et_pb_section fb_built=&#8221;1&#8243; admin_label=&#8221;Hero&#8221; module_class=&#8221;bg-overlay&#8221; _builder_version=&#8221;4.25.0&#8243; _module_preset=&#8221;default&#8221; background_color=&#8221;rgba(0,0,0,0.43)&#8221; background_image=&#8221;https:\/\/vikingbeds.se\/wp-content\/uploads\/2022\/05\/Simplicity_viking_beds_0738.jpg&#8221; parallax=&#8221;on&#8221; parallax_method=&#8221;off&#8221; height=&#8221;800px&#8221; height_tablet=&#8221;800px&#8221; height_phone=&#8221;650px&#8221; height_last_edited=&#8221;on|phone&#8221; global_colors_info=&#8221;{}&#8221;][et_pb_row admin_label=&#8221;Rubrik &#8211; header&#8221; _builder_version=&#8221;4.17.3&#8243; _module_preset=&#8221;default&#8221; custom_margin=&#8221;20em|492px||auto|false|false&#8221; custom_margin_tablet=&#8221;20em|auto||auto|false|false&#8221; custom_margin_phone=&#8221;16em|auto||auto|false|false&#8221; custom_margin_last_edited=&#8221;on|phone&#8221; global_colors_info=&#8221;{}&#8221;][et_pb_column type=&#8221;4_4&#8243; _builder_version=&#8221;4.16&#8243; _module_preset=&#8221;default&#8221; global_colors_info=&#8221;{}&#8221;][et_pb_text admin_label=&#8221;Rubrik&#8221; _builder_version=&#8221;4.25.0&#8243; _module_preset=&#8221;default&#8221; text_font=&#8221;Metropolis Light||||||||&#8221; text_text_color=&#8221;#FFFFFF&#8221; text_font_size=&#8221;22px&#8221; header_font=&#8221;Cormorant|600|||||||&#8221; header_text_align=&#8221;center&#8221; header_text_color=&#8221;#FFFFFF&#8221; header_font_size=&#8221;4em&#8221; text_orientation=&#8221;center&#8221; width=&#8221;57.6%&#8221; custom_padding=&#8221;||4px|0px||&#8221; header_font_size_tablet=&#8221;3em&#8221; header_font_size_phone=&#8221;2em&#8221; header_font_size_last_edited=&#8221;on|phone&#8221; global_colors_info=&#8221;{}&#8221;]<\/p>\n<h1>Viking Beds x Pella Hedeby<\/h1>\n<p>Simplicity collection<\/p>\n<p>&nbsp;<\/p>\n<p>&nbsp;<\/p>\n<p>[\/et_pb_text][\/et_pb_column][\/et_pb_row][\/et_pb_section][et_pb_section fb_built=&#8221;1&#8243; disabled_on=&#8221;off|off|off&#8221; admin_label=&#8221;Sektion&#8221; _builder_version=&#8221;4.25.0&#8243; _module_preset=&#8221;default&#8221; background_color=&#8221;#ccc7bd&#8221; background_enable_image=&#8221;off&#8221; min_height=&#8221;274px&#8221; custom_margin=&#8221;||||false|false&#8221; custom_padding=&#8221;15px||39px||false|false&#8221; global_colors_info=&#8221;{}&#8221;][et_pb_row _builder_version=&#8221;4.16&#8243; _module_preset=&#8221;default&#8221; custom_margin=&#8221;38px|auto||auto||&#8221; global_colors_info=&#8221;{}&#8221;][et_pb_column type=&#8221;4_4&#8243; _builder_version=&#8221;4.16&#8243; _module_preset=&#8221;default&#8221; global_colors_info=&#8221;{}&#8221;][et_pb_text _builder_version=&#8221;4.17.3&#8243; _module_preset=&#8221;default&#8221; text_text_color=&#8221;#FFFFFF&#8221; link_text_color=&#8221;#FFFFFF&#8221; text_orientation=&#8221;center&#8221; global_colors_info=&#8221;{}&#8221;]<\/p>\n<p>Vi presenterar stolt v\u00e5rt nya konceptsortiment <em>Simplicity<\/em> \u2013 ett designsamarbete med inredaren och designern Pella Hedeby. Tillsammans har vi skapat en unik kollektion f\u00f6r alla som dr\u00f6mmer om ett sovrum som kombinerar skandinavisk design med h\u00f6ga krav p\u00e5 h\u00e5llbarhet. Ett genomt\u00e4nkt helhetskoncept som g\u00f6r det enkelt att skapa ett harmoniskt och stilrent sovrum.<\/p>\n<p><em>Simplicity collection<\/em> g\u00e5r att applicera p\u00e5 samtliga s\u00e4ngar i Vikings standardkollektion och hela tygkollektionen \u00e4r tillg\u00e4nglig f\u00f6r konceptet.<\/p>\n<p class=\"p1\"><span>\u00a0<\/span><\/p>\n<p>[\/et_pb_text][\/et_pb_column][\/et_pb_row][\/et_pb_section][et_pb_section fb_built=&#8221;1&#8243; _builder_version=&#8221;4.16&#8243; _module_preset=&#8221;default&#8221; custom_padding=&#8221;0px||2px|||&#8221; global_colors_info=&#8221;{}&#8221;][et_pb_row column_structure=&#8221;1_2,1_2&#8243; use_custom_gutter=&#8221;on&#8221; gutter_width=&#8221;0&#8243; make_equal=&#8221;on&#8221; admin_label=&#8221;Workshops and Events Area&#8221; module_class=&#8221; et_pb_row_fullwidth&#8221; _builder_version=&#8221;4.25.0&#8243; width=&#8221;100%&#8221; width_tablet=&#8221;100%&#8221; width_phone=&#8221;&#8221; width_last_edited=&#8221;on|desktop&#8221; max_width=&#8221;100%&#8221; max_width_tablet=&#8221;100%&#8221; max_width_phone=&#8221;&#8221; max_width_last_edited=&#8221;on|desktop&#8221; custom_margin=&#8221;-11px|auto||auto||&#8221; custom_padding=&#8221;0px||0px|||&#8221; border_color_bottom=&#8221;#FFFFFF&#8221; make_fullwidth=&#8221;on&#8221; global_colors_info=&#8221;{}&#8221;][et_pb_column type=&#8221;1_2&#8243; _builder_version=&#8221;4.25.0&#8243; background_color=&#8221;#FFFFFF&#8221; custom_padding=&#8221;10%|5%|10%|5%&#8221; global_colors_info=&#8221;{}&#8221; custom_padding__hover=&#8221;|||&#8221;][et_pb_text _builder_version=&#8221;4.25.0&#8243; _module_preset=&#8221;default&#8221; header_font=&#8221;Cormorant||||||||&#8221; header_text_color=&#8221;#000000&#8243; header_font_size=&#8221;38px&#8221; header_2_font=&#8221;|700||on|||||&#8221; header_2_text_align=&#8221;left&#8221; header_2_text_color=&#8221;#FFFFFF&#8221; header_2_font_size=&#8221;3.5em&#8221; custom_margin=&#8221;2em||21px||false|false&#8221; animation_style=&#8221;fade&#8221; header_2_font_size_tablet=&#8221;2.5em&#8221; header_2_font_size_phone=&#8221;2.1em&#8221; header_2_font_size_last_edited=&#8221;on|phone&#8221; global_colors_info=&#8221;{}&#8221;]<\/p>\n<h1>Simplicity collection &#8211; samarbetet<\/h1>\n<p>[\/et_pb_text][et_pb_text _builder_version=&#8221;4.16&#8243; _module_preset=&#8221;default&#8221; text_text_color=&#8221;#FFFFFF&#8221; width=&#8221;100%&#8221; custom_margin=&#8221;-14px|||||&#8221; global_colors_info=&#8221;{}&#8221;]<\/p>\n<p><span style=\"color: #1c1c1c;\">Viking Beds har i drygt 20 \u00e5r utvecklats till ett av Sveriges ledande s\u00e4ngvarum\u00e4rken med en lokal produktion i det lilla samh\u00e4llet Eken\u00e4ssj\u00f6n, mitt i det sm\u00e5l\u00e4ndska M\u00f6belriket. Med fokus p\u00e5 kvalitet, h\u00e5llbarhet och en prislapp som g\u00f6r s\u00e4ngarna tillg\u00e4ngliga f\u00f6r m\u00e5nga p\u00e5 marknaden \u00e4r Viking Beds synonymt med genuint hantverk och produktion, ofta i egen regi alternativt i n\u00e4romr\u00e5det. Ergonomiska och bekv\u00e4ma s\u00e4ngar har blivit f\u00f6retagets signum, d\u00e4r varje detalj speglar deras passion f\u00f6r det svenska m\u00f6belarvet.<\/span><\/p>\n<p><span style=\"color: #1c1c1c;\">En ambition hos Viking Beds \u00e4r att nu h\u00f6ja designgraden p\u00e5 varum\u00e4rket och s\u00e4ngarna f\u00f6retaget producerar, samt att bredda utbudet av m\u00f6bler till sovrummet. Visionen \u00e4r att ge kunderna m\u00f6jligheten att f\u00e5 hela sovrummet inrett, utan att beh\u00f6va pussla ihop alltsammans p\u00e5 egen hand, och spendera lediga helger i m\u00f6bel- och inredningsbutiker.<\/span><\/p>\n<p><span style=\"color: #1c1c1c;\"><em>&#8220;Tillsammans med Pella f\u00f6renklar vi f\u00f6r konsumenten att skapa ett komplett och matchande sovrum, med viktiga komponenter som m\u00f6beltyg, huvudgavel, b\u00e4ddlinne och \u00f6verkast. Genom konceptet kan b\u00e5de \u00e5terf\u00f6rs\u00e4ljare och kunder enkelt skapa ett stilrent, skandinaviskt sovrum designat av en av Sveriges fr\u00e4msta inredare, utan att kompromissa med kvaliteten p\u00e5 s\u00f6mnen&#8221;, <\/em>s\u00e4ger Anders Lindholm, f\u00f6rs\u00e4ljningschef p\u00e5 Viking Beds.<\/span><\/p>\n<p><span style=\"color: #1c1c1c;\">Pella Hedebys inredningsstil och design talar f\u00f6r sig sj\u00e4lvt, och hon \u00e4r idag sj\u00e4lvklar som en av Sveriges fr\u00e4msta inom sitt i omr\u00e5de.<\/span><\/p>\n<p><span style=\"color: #1c1c1c;\"><em style=\"font-size: 16px;\">&#8220;Jag vill skapa ett sovrum d\u00e4r mjuka texturer och l\u00e5ga proportioner ger rummet en lugn och harmonisk k\u00e4nsla \u2013 en plats d\u00e4r dagen kan b\u00f6rja och sluta i stillhet&#8221;<\/em><span style=\"font-size: 16px;\">, ber\u00e4ttar Pella Hedeby, inredare och designer<\/span><em style=\"font-size: 16px;\">.<\/em><\/span><\/p>\n<p><span style=\"color: #1c1c1c;\">Viking Beds kommer att f\u00f6rverkliga Pella Hedebys vision genom att producera s\u00e4ngar, s\u00e4ngben, huvudgavlar och andra tillbeh\u00f6r som genomsyras av hennes design. F\u00f6rutom att lyfta design och estetik \u00e4r detta projekt en m\u00f6jlighet f\u00f6r Viking Beds att driva utvecklingen mot \u00e4nnu mer h\u00e5llbara m\u00f6bler och utforska innovativa materialval som kan s\u00e4tta en ny standard inom s\u00e4ngbranschen.<\/span><\/p>\n<p><span style=\"color: #1c1c1c;\"><\/span><\/p>\n<p><span style=\"color: #1c1c1c;\">Se <em>Simplicity konceptet<\/em> och produkterna i utst\u00e4llningen hos v\u00e5ra \u00e5terf\u00f6rs\u00e4ljare:<\/span><\/p>\n<p><span style=\"color: #1c1c1c; font-size: 16px;\"><\/span><\/p>\n<p><span style=\"color: #1c1c1c;\"><span style=\"font-size: 16px;\">Care of Beds <\/span><span style=\"font-size: 16px;\">Barkarby<br \/>Care of Beds V\u00e4ster\u00e5s<br \/>Care of Beds Norrk\u00f6ping<br \/>Care of Beds Kungens Kurva<\/span><\/span><\/p>\n<p><span style=\"color: #1c1c1c;\"><span style=\"font-size: 16px;\">SOVA M\u00f6lndal<br \/><\/span><span style=\"font-size: 16px;\">SOVA Bor\u00e5s<br \/><\/span><span style=\"font-size: 16px;\">SOVA B<\/span><span style=\"font-size: 16px;\">arkarby<br \/><\/span><span style=\"font-size: 16px;\">SOVA Arninge<br \/>SOVA Kungens kurva<br \/>SOVA Malm\u00f6 Sv\u00e5gertorp<\/span><\/span><\/p>\n<p><span style=\"color: #1c1c1c;\">Se \u00e4ven https:\/\/www.sova.se\/search?q=simplicity&amp;lang=sv_SE<span style=\"font-size: 16px;\"><\/span><\/span><\/p>\n<p><span style=\"color: #1c1c1c; font-size: 16px;\"><\/span><\/p>\n<p><span style=\"color: #1c1c1c; font-size: 16px;\"><\/span><\/p>\n<p><span style=\"color: #1c1c1c; font-size: 16px;\"><\/span><\/p>\n<p><span style=\"color: #1c1c1c; font-size: 16px;\">Fler butiker \u00e4r under uppbyggnad.<\/span><\/p>\n<p><span style=\"color: #1c1c1c; font-size: 16px;\"><\/span><\/p>\n<p><span style=\"color: #1c1c1c; font-size: 16px;\"><\/span><\/p>\n<p><span style=\"color: #1c1c1c; font-size: 16px;\"><\/span><\/p>\n<p><span style=\"color: #1c1c1c; font-size: 16px;\"><\/span><\/p>\n<p><span style=\"color: #1c1c1c; font-size: 16px;\"><\/span><\/p>\n<p><span style=\"color: #1c1c1c;\">P\u00e5 bilden syns f\u00f6ljande produkter: 2st Birka Ram 80&#215;200 cm i Linen, b\u00e4ddmadrass Talalay 160&#215;200 cm, Simplicity s\u00e4nggavel 240&#215;85 cm i Linen, \u00d6verkast 250&#215;135 cm i Dune och Simplicity s\u00e4ngben 80&#215;6 cm.<\/span><\/p>\n<p class=\"p1\"><strong><span style=\"color: #ffffff;\"><span class=\"s1\" style=\"color: #ffffff;\"><\/span><\/span><\/strong><\/p>\n<p>[\/et_pb_text][\/et_pb_column][et_pb_column type=&#8221;1_2&#8243; module_class=&#8221;et-zoom-in&#8221; _builder_version=&#8221;4.25.0&#8243; background_image=&#8221;https:\/\/vikingbeds.se\/wp-content\/uploads\/2022\/05\/Simplicity_viking_beds_0727-scaled.jpg&#8221; background_repeat=&#8221;repeat&#8221; custom_padding=&#8221;|||&#8221; global_colors_info=&#8221;{}&#8221; custom_padding__hover=&#8221;|||&#8221;][et_pb_divider show_divider=&#8221;off&#8221; _builder_version=&#8221;4.16&#8243; height=&#8221;400px&#8221; locked=&#8221;off&#8221; global_colors_info=&#8221;{}&#8221;][\/et_pb_divider][\/et_pb_column][\/et_pb_row][et_pb_row column_structure=&#8221;1_2,1_2&#8243; use_custom_gutter=&#8221;on&#8221; gutter_width=&#8221;0&#8243; make_equal=&#8221;on&#8221; admin_label=&#8221;Workshops and Events Area&#8221; module_class=&#8221; et_pb_row_fullwidth&#8221; _builder_version=&#8221;4.25.0&#8243; width=&#8221;100%&#8221; width_tablet=&#8221;100%&#8221; width_phone=&#8221;&#8221; width_last_edited=&#8221;on|desktop&#8221; max_width=&#8221;100%&#8221; max_width_tablet=&#8221;100%&#8221; max_width_phone=&#8221;&#8221; max_width_last_edited=&#8221;on|desktop&#8221; min_height=&#8221;1032px&#8221; custom_margin=&#8221;-11px|auto||auto||&#8221; custom_padding=&#8221;0px||3px|||&#8221; border_color_bottom=&#8221;#FFFFFF&#8221; make_fullwidth=&#8221;on&#8221; global_colors_info=&#8221;{}&#8221;][et_pb_column type=&#8221;1_2&#8243; module_class=&#8221;et-zoom-in&#8221; _builder_version=&#8221;4.25.0&#8243; background_image=&#8221;https:\/\/vikingbeds.se\/wp-content\/uploads\/2022\/05\/Simplicity_viking_beds_0726-scaled.jpg&#8221; background_repeat=&#8221;repeat&#8221; custom_padding=&#8221;|||&#8221; global_colors_info=&#8221;{}&#8221; custom_padding__hover=&#8221;|||&#8221;][et_pb_divider show_divider=&#8221;off&#8221; _builder_version=&#8221;4.16&#8243; height=&#8221;400px&#8221; locked=&#8221;off&#8221; global_colors_info=&#8221;{}&#8221;][\/et_pb_divider][\/et_pb_column][et_pb_column type=&#8221;1_2&#8243; _builder_version=&#8221;4.25.0&#8243; background_color=&#8221;#FFFFFF&#8221; custom_padding=&#8221;10%|5%|10%|5%&#8221; global_colors_info=&#8221;{}&#8221; custom_padding__hover=&#8221;|||&#8221;][et_pb_text _builder_version=&#8221;4.25.0&#8243; _module_preset=&#8221;default&#8221; header_font=&#8221;Cormorant||||||||&#8221; header_text_color=&#8221;#000000&#8243; header_font_size=&#8221;38px&#8221; header_2_font=&#8221;|700||on|||||&#8221; header_2_text_align=&#8221;left&#8221; header_2_text_color=&#8221;#FFFFFF&#8221; header_2_font_size=&#8221;3.5em&#8221; custom_margin=&#8221;2em||21px||false|false&#8221; animation_style=&#8221;fade&#8221; header_2_font_size_tablet=&#8221;2.5em&#8221; header_2_font_size_phone=&#8221;2.1em&#8221; header_2_font_size_last_edited=&#8221;on|phone&#8221; global_colors_info=&#8221;{}&#8221;]<\/p>\n<h1>Simplicity s\u00e4ngben<\/h1>\n<p>[\/et_pb_text][et_pb_text _builder_version=&#8221;4.25.0&#8243; _module_preset=&#8221;default&#8221; text_text_color=&#8221;#000000&#8243; min_height=&#8221;189.8px&#8221; custom_margin=&#8221;-14px|||||&#8221; global_colors_info=&#8221;{}&#8221;]<\/p>\n<p>Simplicity s\u00e4ngben ger s\u00e4ngen en sv\u00e4vande k\u00e4nsla. Dessa s\u00e4ngben \u00e4r svarta och 6 cm h\u00f6ga, vilket g\u00f6r att s\u00e4ngen ser l\u00e4ttare ut och skapar ett elegant intryck. S\u00e4ngbenen monteras p\u00e5 ett stag p\u00e5 undersidan av s\u00e4ngramen, vilket g\u00f6r installationen enkel och stabil. De \u00e4r kompatibla med s\u00e4ngramar som har en bredd p\u00e5 80, 90 eller 105 cm, vilket g\u00f6r dem m\u00e5ngsidiga och l\u00e4mpliga f\u00f6r olika s\u00e4ngstorlekar.\u00a0<\/p>\n<p>L\u00e4s mer p\u00e5 SORTIMENT &gt; TILLBEH\u00d6R &gt; S\u00c4NGBEN\u00a0<\/p>\n<p>&nbsp;<\/p>\n<p>[\/et_pb_text][et_pb_image src=&#8221;https:\/\/vikingbeds.se\/wp-content\/uploads\/2024\/12\/VIKING-BEDS-SIMPLICITY-SANGBEN-2-WEB-300&#215;300.jpg&#8221; title_text=&#8221;VIKING BEDS SIMPLICITY S\u00c4NGBEN 2-WEB&#8221; _builder_version=&#8221;4.25.0&#8243; _module_preset=&#8221;default&#8221; global_colors_info=&#8221;{}&#8221;][\/et_pb_image][\/et_pb_column][\/et_pb_row][et_pb_row column_structure=&#8221;1_2,1_2&#8243; use_custom_gutter=&#8221;on&#8221; gutter_width=&#8221;0&#8243; make_equal=&#8221;on&#8221; admin_label=&#8221;Workshops and Events Area&#8221; module_class=&#8221; et_pb_row_fullwidth&#8221; _builder_version=&#8221;4.25.0&#8243; width=&#8221;100%&#8221; width_tablet=&#8221;100%&#8221; width_phone=&#8221;&#8221; width_last_edited=&#8221;on|desktop&#8221; max_width=&#8221;100%&#8221; max_width_tablet=&#8221;100%&#8221; max_width_phone=&#8221;&#8221; max_width_last_edited=&#8221;on|desktop&#8221; min_height=&#8221;1315.1px&#8221; custom_margin=&#8221;-11px|auto||auto||&#8221; custom_padding=&#8221;0px||0px|||&#8221; border_color_bottom=&#8221;#FFFFFF&#8221; make_fullwidth=&#8221;on&#8221; global_colors_info=&#8221;{}&#8221;][et_pb_column type=&#8221;1_2&#8243; _builder_version=&#8221;4.25.0&#8243; background_color=&#8221;#FFFFFF&#8221; custom_padding=&#8221;10%|5%|10%|5%&#8221; global_colors_info=&#8221;{}&#8221; custom_padding__hover=&#8221;|||&#8221;][et_pb_text _builder_version=&#8221;4.25.0&#8243; _module_preset=&#8221;default&#8221; header_font=&#8221;Cormorant||||||||&#8221; header_text_color=&#8221;#000000&#8243; header_font_size=&#8221;38px&#8221; header_2_font=&#8221;|700||on|||||&#8221; header_2_text_align=&#8221;left&#8221; header_2_text_color=&#8221;#FFFFFF&#8221; header_2_font_size=&#8221;3.5em&#8221; custom_margin=&#8221;2em||21px||false|false&#8221; animation_style=&#8221;fade&#8221; header_2_font_size_tablet=&#8221;2.5em&#8221; header_2_font_size_phone=&#8221;2.1em&#8221; header_2_font_size_last_edited=&#8221;on|phone&#8221; global_colors_info=&#8221;{}&#8221;]<\/p>\n<h1>Simplicity s\u00e4nggavel<\/h1>\n<p>[\/et_pb_text][et_pb_text _builder_version=&#8221;4.25.0&#8243; _module_preset=&#8221;default&#8221; text_text_color=&#8221;#000000&#8243; custom_margin=&#8221;-14px|||||&#8221; global_colors_info=&#8221;{}&#8221;]<\/p>\n<p>S<span style=\"color: #000000;\">\u00e4nggaveln har en modern och stilren skandinavisk design som utstr\u00e5lar tidl\u00f6s elegans. Den \u00e4r utrustad med en diskret men vacker s\u00f6m l\u00e4ngs med kanten och i mitten finns en extra detalj i form av en dekorativ dubbelstickning, vilket harmonierar med s\u00e4ngens s\u00f6mnad.\u00a0<\/span><\/p>\n<p><span style=\"color: #000000;\">S\u00e4nggaveln \u00e4r handgjord och, precis som s\u00e4ngarna fr\u00e5n Viking Beds, kl\u00e4dd i slitstark m\u00f6beltextil av h\u00f6gsta kvalitet. S\u00e4nggaveln placeras p\u00e5 de medf\u00f6ljande m\u00f6beltassarna eller p\u00e5 justerbara gavelbenen (h\u00f6jderna 6, 12 eller 18 cm). <\/span><\/p>\n<p>Vid fl\u00e4ckar rekommenderas skumtv\u00e4tt f\u00f6r att bevara textilens kvalitet och utseende \u00f6ver tid.<\/p>\n<p>L\u00e4s mer p\u00e5 SORTIMENT &gt; TILLBEH\u00d6R &gt; S\u00c4NGGAVLAR<\/p>\n<p class=\"p1\"><strong><span style=\"color: #ffffff;\"><span class=\"s1\" style=\"color: #ffffff;\"><\/span><\/span><\/strong><\/p>\n<p>[\/et_pb_text][et_pb_image src=&#8221;https:\/\/vikingbeds.se\/wp-content\/uploads\/2024\/12\/VIKING-BEDS-SANGGAVEL-SIMPLICITY-240-GAVEL.jpg&#8221; title_text=&#8221;VIKING BEDS S\u00c4NGGAVEL SIMPLICITY 240 GAVEL&#8221; _builder_version=&#8221;4.25.0&#8243; _module_preset=&#8221;default&#8221; global_colors_info=&#8221;{}&#8221;][\/et_pb_image][\/et_pb_column][et_pb_column type=&#8221;1_2&#8243; module_class=&#8221;et-zoom-in&#8221; _builder_version=&#8221;4.25.0&#8243; background_image=&#8221;https:\/\/vikingbeds.se\/wp-content\/uploads\/2022\/05\/Simplicity_viking_beds_0736-scaled.jpg&#8221; background_repeat=&#8221;repeat&#8221; custom_padding=&#8221;|||&#8221; global_colors_info=&#8221;{}&#8221; custom_padding__hover=&#8221;|||&#8221;][et_pb_divider show_divider=&#8221;off&#8221; _builder_version=&#8221;4.16&#8243; height=&#8221;400px&#8221; locked=&#8221;off&#8221; global_colors_info=&#8221;{}&#8221;][\/et_pb_divider][\/et_pb_column][\/et_pb_row][\/et_pb_section]<\/p>\n","protected":false},"excerpt":{"rendered":"<p>Viking Beds x Pella Hedeby Simplicity collection &nbsp; &nbsp;Vi presenterar stolt v\u00e5rt nya konceptsortiment Simplicity \u2013 ett designsamarbete med inredaren och designern Pella Hedeby. Tillsammans har vi skapat en unik kollektion f\u00f6r alla som dr\u00f6mmer om ett sovrum som kombinerar skandinavisk design med h\u00f6ga krav p\u00e5 h\u00e5llbarhet. Ett genomt\u00e4nkt helhetskoncept som g\u00f6r det enkelt att [&hellip;]<\/p>\n","protected":false},"author":2,"featured_media":0,"parent":0,"menu_order":0,"comment_status":"closed","ping_status":"closed","template":"","meta":{"_et_pb_use_builder":"on","_et_pb_old_content":"","_et_gb_content_width":"","footnotes":""},"class_list":["post-4834","page","type-page","status-publish","hentry"],"yoast_head":"<!-- This site is optimized with the Yoast SEO plugin v27.3 - https:\/\/yoast.com\/product\/yoast-seo-wordpress\/ -->\n<title>Simplicity - Vikingbeds.se<\/title>\n<meta name=\"robots\" content=\"index, follow, max-snippet:-1, max-image-preview:large, max-video-preview:-1\" \/>\n<link rel=\"canonical\" href=\"https:\/\/vikingbeds.se\/en\/simplicity\/\" \/>\n<meta property=\"og:locale\" content=\"en_GB\" \/>\n<meta property=\"og:type\" content=\"article\" \/>\n<meta property=\"og:title\" content=\"Simplicity - Vikingbeds.se\" \/>\n<meta property=\"og:description\" content=\"Viking Beds x Pella Hedeby Simplicity collection &nbsp; &nbsp;Vi presenterar stolt v\u00e5rt nya konceptsortiment Simplicity \u2013 ett designsamarbete med inredaren och designern Pella Hedeby. Tillsammans har vi skapat en unik kollektion f\u00f6r alla som dr\u00f6mmer om ett sovrum som kombinerar skandinavisk design med h\u00f6ga krav p\u00e5 h\u00e5llbarhet. Ett genomt\u00e4nkt helhetskoncept som g\u00f6r det enkelt att [&hellip;]\" \/>\n<meta property=\"og:url\" content=\"https:\/\/vikingbeds.se\/en\/simplicity\/\" \/>\n<meta property=\"og:site_name\" content=\"Vikingbeds.se\" \/>\n<meta property=\"article:modified_time\" content=\"2025-09-01T12:56:58+00:00\" \/>\n<meta name=\"twitter:card\" content=\"summary_large_image\" \/>\n<meta name=\"twitter:label1\" content=\"Estimated reading time\" \/>\n\t<meta name=\"twitter:data1\" content=\"1 minute\" \/>\n<script type=\"application\/ld+json\" class=\"yoast-schema-graph\">{\"@context\":\"https:\\\/\\\/schema.org\",\"@graph\":[{\"@type\":\"WebPage\",\"@id\":\"https:\\\/\\\/vikingbeds.se\\\/simplicity\\\/\",\"url\":\"https:\\\/\\\/vikingbeds.se\\\/simplicity\\\/\",\"name\":\"Simplicity - Vikingbeds.se\",\"isPartOf\":{\"@id\":\"https:\\\/\\\/vikingbeds.se\\\/#website\"},\"datePublished\":\"2024-12-18T08:26:32+00:00\",\"dateModified\":\"2025-09-01T12:56:58+00:00\",\"breadcrumb\":{\"@id\":\"https:\\\/\\\/vikingbeds.se\\\/simplicity\\\/#breadcrumb\"},\"inLanguage\":\"en-GB\",\"potentialAction\":[{\"@type\":\"ReadAction\",\"target\":[\"https:\\\/\\\/vikingbeds.se\\\/simplicity\\\/\"]}]},{\"@type\":\"BreadcrumbList\",\"@id\":\"https:\\\/\\\/vikingbeds.se\\\/simplicity\\\/#breadcrumb\",\"itemListElement\":[{\"@type\":\"ListItem\",\"position\":1,\"name\":\"Hem\",\"item\":\"https:\\\/\\\/vikingbeds.se\\\/\"},{\"@type\":\"ListItem\",\"position\":2,\"name\":\"Simplicity\"}]},{\"@type\":\"WebSite\",\"@id\":\"https:\\\/\\\/vikingbeds.se\\\/#website\",\"url\":\"https:\\\/\\\/vikingbeds.se\\\/\",\"name\":\"Vikingbeds.se\",\"description\":\"\",\"potentialAction\":[{\"@type\":\"SearchAction\",\"target\":{\"@type\":\"EntryPoint\",\"urlTemplate\":\"https:\\\/\\\/vikingbeds.se\\\/?s={search_term_string}\"},\"query-input\":{\"@type\":\"PropertyValueSpecification\",\"valueRequired\":true,\"valueName\":\"search_term_string\"}}],\"inLanguage\":\"en-GB\"}]}<\/script>\n<!-- \/ Yoast SEO plugin. -->","yoast_head_json":{"title":"Simplicity - Vikingbeds.se","robots":{"index":"index","follow":"follow","max-snippet":"max-snippet:-1","max-image-preview":"max-image-preview:large","max-video-preview":"max-video-preview:-1"},"canonical":"https:\/\/vikingbeds.se\/en\/simplicity\/","og_locale":"en_GB","og_type":"article","og_title":"Simplicity - Vikingbeds.se","og_description":"Viking Beds x Pella Hedeby Simplicity collection &nbsp; &nbsp;Vi presenterar stolt v\u00e5rt nya konceptsortiment Simplicity \u2013 ett designsamarbete med inredaren och designern Pella Hedeby. Tillsammans har vi skapat en unik kollektion f\u00f6r alla som dr\u00f6mmer om ett sovrum som kombinerar skandinavisk design med h\u00f6ga krav p\u00e5 h\u00e5llbarhet. Ett genomt\u00e4nkt helhetskoncept som g\u00f6r det enkelt att [&hellip;]","og_url":"https:\/\/vikingbeds.se\/en\/simplicity\/","og_site_name":"Vikingbeds.se","article_modified_time":"2025-09-01T12:56:58+00:00","twitter_card":"summary_large_image","twitter_misc":{"Estimated reading time":"1 minute"},"schema":{"@context":"https:\/\/schema.org","@graph":[{"@type":"WebPage","@id":"https:\/\/vikingbeds.se\/simplicity\/","url":"https:\/\/vikingbeds.se\/simplicity\/","name":"Simplicity - Vikingbeds.se","isPartOf":{"@id":"https:\/\/vikingbeds.se\/#website"},"datePublished":"2024-12-18T08:26:32+00:00","dateModified":"2025-09-01T12:56:58+00:00","breadcrumb":{"@id":"https:\/\/vikingbeds.se\/simplicity\/#breadcrumb"},"inLanguage":"en-GB","potentialAction":[{"@type":"ReadAction","target":["https:\/\/vikingbeds.se\/simplicity\/"]}]},{"@type":"BreadcrumbList","@id":"https:\/\/vikingbeds.se\/simplicity\/#breadcrumb","itemListElement":[{"@type":"ListItem","position":1,"name":"Hem","item":"https:\/\/vikingbeds.se\/"},{"@type":"ListItem","position":2,"name":"Simplicity"}]},{"@type":"WebSite","@id":"https:\/\/vikingbeds.se\/#website","url":"https:\/\/vikingbeds.se\/","name":"Vikingbeds.se","description":"","potentialAction":[{"@type":"SearchAction","target":{"@type":"EntryPoint","urlTemplate":"https:\/\/vikingbeds.se\/?s={search_term_string}"},"query-input":{"@type":"PropertyValueSpecification","valueRequired":true,"valueName":"search_term_string"}}],"inLanguage":"en-GB"}]}},"_links":{"self":[{"href":"https:\/\/vikingbeds.se\/en\/wp-json\/wp\/v2\/pages\/4834","targetHints":{"allow":["GET"]}}],"collection":[{"href":"https:\/\/vikingbeds.se\/en\/wp-json\/wp\/v2\/pages"}],"about":[{"href":"https:\/\/vikingbeds.se\/en\/wp-json\/wp\/v2\/types\/page"}],"author":[{"embeddable":true,"href":"https:\/\/vikingbeds.se\/en\/wp-json\/wp\/v2\/users\/2"}],"replies":[{"embeddable":true,"href":"https:\/\/vikingbeds.se\/en\/wp-json\/wp\/v2\/comments?post=4834"}],"version-history":[{"count":0,"href":"https:\/\/vikingbeds.se\/en\/wp-json\/wp\/v2\/pages\/4834\/revisions"}],"wp:attachment":[{"href":"https:\/\/vikingbeds.se\/en\/wp-json\/wp\/v2\/media?parent=4834"}],"curies":[{"name":"wp","href":"https:\/\/api.w.org\/{rel}","templated":true}]}}