{"id":3836,"date":"2022-09-13T11:38:37","date_gmt":"2022-09-13T09:38:37","guid":{"rendered":"https:\/\/vikingbeds.se\/?page_id=3836"},"modified":"2024-12-18T11:57:51","modified_gmt":"2024-12-18T10:57:51","slug":"hotel-collaborations","status":"publish","type":"page","link":"https:\/\/vikingbeds.se\/en\/hotellsamarbeten\/","title":{"rendered":"Hotel collaborations"},"content":{"rendered":"<p>[et_pb_section fb_built=&#8221;1&#8243; admin_label=&#8221;Hero&#8221; module_class=&#8221;bg-overlay&#8221; _builder_version=&#8221;4.24.1&#8243; _module_preset=&#8221;default&#8221; background_color=&#8221;rgba(0,0,0,0.43)&#8221; background_image=&#8221;https:\/\/vikingbeds.se\/wp-content\/uploads\/2024\/04\/boka-hotellrum-sjoparken.webp&#8221; parallax=&#8221;on&#8221; parallax_method=&#8221;off&#8221; height=&#8221;800px&#8221; height_tablet=&#8221;800px&#8221; height_phone=&#8221;650px&#8221; height_last_edited=&#8221;on|phone&#8221; global_colors_info=&#8221;{}&#8221;][et_pb_row admin_label=&#8221;Rubrik &#8211; header&#8221; _builder_version=&#8221;4.17.3&#8243; _module_preset=&#8221;default&#8221; custom_margin=&#8221;20em|auto||auto|false|false&#8221; custom_margin_tablet=&#8221;20em|auto||auto|false|false&#8221; custom_margin_phone=&#8221;16em|auto||auto|false|false&#8221; custom_margin_last_edited=&#8221;on|phone&#8221; global_colors_info=&#8221;{}&#8221;][et_pb_column type=&#8221;4_4&#8243; _builder_version=&#8221;4.16&#8243; _module_preset=&#8221;default&#8221; global_colors_info=&#8221;{}&#8221;][et_pb_text admin_label=&#8221;Rubrik&#8221; _builder_version=&#8221;4.24.1&#8243; _module_preset=&#8221;default&#8221; header_font=&#8221;Cormorant|600|||||||&#8221; header_text_align=&#8221;center&#8221; header_text_color=&#8221;#FFFFFF&#8221; header_font_size=&#8221;6em&#8221; custom_padding=&#8221;||4px|||&#8221; header_font_size_tablet=&#8221;3em&#8221; header_font_size_phone=&#8221;2em&#8221; header_font_size_last_edited=&#8221;on|phone&#8221; global_colors_info=&#8221;{}&#8221;]<\/p>\n<h1>Hotellsamarbeten<\/h1>\n<p>[\/et_pb_text][\/et_pb_column][\/et_pb_row][\/et_pb_section][et_pb_section fb_built=&#8221;1&#8243; disabled_on=&#8221;off|off|off&#8221; admin_label=&#8221;Sektion&#8221; _builder_version=&#8221;4.25.0&#8243; _module_preset=&#8221;default&#8221; background_color=&#8221;#ccc7bd&#8221; background_enable_image=&#8221;off&#8221; min_height=&#8221;474px&#8221; custom_margin=&#8221;||||false|false&#8221; custom_padding=&#8221;18px||25px||false|false&#8221; hover_enabled=&#8221;0&#8243; global_colors_info=&#8221;{}&#8221; sticky_enabled=&#8221;0&#8243;][et_pb_row _builder_version=&#8221;4.16&#8243; _module_preset=&#8221;default&#8221; global_colors_info=&#8221;{}&#8221; min_height=&#8221;182px&#8221; custom_margin=&#8221;78px|auto||auto||&#8221; custom_padding=&#8221;13px|||||&#8221;][et_pb_column type=&#8221;4_4&#8243; _builder_version=&#8221;4.16&#8243; _module_preset=&#8221;default&#8221; global_colors_info=&#8221;{}&#8221;][et_pb_text _builder_version=&#8221;4.18.0&#8243; _module_preset=&#8221;default&#8221; text_text_color=&#8221;#FFFFFF&#8221; link_text_color=&#8221;#FFFFFF&#8221; text_orientation=&#8221;center&#8221; global_colors_info=&#8221;{}&#8221;]<\/p>\n<p>En \u00f6vernattning p\u00e5 annan plats \u00e4n hemma i sin egen s\u00e4ng, \u00e4r s\u00e4llan lika vilsam som man f\u00f6rest\u00e4llt sig. Men vi v\u00e5gar lova att i v\u00e5ra s\u00e4ngar kommer era g\u00e4ster att f\u00e5 den \u00e5terh\u00e4mtning de beh\u00f6ver inf\u00f6r en ny dag.<\/p>\n<p>Vi erbjuder dig som driver hotell, bed and breakfast, pensionat, vandrarhem, stugby eller kanske en konferensanl\u00e4ggning, v\u00e5ra n\u00e4rproducerade s\u00e4ngar av h\u00f6gsta kvalitet. I v\u00e5r egen fabrik p\u00e5 sm\u00e5l\u00e4ndska H\u00f6glandet producerar vi s\u00e4rskilt h\u00e5llbara s\u00e4ngar f\u00f6r just din verksamhet, givetvis efter dina \u00f6nskem\u00e5l.<\/p>\n<p><a href=\"mailto:cecilia.gronskog@kungsangen.com?subject=Nytt%20samarbete?\"><\/a><\/p>\n<p>[\/et_pb_text][\/et_pb_column][\/et_pb_row][\/et_pb_section][et_pb_section fb_built=&#8221;1&#8243; _builder_version=&#8221;4.16&#8243; _module_preset=&#8221;default&#8221; min_height=&#8221;706.4px&#8221; custom_padding=&#8221;0px||2px|||&#8221; global_colors_info=&#8221;{}&#8221;][et_pb_row column_structure=&#8221;1_2,1_2&#8243; use_custom_gutter=&#8221;on&#8221; gutter_width=&#8221;0&#8243; make_equal=&#8221;on&#8221; admin_label=&#8221;Workshops and Events Area&#8221; module_class=&#8221; et_pb_row_fullwidth&#8221; _builder_version=&#8221;4.25.0&#8243; width=&#8221;100%&#8221; width_tablet=&#8221;100%&#8221; width_phone=&#8221;&#8221; width_last_edited=&#8221;on|desktop&#8221; max_width=&#8221;100%&#8221; max_width_tablet=&#8221;100%&#8221; max_width_phone=&#8221;&#8221; max_width_last_edited=&#8221;on|desktop&#8221; min_height=&#8221;623.4px&#8221; custom_margin=&#8221;-131px|auto||auto||&#8221; custom_padding=&#8221;2px||0px|||&#8221; hover_enabled=&#8221;0&#8243; border_color_bottom=&#8221;#FFFFFF&#8221; make_fullwidth=&#8221;on&#8221; global_colors_info=&#8221;{}&#8221; sticky_enabled=&#8221;0&#8243;][et_pb_column type=&#8221;1_2&#8243; _builder_version=&#8221;4.25.0&#8243; background_color=&#8221;#FFFFFF&#8221; custom_padding=&#8221;10%|5%|10%|5%&#8221; hover_enabled=&#8221;0&#8243; global_colors_info=&#8221;{}&#8221; custom_padding__hover=&#8221;|||&#8221; sticky_enabled=&#8221;0&#8243;][et_pb_text _builder_version=&#8221;4.25.0&#8243; _module_preset=&#8221;default&#8221; header_text_color=&#8221;#FFFFFF&#8221; header_2_font=&#8221;|700||on|||||&#8221; header_2_text_align=&#8221;left&#8221; header_2_text_color=&#8221;#FFFFFF&#8221; header_2_font_size=&#8221;3.5em&#8221; custom_margin=&#8221;2em||21px||false|false&#8221; animation_style=&#8221;fade&#8221; hover_enabled=&#8221;0&#8243; header_2_font_size_tablet=&#8221;2.5em&#8221; header_2_font_size_phone=&#8221;2.1em&#8221; header_2_font_size_last_edited=&#8221;on|phone&#8221; global_colors_info=&#8221;{}&#8221; header_font=&#8221;Cormorant||||||||&#8221; header_font_size=&#8221;38px&#8221; sticky_enabled=&#8221;0&#8243;]<\/p>\n<h1><span style=\"color: #000000;\">Offert<\/span><\/h1>\n<p>[\/et_pb_text][et_pb_text _builder_version=&#8221;4.18.0&#8243; _module_preset=&#8221;default&#8221; text_text_color=&#8221;#FFFFFF&#8221; min_height=&#8221;164.2px&#8221; custom_margin=&#8221;-14px|||||&#8221; global_colors_info=&#8221;{}&#8221;]<\/p>\n<p><span style=\"color: #000000;\">Som starten p\u00e5 ett eventuellt samarbete skickar vi g\u00e4rna en offert. Efter det pratar vi mer och hittar den l\u00f6sning som passar just din verksamhet!<\/span><\/p>\n<p class=\"p1\"><span style=\"color: #000000;\">Maila oss p\u00e5<strong> <a href=\"mailto:marknad@vikingbeds.se\" target=\"_blank\" rel=\"noopener\" style=\"color: #000000;\">marknad@vikingbeds.se<\/a><\/strong><\/span><\/p>\n<p class=\"p1\"><span style=\"color: #000000;\"><strong><\/strong><\/span><\/p>\n<p class=\"p1\"><span style=\"color: #000000;\"><strong><\/strong><\/span><\/p>\n<p class=\"p1\"><span style=\"color: #000000;\"><strong><\/strong><\/span><\/p>\n<p class=\"p1\"><span style=\"color: #000000;\"><strong><\/strong><\/span><\/p>\n<p class=\"p1\"><span style=\"color: #000000;\"><strong><\/strong><\/span><\/p>\n<p class=\"p1\"><span style=\"color: #000000;\">Bilden \u00e4r fr\u00e5n \u00c4stad Ving\u00e5rd i Sverige.<\/span><strong><span style=\"color: #ffffff;\"><\/span><\/strong><\/p>\n<p class=\"p1\"><strong><span style=\"color: #ffffff;\"><\/span><\/strong><\/p>\n<p>[\/et_pb_text][\/et_pb_column][et_pb_column type=&#8221;1_2&#8243; module_class=&#8221;et-zoom-in&#8221; _builder_version=&#8221;4.24.1&#8243; background_image=&#8221;https:\/\/vikingbeds.se\/wp-content\/uploads\/2024\/04\/boka-hotellrum-sjoparken.webp&#8221; background_repeat=&#8221;repeat&#8221; custom_padding=&#8221;|||&#8221; global_colors_info=&#8221;{}&#8221; custom_padding__hover=&#8221;|||&#8221;][et_pb_divider show_divider=&#8221;off&#8221; _builder_version=&#8221;4.16&#8243; height=&#8221;400px&#8221; locked=&#8221;off&#8221; global_colors_info=&#8221;{}&#8221;][\/et_pb_divider][\/et_pb_column][\/et_pb_row][\/et_pb_section]<\/p>\n","protected":false},"excerpt":{"rendered":"<p>HotellsamarbetenEn \u00f6vernattning p\u00e5 annan plats \u00e4n hemma i sin egen s\u00e4ng, \u00e4r s\u00e4llan lika vilsam som man f\u00f6rest\u00e4llt sig. Men vi v\u00e5gar lova att i v\u00e5ra s\u00e4ngar kommer era g\u00e4ster att f\u00e5 den \u00e5terh\u00e4mtning de beh\u00f6ver inf\u00f6r en ny dag. Vi erbjuder dig som driver hotell, bed and breakfast, pensionat, vandrarhem, stugby eller kanske en [&hellip;]<\/p>\n","protected":false},"author":2,"featured_media":0,"parent":0,"menu_order":0,"comment_status":"closed","ping_status":"closed","template":"","meta":{"_et_pb_use_builder":"on","_et_pb_old_content":"","_et_gb_content_width":"","footnotes":""},"class_list":["post-3836","page","type-page","status-publish","hentry"],"yoast_head":"<!-- This site is optimized with the Yoast SEO plugin v27.3 - https:\/\/yoast.com\/product\/yoast-seo-wordpress\/ -->\n<title>Hotellsamarbeten - Vikingbeds.se<\/title>\n<meta name=\"robots\" content=\"index, follow, max-snippet:-1, max-image-preview:large, max-video-preview:-1\" \/>\n<link rel=\"canonical\" href=\"https:\/\/vikingbeds.se\/en\/hotel-collaborations\/\" \/>\n<meta property=\"og:locale\" content=\"en_GB\" \/>\n<meta property=\"og:type\" content=\"article\" \/>\n<meta property=\"og:title\" content=\"Hotellsamarbeten - Vikingbeds.se\" \/>\n<meta property=\"og:description\" content=\"HotellsamarbetenEn \u00f6vernattning p\u00e5 annan plats \u00e4n hemma i sin egen s\u00e4ng, \u00e4r s\u00e4llan lika vilsam som man f\u00f6rest\u00e4llt sig. Men vi v\u00e5gar lova att i v\u00e5ra s\u00e4ngar kommer era g\u00e4ster att f\u00e5 den \u00e5terh\u00e4mtning de beh\u00f6ver inf\u00f6r en ny dag. Vi erbjuder dig som driver hotell, bed and breakfast, pensionat, vandrarhem, stugby eller kanske en [&hellip;]\" \/>\n<meta property=\"og:url\" content=\"https:\/\/vikingbeds.se\/en\/hotel-collaborations\/\" \/>\n<meta property=\"og:site_name\" content=\"Vikingbeds.se\" \/>\n<meta property=\"article:modified_time\" content=\"2024-12-18T10:57:51+00:00\" \/>\n<meta name=\"twitter:card\" content=\"summary_large_image\" \/>\n<meta name=\"twitter:label1\" content=\"Estimated reading time\" \/>\n\t<meta name=\"twitter:data1\" content=\"2 minutes\" \/>\n<script type=\"application\/ld+json\" class=\"yoast-schema-graph\">{\"@context\":\"https:\\\/\\\/schema.org\",\"@graph\":[{\"@type\":\"WebPage\",\"@id\":\"https:\\\/\\\/vikingbeds.se\\\/hotellsamarbeten\\\/\",\"url\":\"https:\\\/\\\/vikingbeds.se\\\/hotellsamarbeten\\\/\",\"name\":\"Hotellsamarbeten - Vikingbeds.se\",\"isPartOf\":{\"@id\":\"https:\\\/\\\/vikingbeds.se\\\/#website\"},\"datePublished\":\"2022-09-13T09:38:37+00:00\",\"dateModified\":\"2024-12-18T10:57:51+00:00\",\"breadcrumb\":{\"@id\":\"https:\\\/\\\/vikingbeds.se\\\/hotellsamarbeten\\\/#breadcrumb\"},\"inLanguage\":\"en-GB\",\"potentialAction\":[{\"@type\":\"ReadAction\",\"target\":[\"https:\\\/\\\/vikingbeds.se\\\/hotellsamarbeten\\\/\"]}]},{\"@type\":\"BreadcrumbList\",\"@id\":\"https:\\\/\\\/vikingbeds.se\\\/hotellsamarbeten\\\/#breadcrumb\",\"itemListElement\":[{\"@type\":\"ListItem\",\"position\":1,\"name\":\"Hem\",\"item\":\"https:\\\/\\\/vikingbeds.se\\\/\"},{\"@type\":\"ListItem\",\"position\":2,\"name\":\"Hotellsamarbeten\"}]},{\"@type\":\"WebSite\",\"@id\":\"https:\\\/\\\/vikingbeds.se\\\/#website\",\"url\":\"https:\\\/\\\/vikingbeds.se\\\/\",\"name\":\"Vikingbeds.se\",\"description\":\"\",\"potentialAction\":[{\"@type\":\"SearchAction\",\"target\":{\"@type\":\"EntryPoint\",\"urlTemplate\":\"https:\\\/\\\/vikingbeds.se\\\/?s={search_term_string}\"},\"query-input\":{\"@type\":\"PropertyValueSpecification\",\"valueRequired\":true,\"valueName\":\"search_term_string\"}}],\"inLanguage\":\"en-GB\"}]}<\/script>\n<!-- \/ Yoast SEO plugin. -->","yoast_head_json":{"title":"Hotellsamarbeten - Vikingbeds.se","robots":{"index":"index","follow":"follow","max-snippet":"max-snippet:-1","max-image-preview":"max-image-preview:large","max-video-preview":"max-video-preview:-1"},"canonical":"https:\/\/vikingbeds.se\/en\/hotel-collaborations\/","og_locale":"en_GB","og_type":"article","og_title":"Hotellsamarbeten - Vikingbeds.se","og_description":"HotellsamarbetenEn \u00f6vernattning p\u00e5 annan plats \u00e4n hemma i sin egen s\u00e4ng, \u00e4r s\u00e4llan lika vilsam som man f\u00f6rest\u00e4llt sig. Men vi v\u00e5gar lova att i v\u00e5ra s\u00e4ngar kommer era g\u00e4ster att f\u00e5 den \u00e5terh\u00e4mtning de beh\u00f6ver inf\u00f6r en ny dag. Vi erbjuder dig som driver hotell, bed and breakfast, pensionat, vandrarhem, stugby eller kanske en [&hellip;]","og_url":"https:\/\/vikingbeds.se\/en\/hotel-collaborations\/","og_site_name":"Vikingbeds.se","article_modified_time":"2024-12-18T10:57:51+00:00","twitter_card":"summary_large_image","twitter_misc":{"Estimated reading time":"2 minutes"},"schema":{"@context":"https:\/\/schema.org","@graph":[{"@type":"WebPage","@id":"https:\/\/vikingbeds.se\/hotellsamarbeten\/","url":"https:\/\/vikingbeds.se\/hotellsamarbeten\/","name":"Hotellsamarbeten - Vikingbeds.se","isPartOf":{"@id":"https:\/\/vikingbeds.se\/#website"},"datePublished":"2022-09-13T09:38:37+00:00","dateModified":"2024-12-18T10:57:51+00:00","breadcrumb":{"@id":"https:\/\/vikingbeds.se\/hotellsamarbeten\/#breadcrumb"},"inLanguage":"en-GB","potentialAction":[{"@type":"ReadAction","target":["https:\/\/vikingbeds.se\/hotellsamarbeten\/"]}]},{"@type":"BreadcrumbList","@id":"https:\/\/vikingbeds.se\/hotellsamarbeten\/#breadcrumb","itemListElement":[{"@type":"ListItem","position":1,"name":"Hem","item":"https:\/\/vikingbeds.se\/"},{"@type":"ListItem","position":2,"name":"Hotellsamarbeten"}]},{"@type":"WebSite","@id":"https:\/\/vikingbeds.se\/#website","url":"https:\/\/vikingbeds.se\/","name":"Vikingbeds.se","description":"","potentialAction":[{"@type":"SearchAction","target":{"@type":"EntryPoint","urlTemplate":"https:\/\/vikingbeds.se\/?s={search_term_string}"},"query-input":{"@type":"PropertyValueSpecification","valueRequired":true,"valueName":"search_term_string"}}],"inLanguage":"en-GB"}]}},"_links":{"self":[{"href":"https:\/\/vikingbeds.se\/en\/wp-json\/wp\/v2\/pages\/3836","targetHints":{"allow":["GET"]}}],"collection":[{"href":"https:\/\/vikingbeds.se\/en\/wp-json\/wp\/v2\/pages"}],"about":[{"href":"https:\/\/vikingbeds.se\/en\/wp-json\/wp\/v2\/types\/page"}],"author":[{"embeddable":true,"href":"https:\/\/vikingbeds.se\/en\/wp-json\/wp\/v2\/users\/2"}],"replies":[{"embeddable":true,"href":"https:\/\/vikingbeds.se\/en\/wp-json\/wp\/v2\/comments?post=3836"}],"version-history":[{"count":0,"href":"https:\/\/vikingbeds.se\/en\/wp-json\/wp\/v2\/pages\/3836\/revisions"}],"wp:attachment":[{"href":"https:\/\/vikingbeds.se\/en\/wp-json\/wp\/v2\/media?parent=3836"}],"curies":[{"name":"wp","href":"https:\/\/api.w.org\/{rel}","templated":true}]}}