{"id":3762,"date":"2022-06-27T13:58:02","date_gmt":"2022-06-27T11:58:02","guid":{"rendered":"https:\/\/vikingbeds.se\/?page_id=3762"},"modified":"2026-01-02T12:19:34","modified_gmt":"2026-01-02T11:19:34","slug":"bjorko-continental","status":"publish","type":"page","link":"https:\/\/vikingbeds.se\/en\/bjorko-continental\/","title":{"rendered":"Bj\u00f6rk\u00f6 Kontinental"},"content":{"rendered":"\n[et_pb_section fb_built=&#8221;1&#8243; module_class=&#8221;bg-overlay&#8221; _builder_version=&#8221;4.25.0&#8243; _module_preset=&#8221;default&#8221; background_color=&#8221;rgba(0,0,0,0.63)&#8221; background_image=&#8221;https:\/\/vikingbeds.se\/wp-content\/uploads\/2022\/05\/Viking-Beds_Sand-scaled.jpg&#8221; parallax=&#8221;on&#8221; parallax_method=&#8221;off&#8221; height=&#8221;800px&#8221; height_tablet=&#8221;800px&#8221; height_phone=&#8221;650px&#8221; height_last_edited=&#8221;on|phone&#8221; global_colors_info=&#8221;{}&#8221;][et_pb_row admin_label=&#8221;Rubrik &#8211; header&#8221; _builder_version=&#8221;4.17.3&#8243; _module_preset=&#8221;default&#8221; custom_margin=&#8221;18em|auto||auto|false|false&#8221; custom_margin_tablet=&#8221;18em|auto||auto|false|false&#8221; custom_margin_phone=&#8221;15em|auto||auto|false|false&#8221; custom_margin_last_edited=&#8221;on|phone&#8221; global_colors_info=&#8221;{}&#8221;][et_pb_column type=&#8221;4_4&#8243; _builder_version=&#8221;4.16&#8243; _module_preset=&#8221;default&#8221; global_colors_info=&#8221;{}&#8221;][et_pb_text admin_label=&#8221;Rubrik&#8221; _builder_version=&#8221;4.25.0&#8243; _module_preset=&#8221;default&#8221; header_font=&#8221;Cormorant||||||||&#8221; header_text_align=&#8221;center&#8221; header_text_color=&#8221;#FFFFFF&#8221; header_font_size=&#8221;6em&#8221; custom_padding=&#8221;||4px|||&#8221; header_font_size_tablet=&#8221;3em&#8221; header_font_size_phone=&#8221;2em&#8221; header_font_size_last_edited=&#8221;on|phone&#8221; global_colors_info=&#8221;{}&#8221;]<h1>Bj\u00f6rk\u00f6 Kontinental<\/h1>[\/et_pb_text][\/et_pb_column][\/et_pb_row][\/et_pb_section][et_pb_section fb_built=&#8221;1&#8243; _builder_version=&#8221;4.16&#8243; _module_preset=&#8221;default&#8221; custom_padding=&#8221;100px|||||&#8221; global_colors_info=&#8221;{}&#8221;][et_pb_row column_structure=&#8221;1_2,1_2&#8243; use_custom_gutter=&#8221;on&#8221; gutter_width=&#8221;0&#8243; make_equal=&#8221;on&#8221; admin_label=&#8221;Workshops and Events Area&#8221; module_class=&#8221; et_pb_row_fullwidth&#8221; _builder_version=&#8221;4.16&#8243; width=&#8221;90%&#8221; width_tablet=&#8221;100%&#8221; width_phone=&#8221;&#8221; width_last_edited=&#8221;on|desktop&#8221; max_width=&#8221;100%&#8221; max_width_tablet=&#8221;100%&#8221; max_width_phone=&#8221;&#8221; max_width_last_edited=&#8221;on|desktop&#8221; custom_margin=&#8221;|||&#8221; custom_padding=&#8221;0px||0px|||&#8221; border_color_bottom=&#8221;#FFFFFF&#8221; make_fullwidth=&#8221;on&#8221; global_colors_info=&#8221;{}&#8221;][et_pb_column type=&#8221;1_2&#8243; _builder_version=&#8221;4.16&#8243; background_color=&#8221;#FFFFFF&#8221; custom_padding=&#8221;4%|5%||5%|false|false&#8221; global_colors_info=&#8221;{}&#8221; custom_padding__hover=&#8221;|||&#8221;][et_pb_text _builder_version=&#8221;4.25.0&#8243; _module_preset=&#8221;default&#8221; header_font=&#8221;Cormorant||||||||&#8221; header_font_size=&#8221;38px&#8221; header_2_font=&#8221;|700||on|||||&#8221; header_2_font_size=&#8221;3.5em&#8221; header_2_font_size_tablet=&#8221;2.5em&#8221; header_2_font_size_phone=&#8221;2.1em&#8221; header_2_font_size_last_edited=&#8221;on|phone&#8221; global_colors_info=&#8221;{}&#8221;]<h1>Bj\u00f6rk\u00f6 Kontinental<\/h1>[\/et_pb_text][et_pb_text _builder_version=&#8221;4.25.0&#8243; _module_preset=&#8221;default&#8221; header_3_font=&#8221;Cormorant|600|||||||&#8221; header_3_text_color=&#8221;#353C50&#8243; header_3_font_size=&#8221;1.4em&#8221; hover_enabled=&#8221;0&#8243; global_colors_info=&#8221;{}&#8221; sticky_enabled=&#8221;0&#8243;]<h3>5 zoner ActiveZonePocket\u00ae<\/h3>[\/et_pb_text][et_pb_text _builder_version=&#8221;4.17.3&#8243; _module_preset=&#8221;default&#8221; global_colors_info=&#8221;{}&#8221;]<div class=\"page\" title=\"Page 3\">\n<div class=\"section\">\n<div class=\"layoutArea\">\n<div class=\"column\">\n<div class=\"page\" title=\"Page 2\">\n<div class=\"section\">\n<div class=\"layoutArea\">\n<div class=\"column\">\n<div class=\"page\" title=\"Page 4\">\n<div class=\"section\">\n<div class=\"layoutArea\">\n<div class=\"column\">\n<p>Bj\u00f6rk\u00f6 Kontinental har ett res\u00e5rsystem i tv\u00e5 lager med 5 zoner av ActivePocket<span>\u00ae<\/span> i det \u00f6versta fj\u00e4derlagret n\u00e4rmast kroppen. Genom de unikt utformade pocketres\u00e5rerna, blir varje enskild res\u00e5r en egen zon, som oberoende av de andra, ger kroppen maximalt st\u00f6d och f\u00f6ljsamhet. I kombination med 3 zon ShoulderZone<span>\u00ae-<\/span>pocketres\u00e5r i det undre lagret ger det kroppen maximalt st\u00f6d och f\u00f6ljsamhet.<\/p>\n<p>S\u00e4ngen har latexstoppning p\u00e5 liggytan, vilket f\u00e5r den att k\u00e4nnas lyxig och tillsammans med dubbelstickningen ger det s\u00e4ngen ett extra lyft och det d\u00e4r lilla extra f\u00f6r den som har ett \u00f6ga f\u00f6r detaljer.<\/p>\n<p>Bj\u00f6rk\u00f6 Kontinental finns i storlekarna 120, 140, 160, 180 och 210 cm, samt i tv\u00e5 l\u00e4ngder 200 cm och 210 cm. Finns i fasthetsgraderna Medium och Fast f\u00f6r att passa olika komfortbehov. Rekommenderad b\u00e4ddmadrass \u00e4r Pulse.<\/p>\n<\/div>\n<\/div>\n<\/div>\n<\/div>\n<\/div>\n<\/div>\n<\/div>\n<\/div>\n<\/div>\n<\/div>\n<\/div>\n<\/div>[\/et_pb_text][\/et_pb_column][et_pb_column type=&#8221;1_2&#8243; _builder_version=&#8221;4.16&#8243; background_color=&#8221;#FFFFFF&#8221; custom_padding=&#8221;||||false|false&#8221; global_colors_info=&#8221;{}&#8221; custom_padding__hover=&#8221;|||&#8221;][dsm_image_carousel gallery_ids=&#8221;4687,4724,4728&#8243; sizes=&#8221;et-pb-image&#8211;responsive&#8211;tablet&#8221; slide_to_show=&#8221;1&#8243; autoplay=&#8221;off&#8221; arrows=&#8221;off&#8221; grab=&#8221;off&#8221; _builder_version=&#8221;4.25.0&#8243; _module_preset=&#8221;default&#8221; global_colors_info=&#8221;{}&#8221;][\/dsm_image_carousel][\/et_pb_column][\/et_pb_row][\/et_pb_section][et_pb_section fb_built=&#8221;1&#8243; custom_padding_last_edited=&#8221;on|phone&#8221; _builder_version=&#8221;4.25.0&#8243; _module_preset=&#8221;default&#8221; background_color=&#8221;#353C50&#8243; min_height=&#8221;412px&#8221; min_height_tablet=&#8221;500px&#8221; min_height_phone=&#8221;100px&#8221; min_height_last_edited=&#8221;on|phone&#8221; max_height=&#8221;1000px&#8221; custom_margin=&#8221;||-102px|||&#8221; custom_padding=&#8221;153px|||||&#8221; custom_padding_tablet=&#8221;3em||||false|false&#8221; custom_padding_phone=&#8221;50px|||0px|false|false&#8221; global_module=&#8221;2159&#8243; saved_tabs=&#8221;all&#8221; global_colors_info=&#8221;{}&#8221;][et_pb_row use_custom_gutter=&#8221;on&#8221; gutter_width=&#8221;0&#8243; make_equal=&#8221;on&#8221; module_class=&#8221; et_pb_row_fullwidth&#8221; _builder_version=&#8221;4.16&#8243; _module_preset=&#8221;default&#8221; width=&#8221;100%&#8221; width_tablet=&#8221;100%&#8221; width_phone=&#8221;&#8221; width_last_edited=&#8221;on|desktop&#8221; max_width=&#8221;100%&#8221; max_width_tablet=&#8221;100%&#8221; max_width_phone=&#8221;&#8221; max_width_last_edited=&#8221;on|desktop&#8221; custom_margin=&#8221;|auto|1px|auto||&#8221; custom_padding=&#8221;0px||1px|||&#8221; border_color_bottom=&#8221;#FFFFFF&#8221; global_colors_info=&#8221;{}&#8221;][et_pb_column type=&#8221;4_4&#8243; _builder_version=&#8221;4.16&#8243; _module_preset=&#8221;default&#8221; global_colors_info=&#8221;{}&#8221;][et_pb_text _builder_version=&#8221;4.25.0&#8243; _module_preset=&#8221;default&#8221; text_text_color=&#8221;#565E7A&#8221; header_font=&#8221;Cormorant|600|||||||&#8221; header_text_align=&#8221;center&#8221; header_text_color=&#8221;#FFFFFF&#8221; header_font_size=&#8221;44px&#8221; header_3_font=&#8221;Gotham-bold||||||||&#8221; header_3_text_align=&#8221;center&#8221; header_3_text_color=&#8221;#FFFFFF&#8221; custom_margin=&#8221;||16px|||&#8221; global_colors_info=&#8221;{}&#8221;]<h1>Hitta \u00e5terf\u00f6rs\u00e4ljare<\/h1>[\/et_pb_text][et_pb_text _builder_version=&#8221;4.16&#8243; _module_preset=&#8221;default&#8221; text_text_color=&#8221;#FFFFFF&#8221; header_font=&#8221;Gotham-bold|600||on|||||&#8221; header_text_align=&#8221;center&#8221; header_text_color=&#8221;#FFFFFF&#8221; header_font_size=&#8221;75px&#8221; text_orientation=&#8221;center&#8221; custom_padding_tablet=&#8221;&#8221; custom_padding_phone=&#8221;|5%||5%|false|true&#8221; custom_padding_last_edited=&#8221;on|phone&#8221; global_colors_info=&#8221;{}&#8221;]<p>V\u00e5ra s\u00e4ngar och tillbeh\u00f6r finner du hos flertalet ledande \u00e5terf\u00f6rs\u00e4ljare i Sverige.<\/p>[\/et_pb_text][et_pb_button button_url=&#8221;\/aterforsaljare&#8221; button_text=&#8221;Se \u00e5terf\u00f6rs\u00e4ljare&#8221; button_alignment=&#8221;center&#8221; _builder_version=&#8221;4.25.0&#8243; _module_preset=&#8221;default&#8221; custom_button=&#8221;on&#8221; button_text_size=&#8221;16px&#8221; button_text_color=&#8221;#565E7A&#8221; button_bg_color=&#8221;#ccc7bd&#8221; button_border_width=&#8221;0px&#8221; button_border_color=&#8221;#565E7A&#8221; button_font=&#8221;|600|||||||&#8221; button_icon=&#8221;&#x35;||divi||400&#8243; custom_margin=&#8221;2em||8px||false|false&#8221; custom_padding=&#8221;||||false|false&#8221; global_colors_info=&#8221;{}&#8221;][\/et_pb_button][\/et_pb_column][\/et_pb_row][\/et_pb_section]\n","protected":false},"excerpt":{"rendered":"<p>Bj\u00f6rk\u00f6 KontinentalBj\u00f6rk\u00f6 Kontinental5 zoner ActiveZonePocket\u00ae Bj\u00f6rk\u00f6 Kontinental har ett res\u00e5rsystem i tv\u00e5 lager med 5 zoner av ActivePocket\u00ae i det \u00f6versta fj\u00e4derlagret n\u00e4rmast kroppen. Genom de unikt utformade pocketres\u00e5rerna, blir varje enskild res\u00e5r en egen zon, som oberoende av de andra, ger kroppen maximalt st\u00f6d och f\u00f6ljsamhet. I kombination med 3 zon ShoulderZone\u00ae-pocketres\u00e5r i det [&hellip;]<\/p>\n","protected":false},"author":2,"featured_media":0,"parent":0,"menu_order":0,"comment_status":"closed","ping_status":"closed","template":"","meta":{"_et_pb_use_builder":"on","_et_pb_old_content":"","_et_gb_content_width":"","footnotes":""},"class_list":["post-3762","page","type-page","status-publish","hentry"],"yoast_head":"<!-- This site is optimized with the Yoast SEO plugin v27.3 - https:\/\/yoast.com\/product\/yoast-seo-wordpress\/ -->\n<title>Bj\u00f6rk\u00f6 Kontinental - Vikingbeds.se<\/title>\n<meta name=\"robots\" content=\"index, follow, max-snippet:-1, max-image-preview:large, max-video-preview:-1\" \/>\n<link rel=\"canonical\" href=\"https:\/\/vikingbeds.se\/en\/bjorko-continental\/\" \/>\n<meta property=\"og:locale\" content=\"en_GB\" \/>\n<meta property=\"og:type\" content=\"article\" \/>\n<meta property=\"og:title\" content=\"Bj\u00f6rk\u00f6 Kontinental - Vikingbeds.se\" \/>\n<meta property=\"og:description\" content=\"Bj\u00f6rk\u00f6 KontinentalBj\u00f6rk\u00f6 Kontinental5 zoner ActiveZonePocket\u00ae Bj\u00f6rk\u00f6 Kontinental har ett res\u00e5rsystem i tv\u00e5 lager med 5 zoner av ActivePocket\u00ae i det \u00f6versta fj\u00e4derlagret n\u00e4rmast kroppen. Genom de unikt utformade pocketres\u00e5rerna, blir varje enskild res\u00e5r en egen zon, som oberoende av de andra, ger kroppen maximalt st\u00f6d och f\u00f6ljsamhet. I kombination med 3 zon ShoulderZone\u00ae-pocketres\u00e5r i det [&hellip;]\" \/>\n<meta property=\"og:url\" content=\"https:\/\/vikingbeds.se\/en\/bjorko-continental\/\" \/>\n<meta property=\"og:site_name\" content=\"Vikingbeds.se\" \/>\n<meta property=\"article:modified_time\" content=\"2026-01-02T11:19:34+00:00\" \/>\n<meta name=\"twitter:card\" content=\"summary_large_image\" \/>\n<meta name=\"twitter:label1\" content=\"Estimated reading time\" \/>\n\t<meta name=\"twitter:data1\" content=\"2 minutes\" \/>\n<script type=\"application\/ld+json\" class=\"yoast-schema-graph\">{\"@context\":\"https:\\\/\\\/schema.org\",\"@graph\":[{\"@type\":\"WebPage\",\"@id\":\"https:\\\/\\\/vikingbeds.se\\\/bjorko-continental\\\/\",\"url\":\"https:\\\/\\\/vikingbeds.se\\\/bjorko-continental\\\/\",\"name\":\"Bj\u00f6rk\u00f6 Kontinental - Vikingbeds.se\",\"isPartOf\":{\"@id\":\"https:\\\/\\\/vikingbeds.se\\\/#website\"},\"datePublished\":\"2022-06-27T11:58:02+00:00\",\"dateModified\":\"2026-01-02T11:19:34+00:00\",\"breadcrumb\":{\"@id\":\"https:\\\/\\\/vikingbeds.se\\\/bjorko-continental\\\/#breadcrumb\"},\"inLanguage\":\"en-GB\",\"potentialAction\":[{\"@type\":\"ReadAction\",\"target\":[\"https:\\\/\\\/vikingbeds.se\\\/bjorko-continental\\\/\"]}]},{\"@type\":\"BreadcrumbList\",\"@id\":\"https:\\\/\\\/vikingbeds.se\\\/bjorko-continental\\\/#breadcrumb\",\"itemListElement\":[{\"@type\":\"ListItem\",\"position\":1,\"name\":\"Hem\",\"item\":\"https:\\\/\\\/vikingbeds.se\\\/\"},{\"@type\":\"ListItem\",\"position\":2,\"name\":\"Bj\u00f6rk\u00f6 Kontinental\"}]},{\"@type\":\"WebSite\",\"@id\":\"https:\\\/\\\/vikingbeds.se\\\/#website\",\"url\":\"https:\\\/\\\/vikingbeds.se\\\/\",\"name\":\"Vikingbeds.se\",\"description\":\"\",\"potentialAction\":[{\"@type\":\"SearchAction\",\"target\":{\"@type\":\"EntryPoint\",\"urlTemplate\":\"https:\\\/\\\/vikingbeds.se\\\/?s={search_term_string}\"},\"query-input\":{\"@type\":\"PropertyValueSpecification\",\"valueRequired\":true,\"valueName\":\"search_term_string\"}}],\"inLanguage\":\"en-GB\"}]}<\/script>\n<!-- \/ Yoast SEO plugin. -->","yoast_head_json":{"title":"Bj\u00f6rk\u00f6 Kontinental - Vikingbeds.se","robots":{"index":"index","follow":"follow","max-snippet":"max-snippet:-1","max-image-preview":"max-image-preview:large","max-video-preview":"max-video-preview:-1"},"canonical":"https:\/\/vikingbeds.se\/en\/bjorko-continental\/","og_locale":"en_GB","og_type":"article","og_title":"Bj\u00f6rk\u00f6 Kontinental - Vikingbeds.se","og_description":"Bj\u00f6rk\u00f6 KontinentalBj\u00f6rk\u00f6 Kontinental5 zoner ActiveZonePocket\u00ae Bj\u00f6rk\u00f6 Kontinental har ett res\u00e5rsystem i tv\u00e5 lager med 5 zoner av ActivePocket\u00ae i det \u00f6versta fj\u00e4derlagret n\u00e4rmast kroppen. Genom de unikt utformade pocketres\u00e5rerna, blir varje enskild res\u00e5r en egen zon, som oberoende av de andra, ger kroppen maximalt st\u00f6d och f\u00f6ljsamhet. I kombination med 3 zon ShoulderZone\u00ae-pocketres\u00e5r i det [&hellip;]","og_url":"https:\/\/vikingbeds.se\/en\/bjorko-continental\/","og_site_name":"Vikingbeds.se","article_modified_time":"2026-01-02T11:19:34+00:00","twitter_card":"summary_large_image","twitter_misc":{"Estimated reading time":"2 minutes"},"schema":{"@context":"https:\/\/schema.org","@graph":[{"@type":"WebPage","@id":"https:\/\/vikingbeds.se\/bjorko-continental\/","url":"https:\/\/vikingbeds.se\/bjorko-continental\/","name":"Bj\u00f6rk\u00f6 Kontinental - Vikingbeds.se","isPartOf":{"@id":"https:\/\/vikingbeds.se\/#website"},"datePublished":"2022-06-27T11:58:02+00:00","dateModified":"2026-01-02T11:19:34+00:00","breadcrumb":{"@id":"https:\/\/vikingbeds.se\/bjorko-continental\/#breadcrumb"},"inLanguage":"en-GB","potentialAction":[{"@type":"ReadAction","target":["https:\/\/vikingbeds.se\/bjorko-continental\/"]}]},{"@type":"BreadcrumbList","@id":"https:\/\/vikingbeds.se\/bjorko-continental\/#breadcrumb","itemListElement":[{"@type":"ListItem","position":1,"name":"Hem","item":"https:\/\/vikingbeds.se\/"},{"@type":"ListItem","position":2,"name":"Bj\u00f6rk\u00f6 Kontinental"}]},{"@type":"WebSite","@id":"https:\/\/vikingbeds.se\/#website","url":"https:\/\/vikingbeds.se\/","name":"Vikingbeds.se","description":"","potentialAction":[{"@type":"SearchAction","target":{"@type":"EntryPoint","urlTemplate":"https:\/\/vikingbeds.se\/?s={search_term_string}"},"query-input":{"@type":"PropertyValueSpecification","valueRequired":true,"valueName":"search_term_string"}}],"inLanguage":"en-GB"}]}},"_links":{"self":[{"href":"https:\/\/vikingbeds.se\/en\/wp-json\/wp\/v2\/pages\/3762","targetHints":{"allow":["GET"]}}],"collection":[{"href":"https:\/\/vikingbeds.se\/en\/wp-json\/wp\/v2\/pages"}],"about":[{"href":"https:\/\/vikingbeds.se\/en\/wp-json\/wp\/v2\/types\/page"}],"author":[{"embeddable":true,"href":"https:\/\/vikingbeds.se\/en\/wp-json\/wp\/v2\/users\/2"}],"replies":[{"embeddable":true,"href":"https:\/\/vikingbeds.se\/en\/wp-json\/wp\/v2\/comments?post=3762"}],"version-history":[{"count":0,"href":"https:\/\/vikingbeds.se\/en\/wp-json\/wp\/v2\/pages\/3762\/revisions"}],"wp:attachment":[{"href":"https:\/\/vikingbeds.se\/en\/wp-json\/wp\/v2\/media?parent=3762"}],"curies":[{"name":"wp","href":"https:\/\/api.w.org\/{rel}","templated":true}]}}