{"id":2326,"date":"2022-03-03T15:09:59","date_gmt":"2022-03-03T14:09:59","guid":{"rendered":"https:\/\/vikingbeds.se\/?page_id=2326"},"modified":"2026-02-03T14:15:57","modified_gmt":"2026-02-03T13:15:57","slug":"valhall-box-frame-plus","status":"publish","type":"page","link":"https:\/\/vikingbeds.se\/en\/ekero-ram\/","title":{"rendered":"Eker\u00f6 Frame"},"content":{"rendered":"<p>[et_pb_section fb_built=&#8221;1&#8243; module_class=&#8221;bg-overlay&#8221; _builder_version=&#8221;4.25.0&#8243; _module_preset=&#8221;default&#8221; background_color=&#8221;rgba(0,0,0,0.63)&#8221; background_image=&#8221;https:\/\/vikingbeds.se\/wp-content\/uploads\/2022\/05\/Viking-beds15782_liggande.jpg&#8221; parallax=&#8221;on&#8221; parallax_method=&#8221;off&#8221; height=&#8221;800px&#8221; height_tablet=&#8221;800px&#8221; height_phone=&#8221;650px&#8221; height_last_edited=&#8221;on|phone&#8221; global_colors_info=&#8221;{}&#8221;][et_pb_row admin_label=&#8221;Rubrik &#8211; header&#8221; _builder_version=&#8221;4.17.3&#8243; _module_preset=&#8221;default&#8221; custom_margin=&#8221;18em|auto||auto|false|false&#8221; custom_margin_tablet=&#8221;18em|auto||auto|false|false&#8221; custom_margin_phone=&#8221;15em|auto||auto|false|false&#8221; custom_margin_last_edited=&#8221;on|phone&#8221; global_colors_info=&#8221;{}&#8221;][et_pb_column type=&#8221;4_4&#8243; _builder_version=&#8221;4.16&#8243; _module_preset=&#8221;default&#8221; global_colors_info=&#8221;{}&#8221;][et_pb_text admin_label=&#8221;Rubrik&#8221; _builder_version=&#8221;4.25.0&#8243; _module_preset=&#8221;default&#8221; header_font=&#8221;Cormorant||||||||&#8221; header_text_align=&#8221;center&#8221; header_text_color=&#8221;#FFFFFF&#8221; header_font_size=&#8221;6em&#8221; custom_padding=&#8221;||4px|||&#8221; header_font_size_tablet=&#8221;3em&#8221; header_font_size_phone=&#8221;2em&#8221; header_font_size_last_edited=&#8221;on|phone&#8221; global_colors_info=&#8221;{}&#8221;]<\/p>\n<h1>Eker\u00f6 Ram<\/h1>\n<p>[\/et_pb_text][\/et_pb_column][\/et_pb_row][\/et_pb_section][et_pb_section fb_built=&#8221;1&#8243; _builder_version=&#8221;4.16&#8243; _module_preset=&#8221;default&#8221; custom_padding=&#8221;100px|||||&#8221; global_colors_info=&#8221;{}&#8221;][et_pb_row column_structure=&#8221;1_2,1_2&#8243; use_custom_gutter=&#8221;on&#8221; gutter_width=&#8221;0&#8243; make_equal=&#8221;on&#8221; admin_label=&#8221;Workshops and Events Area&#8221; module_class=&#8221; et_pb_row_fullwidth&#8221; _builder_version=&#8221;4.16&#8243; width=&#8221;90%&#8221; width_tablet=&#8221;100%&#8221; width_phone=&#8221;&#8221; width_last_edited=&#8221;on|desktop&#8221; max_width=&#8221;100%&#8221; max_width_tablet=&#8221;100%&#8221; max_width_phone=&#8221;&#8221; max_width_last_edited=&#8221;on|desktop&#8221; custom_margin=&#8221;|||&#8221; custom_padding=&#8221;0px||0px|||&#8221; border_color_bottom=&#8221;#FFFFFF&#8221; make_fullwidth=&#8221;on&#8221; global_colors_info=&#8221;{}&#8221;][et_pb_column type=&#8221;1_2&#8243; _builder_version=&#8221;4.16&#8243; background_color=&#8221;#FFFFFF&#8221; custom_padding=&#8221;4%|5%||5%|false|false&#8221; global_colors_info=&#8221;{}&#8221; custom_padding__hover=&#8221;|||&#8221;][et_pb_text _builder_version=&#8221;4.25.0&#8243; _module_preset=&#8221;default&#8221; header_2_font=&#8221;Cormorant|500|||||||&#8221; header_2_font_size=&#8221;38px&#8221; width=&#8221;80.2%&#8221; custom_padding=&#8221;|||0px||&#8221; header_2_font_size_tablet=&#8221;2.5em&#8221; header_2_font_size_phone=&#8221;2.1em&#8221; header_2_font_size_last_edited=&#8221;on|phone&#8221; global_colors_info=&#8221;{}&#8221;]<\/p>\n<h2>Eker\u00f6 Ram<\/h2>\n<p>[\/et_pb_text][et_pb_text _builder_version=&#8221;4.25.0&#8243; _module_preset=&#8221;default&#8221; header_font=&#8221;Cormorant||||||||&#8221; header_3_font=&#8221;Cormorant|600|||||||&#8221; header_3_text_color=&#8221;#353C50&#8243; header_3_font_size=&#8221;1.4em&#8221; global_colors_info=&#8221;{}&#8221;]<\/p>\n<h3>5 zoner WidePocketZone<span>\u00ae<\/span><\/h3>\n<p>[\/et_pb_text][et_pb_text _builder_version=&#8221;4.18.0&#8243; _module_preset=&#8221;default&#8221; global_colors_info=&#8221;{}&#8221;]<\/p>\n<p>S\u00e4ngen har god komfort till ett bra pris. S\u00e4ngen har pocketres\u00e5rer i tv\u00e5 lager, med 5 zoner WidePocketZone<span>\u00ae och polyeter n\u00e4rmst kroppen sover<\/span>\u00a0du sk\u00f6nt hela natten. Madrassen har fem zoner som ger s\u00e4ngen bra f\u00f6ljsamhet, den avlastar h\u00f6fter och axlar men ger samtidigt st\u00f6d till svank och midja. Passar bra till dig som sover p\u00e5 rygg eller sidan.<\/p>\n<p>Rekommenderad b\u00e4ddmadrass \u00e4r SuperSoft. Finns i storlekarna 80, 90, 105, 120 och 140 cm, i tv\u00e5 l\u00e4ngder 200 cm och 210 cm.\u00a0\u00a0<\/p>\n<p>[\/et_pb_text][\/et_pb_column][et_pb_column type=&#8221;1_2&#8243; _builder_version=&#8221;4.16&#8243; background_color=&#8221;#FFFFFF&#8221; custom_padding=&#8221;||||false|false&#8221; global_colors_info=&#8221;{}&#8221; custom_padding__hover=&#8221;|||&#8221;][dsm_image_carousel gallery_ids=&#8221;4725,4727,4732&#8243; sizes=&#8221;et-pb-image&#8211;responsive&#8211;tablet&#8221; slide_to_show=&#8221;1&#8243; autoplay=&#8221;off&#8221; arrows=&#8221;off&#8221; grab=&#8221;off&#8221; _builder_version=&#8221;4.25.0&#8243; _module_preset=&#8221;default&#8221; global_colors_info=&#8221;{}&#8221;][\/dsm_image_carousel][\/et_pb_column][\/et_pb_row][\/et_pb_section][et_pb_section fb_built=&#8221;1&#8243; custom_padding_last_edited=&#8221;on|phone&#8221; _builder_version=&#8221;4.25.0&#8243; _module_preset=&#8221;default&#8221; background_color=&#8221;#353C50&#8243; min_height=&#8221;412px&#8221; min_height_tablet=&#8221;500px&#8221; min_height_phone=&#8221;100px&#8221; min_height_last_edited=&#8221;on|phone&#8221; max_height=&#8221;1000px&#8221; custom_margin=&#8221;||-102px|||&#8221; custom_padding=&#8221;153px|||||&#8221; custom_padding_tablet=&#8221;3em||||false|false&#8221; custom_padding_phone=&#8221;50px|||0px|false|false&#8221; global_module=&#8221;2159&#8243; saved_tabs=&#8221;all&#8221; global_colors_info=&#8221;{}&#8221;][et_pb_row use_custom_gutter=&#8221;on&#8221; gutter_width=&#8221;0&#8243; make_equal=&#8221;on&#8221; module_class=&#8221; et_pb_row_fullwidth&#8221; _builder_version=&#8221;4.16&#8243; _module_preset=&#8221;default&#8221; width=&#8221;100%&#8221; width_tablet=&#8221;100%&#8221; width_phone=&#8221;&#8221; width_last_edited=&#8221;on|desktop&#8221; max_width=&#8221;100%&#8221; max_width_tablet=&#8221;100%&#8221; max_width_phone=&#8221;&#8221; max_width_last_edited=&#8221;on|desktop&#8221; custom_margin=&#8221;|auto|1px|auto||&#8221; custom_padding=&#8221;0px||1px|||&#8221; border_color_bottom=&#8221;#FFFFFF&#8221; global_colors_info=&#8221;{}&#8221;][et_pb_column type=&#8221;4_4&#8243; _builder_version=&#8221;4.16&#8243; _module_preset=&#8221;default&#8221; global_colors_info=&#8221;{}&#8221;][et_pb_text _builder_version=&#8221;4.25.0&#8243; _module_preset=&#8221;default&#8221; text_text_color=&#8221;#565E7A&#8221; header_font=&#8221;Cormorant|600|||||||&#8221; header_text_align=&#8221;center&#8221; header_text_color=&#8221;#FFFFFF&#8221; header_font_size=&#8221;44px&#8221; header_3_font=&#8221;Gotham-bold||||||||&#8221; header_3_text_align=&#8221;center&#8221; header_3_text_color=&#8221;#FFFFFF&#8221; custom_margin=&#8221;||16px|||&#8221; global_colors_info=&#8221;{}&#8221;]<\/p>\n<h1>Hitta \u00e5terf\u00f6rs\u00e4ljare<\/h1>\n<p>[\/et_pb_text][et_pb_text _builder_version=&#8221;4.16&#8243; _module_preset=&#8221;default&#8221; text_text_color=&#8221;#FFFFFF&#8221; header_font=&#8221;Gotham-bold|600||on|||||&#8221; header_text_align=&#8221;center&#8221; header_text_color=&#8221;#FFFFFF&#8221; header_font_size=&#8221;75px&#8221; text_orientation=&#8221;center&#8221; custom_padding_tablet=&#8221;&#8221; custom_padding_phone=&#8221;|5%||5%|false|true&#8221; custom_padding_last_edited=&#8221;on|phone&#8221; global_colors_info=&#8221;{}&#8221;]<\/p>\n<p>V\u00e5ra s\u00e4ngar och tillbeh\u00f6r finner du hos flertalet ledande \u00e5terf\u00f6rs\u00e4ljare i Sverige.<\/p>\n<p>[\/et_pb_text][et_pb_button button_url=&#8221;\/aterforsaljare&#8221; button_text=&#8221;Se \u00e5terf\u00f6rs\u00e4ljare&#8221; button_alignment=&#8221;center&#8221; _builder_version=&#8221;4.25.0&#8243; _module_preset=&#8221;default&#8221; custom_button=&#8221;on&#8221; button_text_size=&#8221;16px&#8221; button_text_color=&#8221;#565E7A&#8221; button_bg_color=&#8221;#ccc7bd&#8221; button_border_width=&#8221;0px&#8221; button_border_color=&#8221;#565E7A&#8221; button_font=&#8221;|600|||||||&#8221; button_icon=&#8221;&#x35;||divi||400&#8243; custom_margin=&#8221;2em||8px||false|false&#8221; custom_padding=&#8221;||||false|false&#8221; global_colors_info=&#8221;{}&#8221;][\/et_pb_button][\/et_pb_column][\/et_pb_row][\/et_pb_section]<\/p>\n","protected":false},"excerpt":{"rendered":"<p>Eker\u00f6 RamEker\u00f6 Ram5 zoner WidePocketZone\u00aeS\u00e4ngen har god komfort till ett bra pris. S\u00e4ngen har pocketres\u00e5rer i tv\u00e5 lager, med 5 zoner WidePocketZone\u00ae och polyeter n\u00e4rmst kroppen sover\u00a0du sk\u00f6nt hela natten. Madrassen har fem zoner som ger s\u00e4ngen bra f\u00f6ljsamhet, den avlastar h\u00f6fter och axlar men ger samtidigt st\u00f6d till svank och midja. Passar bra till [&hellip;]<\/p>\n","protected":false},"author":1,"featured_media":0,"parent":0,"menu_order":0,"comment_status":"closed","ping_status":"closed","template":"","meta":{"_et_pb_use_builder":"on","_et_pb_old_content":"","_et_gb_content_width":"","footnotes":""},"class_list":["post-2326","page","type-page","status-publish","hentry"],"yoast_head":"<!-- This site is optimized with the Yoast SEO plugin v27.3 - https:\/\/yoast.com\/product\/yoast-seo-wordpress\/ -->\n<title>Eker\u00f6 Ram - Vikingbeds.se<\/title>\n<meta name=\"robots\" content=\"index, follow, max-snippet:-1, max-image-preview:large, max-video-preview:-1\" \/>\n<link rel=\"canonical\" href=\"https:\/\/vikingbeds.se\/en\/valhall-box-frame-plus\/\" \/>\n<meta property=\"og:locale\" content=\"en_GB\" \/>\n<meta property=\"og:type\" content=\"article\" \/>\n<meta property=\"og:title\" content=\"Eker\u00f6 Ram - Vikingbeds.se\" \/>\n<meta property=\"og:description\" content=\"Eker\u00f6 RamEker\u00f6 Ram5 zoner WidePocketZone\u00aeS\u00e4ngen har god komfort till ett bra pris. S\u00e4ngen har pocketres\u00e5rer i tv\u00e5 lager, med 5 zoner WidePocketZone\u00ae och polyeter n\u00e4rmst kroppen sover\u00a0du sk\u00f6nt hela natten. Madrassen har fem zoner som ger s\u00e4ngen bra f\u00f6ljsamhet, den avlastar h\u00f6fter och axlar men ger samtidigt st\u00f6d till svank och midja. Passar bra till [&hellip;]\" \/>\n<meta property=\"og:url\" content=\"https:\/\/vikingbeds.se\/en\/valhall-box-frame-plus\/\" \/>\n<meta property=\"og:site_name\" content=\"Vikingbeds.se\" \/>\n<meta property=\"article:modified_time\" content=\"2026-02-03T13:15:57+00:00\" \/>\n<meta name=\"twitter:card\" content=\"summary_large_image\" \/>\n<script type=\"application\/ld+json\" class=\"yoast-schema-graph\">{\"@context\":\"https:\\\/\\\/schema.org\",\"@graph\":[{\"@type\":\"WebPage\",\"@id\":\"https:\\\/\\\/vikingbeds.se\\\/ekero-ram\\\/\",\"url\":\"https:\\\/\\\/vikingbeds.se\\\/ekero-ram\\\/\",\"name\":\"Eker\u00f6 Ram - Vikingbeds.se\",\"isPartOf\":{\"@id\":\"https:\\\/\\\/vikingbeds.se\\\/#website\"},\"datePublished\":\"2022-03-03T14:09:59+00:00\",\"dateModified\":\"2026-02-03T13:15:57+00:00\",\"breadcrumb\":{\"@id\":\"https:\\\/\\\/vikingbeds.se\\\/ekero-ram\\\/#breadcrumb\"},\"inLanguage\":\"en-GB\",\"potentialAction\":[{\"@type\":\"ReadAction\",\"target\":[\"https:\\\/\\\/vikingbeds.se\\\/ekero-ram\\\/\"]}]},{\"@type\":\"BreadcrumbList\",\"@id\":\"https:\\\/\\\/vikingbeds.se\\\/ekero-ram\\\/#breadcrumb\",\"itemListElement\":[{\"@type\":\"ListItem\",\"position\":1,\"name\":\"Hem\",\"item\":\"https:\\\/\\\/vikingbeds.se\\\/\"},{\"@type\":\"ListItem\",\"position\":2,\"name\":\"Eker\u00f6 Ram\"}]},{\"@type\":\"WebSite\",\"@id\":\"https:\\\/\\\/vikingbeds.se\\\/#website\",\"url\":\"https:\\\/\\\/vikingbeds.se\\\/\",\"name\":\"Vikingbeds.se\",\"description\":\"\",\"potentialAction\":[{\"@type\":\"SearchAction\",\"target\":{\"@type\":\"EntryPoint\",\"urlTemplate\":\"https:\\\/\\\/vikingbeds.se\\\/?s={search_term_string}\"},\"query-input\":{\"@type\":\"PropertyValueSpecification\",\"valueRequired\":true,\"valueName\":\"search_term_string\"}}],\"inLanguage\":\"en-GB\"}]}<\/script>\n<!-- \/ Yoast SEO plugin. -->","yoast_head_json":{"title":"Eker\u00f6 Ram - Vikingbeds.se","robots":{"index":"index","follow":"follow","max-snippet":"max-snippet:-1","max-image-preview":"max-image-preview:large","max-video-preview":"max-video-preview:-1"},"canonical":"https:\/\/vikingbeds.se\/en\/valhall-box-frame-plus\/","og_locale":"en_GB","og_type":"article","og_title":"Eker\u00f6 Ram - Vikingbeds.se","og_description":"Eker\u00f6 RamEker\u00f6 Ram5 zoner WidePocketZone\u00aeS\u00e4ngen har god komfort till ett bra pris. S\u00e4ngen har pocketres\u00e5rer i tv\u00e5 lager, med 5 zoner WidePocketZone\u00ae och polyeter n\u00e4rmst kroppen sover\u00a0du sk\u00f6nt hela natten. Madrassen har fem zoner som ger s\u00e4ngen bra f\u00f6ljsamhet, den avlastar h\u00f6fter och axlar men ger samtidigt st\u00f6d till svank och midja. Passar bra till [&hellip;]","og_url":"https:\/\/vikingbeds.se\/en\/valhall-box-frame-plus\/","og_site_name":"Vikingbeds.se","article_modified_time":"2026-02-03T13:15:57+00:00","twitter_card":"summary_large_image","schema":{"@context":"https:\/\/schema.org","@graph":[{"@type":"WebPage","@id":"https:\/\/vikingbeds.se\/ekero-ram\/","url":"https:\/\/vikingbeds.se\/ekero-ram\/","name":"Eker\u00f6 Ram - Vikingbeds.se","isPartOf":{"@id":"https:\/\/vikingbeds.se\/#website"},"datePublished":"2022-03-03T14:09:59+00:00","dateModified":"2026-02-03T13:15:57+00:00","breadcrumb":{"@id":"https:\/\/vikingbeds.se\/ekero-ram\/#breadcrumb"},"inLanguage":"en-GB","potentialAction":[{"@type":"ReadAction","target":["https:\/\/vikingbeds.se\/ekero-ram\/"]}]},{"@type":"BreadcrumbList","@id":"https:\/\/vikingbeds.se\/ekero-ram\/#breadcrumb","itemListElement":[{"@type":"ListItem","position":1,"name":"Hem","item":"https:\/\/vikingbeds.se\/"},{"@type":"ListItem","position":2,"name":"Eker\u00f6 Ram"}]},{"@type":"WebSite","@id":"https:\/\/vikingbeds.se\/#website","url":"https:\/\/vikingbeds.se\/","name":"Vikingbeds.se","description":"","potentialAction":[{"@type":"SearchAction","target":{"@type":"EntryPoint","urlTemplate":"https:\/\/vikingbeds.se\/?s={search_term_string}"},"query-input":{"@type":"PropertyValueSpecification","valueRequired":true,"valueName":"search_term_string"}}],"inLanguage":"en-GB"}]}},"_links":{"self":[{"href":"https:\/\/vikingbeds.se\/en\/wp-json\/wp\/v2\/pages\/2326","targetHints":{"allow":["GET"]}}],"collection":[{"href":"https:\/\/vikingbeds.se\/en\/wp-json\/wp\/v2\/pages"}],"about":[{"href":"https:\/\/vikingbeds.se\/en\/wp-json\/wp\/v2\/types\/page"}],"author":[{"embeddable":true,"href":"https:\/\/vikingbeds.se\/en\/wp-json\/wp\/v2\/users\/1"}],"replies":[{"embeddable":true,"href":"https:\/\/vikingbeds.se\/en\/wp-json\/wp\/v2\/comments?post=2326"}],"version-history":[{"count":0,"href":"https:\/\/vikingbeds.se\/en\/wp-json\/wp\/v2\/pages\/2326\/revisions"}],"wp:attachment":[{"href":"https:\/\/vikingbeds.se\/en\/wp-json\/wp\/v2\/media?parent=2326"}],"curies":[{"name":"wp","href":"https:\/\/api.w.org\/{rel}","templated":true}]}}