{"id":1900,"date":"2022-02-11T15:46:07","date_gmt":"2022-02-11T14:46:07","guid":{"rendered":"https:\/\/vikingbeds.se\/?page_id=1900"},"modified":"2026-02-17T13:36:57","modified_gmt":"2026-02-17T12:36:57","slug":"contact","status":"publish","type":"page","link":"https:\/\/vikingbeds.se\/en\/kontakt\/","title":{"rendered":"Contact"},"content":{"rendered":"<p>[et_pb_section fb_built=&#8221;1&#8243; admin_label=&#8221;Hero&#8221; module_class=&#8221;bg-overlay&#8221; _builder_version=&#8221;4.25.0&#8243; _module_preset=&#8221;default&#8221; background_color=&#8221;rgba(0,0,0,0.43)&#8221; background_image=&#8221;https:\/\/vikingbeds.se\/wp-content\/uploads\/2024\/11\/Simplicity_viking_beds_0735.jpg&#8221; parallax=&#8221;on&#8221; parallax_method=&#8221;off&#8221; height=&#8221;800px&#8221; height_tablet=&#8221;800px&#8221; height_phone=&#8221;650px&#8221; height_last_edited=&#8221;on|phone&#8221; global_colors_info=&#8221;{}&#8221;][et_pb_row admin_label=&#8221;Rubrik &#8211; header&#8221; _builder_version=&#8221;4.17.3&#8243; _module_preset=&#8221;default&#8221; custom_margin=&#8221;20em|auto||auto|false|false&#8221; custom_margin_tablet=&#8221;20em|auto||auto|false|false&#8221; custom_margin_phone=&#8221;16em|auto||auto|false|false&#8221; custom_margin_last_edited=&#8221;on|phone&#8221; global_colors_info=&#8221;{}&#8221;][et_pb_column type=&#8221;4_4&#8243; _builder_version=&#8221;4.16&#8243; _module_preset=&#8221;default&#8221; global_colors_info=&#8221;{}&#8221;][et_pb_text admin_label=&#8221;Rubrik&#8221; _builder_version=&#8221;4.24.1&#8243; _module_preset=&#8221;default&#8221; header_font=&#8221;Cormorant|600|||||||&#8221; header_text_align=&#8221;center&#8221; header_text_color=&#8221;#FFFFFF&#8221; header_font_size=&#8221;6em&#8221; custom_padding=&#8221;||4px|||&#8221; header_font_size_tablet=&#8221;3em&#8221; header_font_size_phone=&#8221;2em&#8221; header_font_size_last_edited=&#8221;on|phone&#8221; global_colors_info=&#8221;{}&#8221;]<\/p>\n<h1>Kontakta oss<\/h1>\n<p>[\/et_pb_text][\/et_pb_column][\/et_pb_row][\/et_pb_section][et_pb_section fb_built=&#8221;1&#8243; disabled_on=&#8221;off|off|off&#8221; admin_label=&#8221;Sektion&#8221; _builder_version=&#8221;4.25.0&#8243; _module_preset=&#8221;default&#8221; background_color=&#8221;#ccc7bd&#8221; background_enable_image=&#8221;off&#8221; min_height=&#8221;315px&#8221; custom_margin=&#8221;||||false|false&#8221; custom_padding=&#8221;80px||50px||false|false&#8221; global_colors_info=&#8221;{}&#8221;][et_pb_row _builder_version=&#8221;4.16&#8243; _module_preset=&#8221;default&#8221; global_colors_info=&#8221;{}&#8221;][et_pb_column type=&#8221;4_4&#8243; _builder_version=&#8221;4.16&#8243; _module_preset=&#8221;default&#8221; global_colors_info=&#8221;{}&#8221;][et_pb_text _builder_version=&#8221;4.17.3&#8243; _module_preset=&#8221;default&#8221; text_text_color=&#8221;#FFFFFF&#8221; link_text_color=&#8221;#FFFFFF&#8221; text_orientation=&#8221;center&#8221; global_colors_info=&#8221;{}&#8221;]<\/p>\n<p data-start=\"181\" data-end=\"413\">Viking Beds s\u00e4ljer sina produkter via \u00e5terf\u00f6rs\u00e4ljare och inte direkt till privatpersoner.<br data-start=\"274\" data-end=\"277\" \/>Om du som privatperson har fr\u00e5gor om v\u00e5ra s\u00e4ngar \u00e4r du varmt v\u00e4lkommen att kontakta n\u00e5gon av v\u00e5ra \u00e5terf\u00f6rs\u00e4ljare \u2013 <br \/>de hj\u00e4lper dig g\u00e4rna!<\/p>\n<p data-start=\"415\" data-end=\"681\">Vid reklamationer eller andra \u00e4renden r\u00f6rande din s\u00e4ng ska du alltid i f\u00f6rsta hand v\u00e4nda dig till den \u00e5terf\u00f6rs\u00e4ljare d\u00e4r du k\u00f6pte produkten. Om butiken har st\u00e4ngt eller upph\u00f6rt med sin verksamhet g\u00e5r det bra att v\u00e4nda sig till en annan aktiv \u00e5terf\u00f6rs\u00e4ljare p\u00e5 orten.<\/p>\n<p data-start=\"683\" data-end=\"740\">Hitta din n\u00e4rmaste butik under fliken \u00c5TERF\u00d6RS\u00c4LJARE.<\/p>\n<p>&nbsp;<\/p>\n<p>[\/et_pb_text][\/et_pb_column][\/et_pb_row][\/et_pb_section][et_pb_section fb_built=&#8221;1&#8243; _builder_version=&#8221;4.16&#8243; _module_preset=&#8221;default&#8221; custom_padding=&#8221;0px||2px|||&#8221; global_colors_info=&#8221;{}&#8221;][et_pb_row column_structure=&#8221;1_2,1_2&#8243; use_custom_gutter=&#8221;on&#8221; gutter_width=&#8221;0&#8243; make_equal=&#8221;on&#8221; admin_label=&#8221;Workshops and Events Area&#8221; module_class=&#8221; et_pb_row_fullwidth&#8221; _builder_version=&#8221;4.25.0&#8243; width=&#8221;100%&#8221; width_tablet=&#8221;100%&#8221; width_phone=&#8221;&#8221; width_last_edited=&#8221;on|desktop&#8221; max_width=&#8221;100%&#8221; max_width_tablet=&#8221;100%&#8221; max_width_phone=&#8221;&#8221; max_width_last_edited=&#8221;on|desktop&#8221; min_height=&#8221;774.2px&#8221; custom_margin=&#8221;-11px|auto||auto||&#8221; custom_padding=&#8221;0px||0px|||&#8221; border_color_bottom=&#8221;#FFFFFF&#8221; make_fullwidth=&#8221;on&#8221; global_colors_info=&#8221;{}&#8221;][et_pb_column type=&#8221;1_2&#8243; module_class=&#8221;et-zoom-in&#8221; _builder_version=&#8221;4.25.0&#8243; background_image=&#8221;https:\/\/vikingbeds.se\/wp-content\/uploads\/2022\/05\/Viking-beds-Villa-Skog15536.jpg&#8221; background_repeat=&#8221;repeat&#8221; custom_padding=&#8221;|||&#8221; global_colors_info=&#8221;{}&#8221; custom_padding__hover=&#8221;|||&#8221;][et_pb_divider show_divider=&#8221;off&#8221; _builder_version=&#8221;4.16&#8243; height=&#8221;400px&#8221; locked=&#8221;off&#8221; global_colors_info=&#8221;{}&#8221;][\/et_pb_divider][\/et_pb_column][et_pb_column type=&#8221;1_2&#8243; _builder_version=&#8221;4.25.0&#8243; background_color=&#8221;#FFFFFF&#8221; custom_padding=&#8221;10%|5%|10%|5%&#8221; global_colors_info=&#8221;{}&#8221; custom_padding__hover=&#8221;|||&#8221;][et_pb_text _builder_version=&#8221;4.25.0&#8243; _module_preset=&#8221;default&#8221; text_text_color=&#8221;#000000&#8243; header_font=&#8221;Cormorant||||||||&#8221; header_text_color=&#8221;#000000&#8243; header_font_size=&#8221;38px&#8221; header_2_font=&#8221;|700||on|||||&#8221; header_2_text_align=&#8221;left&#8221; header_2_text_color=&#8221;#FFFFFF&#8221; header_2_font_size=&#8221;3.5em&#8221; custom_margin=&#8221;2em||21px||false|false&#8221; animation_style=&#8221;fade&#8221; header_2_font_size_tablet=&#8221;2.5em&#8221; header_2_font_size_phone=&#8221;2.1em&#8221; header_2_font_size_last_edited=&#8221;on|phone&#8221; global_colors_info=&#8221;{}&#8221;]<\/p>\n<h1>Kontakt &amp; kontaktpersoner<\/h1>\n<p>[\/et_pb_text][et_pb_text _builder_version=&#8221;4.25.0&#8243; _module_preset=&#8221;default&#8221; text_text_color=&#8221;#000000&#8243; header_text_color=&#8221;#000000&#8243; custom_margin=&#8221;-14px|||||&#8221; global_colors_info=&#8221;{}&#8221;]<\/p>\n<p>\u00c4r du en tj\u00e4nsteleverant\u00f6r med en sp\u00e4nnande l\u00f6sning som du vill erbjuda oss? Tveka inte att kontakta oss, s\u00e5 \u00e5terkommer vi s\u00e5 snart som m\u00f6jligt.<\/p>\n<p class=\"p1\">Har du fr\u00e5gor om v\u00e5r verksamhet, intresserad av att inleda nya samarbeten eller \u00e4r du v\u00e5r n\u00e4sta kollega? Maila oss p\u00e5 <span style=\"color: #ffffff;\"><span class=\"s1\" style=\"color: #ffffff;\"><a href=\"mailto:info@vikingbeds.se\">info@vikingbeds.se<\/a><\/span><\/span><\/p>\n<p class=\"p1\"><strong><span style=\"color: #ffffff;\"><span class=\"s1\" style=\"color: #ffffff;\"><\/span><\/span><\/strong><\/p>\n<p class=\"p1\"><strong><span style=\"color: #ffffff;\"><span class=\"s1\" style=\"color: #ffffff;\"><\/span><\/span><\/strong><\/p>\n<p class=\"p1\"><strong><span style=\"color: #ffffff;\"><span class=\"s1\" style=\"color: #ffffff;\"><\/span><\/span><\/strong><\/p>\n<p class=\"p1\"><strong><span style=\"color: #ffffff;\"><span class=\"s1\" style=\"color: #ffffff;\"><\/span><\/span><\/strong><\/p>\n<p class=\"p1\"><strong><span style=\"color: #ffffff;\"><span class=\"s1\" style=\"color: #ffffff;\"><\/span><\/span><\/strong><\/p>\n<p class=\"p1\"><strong><span style=\"color: #ffffff;\"><span class=\"s1\" style=\"color: #ffffff;\"><\/span><\/span><\/strong><\/p>\n<p class=\"p1\"><strong><span style=\"color: #ffffff;\"><span class=\"s1\" style=\"color: #ffffff;\"><\/span><\/span><\/strong><\/p>\n<p class=\"p1\"><strong><span style=\"color: #ffffff;\"><span class=\"s1\" style=\"color: #ffffff;\"><\/span><\/span><\/strong><\/p>\n<p>[\/et_pb_text][\/et_pb_column][\/et_pb_row][\/et_pb_section][et_pb_section fb_built=&#8221;1&#8243; _builder_version=&#8221;4.16&#8243; _module_preset=&#8221;default&#8221; custom_margin=&#8221;||-275px|||&#8221; custom_padding=&#8221;39px||27px|||&#8221; global_colors_info=&#8221;{}&#8221;][et_pb_row column_structure=&#8221;1_3,1_3,1_3&#8243; use_custom_gutter=&#8221;on&#8221; gutter_width=&#8221;0&#8243; make_equal=&#8221;on&#8221; admin_label=&#8221;Workshops and Events Area&#8221; module_class=&#8221; et_pb_row_fullwidth&#8221; _builder_version=&#8221;4.25.0&#8243; width=&#8221;100%&#8221; width_tablet=&#8221;100%&#8221; width_phone=&#8221;&#8221; width_last_edited=&#8221;on|desktop&#8221; max_width=&#8221;100%&#8221; max_width_tablet=&#8221;100%&#8221; max_width_phone=&#8221;&#8221; max_width_last_edited=&#8221;on|desktop&#8221; min_height=&#8221;497.8px&#8221; custom_margin=&#8221;|||&#8221; custom_padding=&#8221;0px||0px|||&#8221; border_width_bottom=&#8221;10px&#8221; border_color_bottom=&#8221;#FFFFFF&#8221; make_fullwidth=&#8221;on&#8221; global_colors_info=&#8221;{}&#8221;][et_pb_column type=&#8221;1_3&#8243; _builder_version=&#8221;4.16&#8243; background_color=&#8221;#FFFFFF&#8221; custom_padding=&#8221;5%|5%|0px|5%|false|false&#8221; border_width_right=&#8221;2px&#8221; global_colors_info=&#8221;{}&#8221; custom_padding__hover=&#8221;|||&#8221;][et_pb_text _builder_version=&#8221;4.25.0&#8243; _module_preset=&#8221;default&#8221; header_font=&#8221;Cormorant||||||||&#8221; header_2_font=&#8221;|700||on|||||&#8221; header_2_font_size=&#8221;3.5em&#8221; global_colors_info=&#8221;{}&#8221;]<\/p>\n<h1>Mattias Hellqvist, VD &amp; F\u00f6rs\u00e4ljningschef<\/h1>\n<p>[\/et_pb_text][et_pb_text _builder_version=&#8221;4.25.0&#8243; _module_preset=&#8221;default&#8221; custom_padding=&#8221;||142px|||&#8221; global_colors_info=&#8221;{}&#8221;]<\/p>\n<p><a href=\"mailto:mattias.hellqvist@vikingbeds.se\">mattias.hellqvist@vikingbeds.se<\/a>\u00a0<span>| +46(0)383-76 26 80<\/span><\/p>\n<p>[\/et_pb_text][\/et_pb_column][et_pb_column type=&#8221;1_3&#8243; _builder_version=&#8221;4.16&#8243; background_color=&#8221;#FFFFFF&#8221; custom_padding=&#8221;5%|5%|0px|5%|false|false&#8221; border_width_right=&#8221;2px&#8221; border_color_right=&#8221;#000000&#8243; global_colors_info=&#8221;{}&#8221; custom_padding__hover=&#8221;|||&#8221;][et_pb_text _builder_version=&#8221;4.25.0&#8243; _module_preset=&#8221;default&#8221; header_font=&#8221;Cormorant||||||||&#8221; header_2_font=&#8221;|700||on|||||&#8221; header_2_font_size=&#8221;3.5em&#8221; global_colors_info=&#8221;{}&#8221;]<\/p>\n<h1>Viktoria Fransson, Marknad- &amp; konceptansvarig<\/h1>\n<p>[\/et_pb_text][et_pb_text _builder_version=&#8221;4.25.0&#8243; _module_preset=&#8221;default&#8221; custom_padding=&#8221;||163px|||&#8221; hover_enabled=&#8221;0&#8243; global_colors_info=&#8221;{}&#8221; sticky_enabled=&#8221;0&#8243;]<\/p>\n<p><a href=\"mailto:viktoria.fransson@vikingbeds.se\">viktoria.fransson@vikingbeds.se<\/a>\u00a0\u00a0<span>| +46 (0)383-56 62 53<\/span><\/p>\n<p>[\/et_pb_text][\/et_pb_column][et_pb_column type=&#8221;1_3&#8243; _builder_version=&#8221;4.16&#8243; background_color=&#8221;#FFFFFF&#8221; custom_padding=&#8221;5%|5%|0px|5%|false|false&#8221; global_colors_info=&#8221;{}&#8221; custom_padding__hover=&#8221;|||&#8221;][et_pb_text _builder_version=&#8221;4.25.0&#8243; _module_preset=&#8221;default&#8221; header_font=&#8221;Cormorant||||||||&#8221; header_2_font=&#8221;|700||on|||||&#8221; header_2_font_size=&#8221;3.5em&#8221; global_colors_info=&#8221;{}&#8221;]<\/p>\n<h1>Eva Aur\u00e9n Nerentoft, Ink\u00f6pare<\/h1>\n<p>[\/et_pb_text][et_pb_text _builder_version=&#8221;4.25.0&#8243; _module_preset=&#8221;default&#8221; min_height=&#8221;134.8px&#8221; hover_enabled=&#8221;0&#8243; global_colors_info=&#8221;{}&#8221; sticky_enabled=&#8221;0&#8243;]<\/p>\n<p><a href=\"mailto:inkop@vikingbeds.se\" target=\"_blank\" rel=\"noopener\">inkop@vikingbeds.se<\/a>\u00a0<span>|<\/span> +46 (0)383-52 38 62<\/p>\n<p>[\/et_pb_text][\/et_pb_column][\/et_pb_row][\/et_pb_section]<\/p>\n","protected":false},"excerpt":{"rendered":"<p>Kontakta ossViking Beds s\u00e4ljer sina produkter via \u00e5terf\u00f6rs\u00e4ljare och inte direkt till privatpersoner.Om du som privatperson har fr\u00e5gor om v\u00e5ra s\u00e4ngar \u00e4r du varmt v\u00e4lkommen att kontakta n\u00e5gon av v\u00e5ra \u00e5terf\u00f6rs\u00e4ljare \u2013 de hj\u00e4lper dig g\u00e4rna! Vid reklamationer eller andra \u00e4renden r\u00f6rande din s\u00e4ng ska du alltid i f\u00f6rsta hand v\u00e4nda dig till den \u00e5terf\u00f6rs\u00e4ljare [&hellip;]<\/p>\n","protected":false},"author":1,"featured_media":0,"parent":0,"menu_order":0,"comment_status":"closed","ping_status":"closed","template":"","meta":{"_et_pb_use_builder":"on","_et_pb_old_content":"","_et_gb_content_width":"","footnotes":""},"class_list":["post-1900","page","type-page","status-publish","hentry"],"yoast_head":"<!-- This site is optimized with the Yoast SEO plugin v27.3 - https:\/\/yoast.com\/product\/yoast-seo-wordpress\/ -->\n<title>Kontakt - Vikingbeds.se<\/title>\n<meta name=\"robots\" content=\"index, follow, max-snippet:-1, max-image-preview:large, max-video-preview:-1\" \/>\n<link rel=\"canonical\" href=\"https:\/\/vikingbeds.se\/en\/contact\/\" \/>\n<meta property=\"og:locale\" content=\"en_GB\" \/>\n<meta property=\"og:type\" content=\"article\" \/>\n<meta property=\"og:title\" content=\"Kontakt - Vikingbeds.se\" \/>\n<meta property=\"og:description\" content=\"Kontakta ossViking Beds s\u00e4ljer sina produkter via \u00e5terf\u00f6rs\u00e4ljare och inte direkt till privatpersoner.Om du som privatperson har fr\u00e5gor om v\u00e5ra s\u00e4ngar \u00e4r du varmt v\u00e4lkommen att kontakta n\u00e5gon av v\u00e5ra \u00e5terf\u00f6rs\u00e4ljare \u2013 de hj\u00e4lper dig g\u00e4rna! Vid reklamationer eller andra \u00e4renden r\u00f6rande din s\u00e4ng ska du alltid i f\u00f6rsta hand v\u00e4nda dig till den \u00e5terf\u00f6rs\u00e4ljare [&hellip;]\" \/>\n<meta property=\"og:url\" content=\"https:\/\/vikingbeds.se\/en\/contact\/\" \/>\n<meta property=\"og:site_name\" content=\"Vikingbeds.se\" \/>\n<meta property=\"article:modified_time\" content=\"2026-02-17T12:36:57+00:00\" \/>\n<meta name=\"twitter:card\" content=\"summary_large_image\" \/>\n<meta name=\"twitter:label1\" content=\"Estimated reading time\" \/>\n\t<meta name=\"twitter:data1\" content=\"5 minutes\" \/>\n<script type=\"application\/ld+json\" class=\"yoast-schema-graph\">{\"@context\":\"https:\\\/\\\/schema.org\",\"@graph\":[{\"@type\":\"WebPage\",\"@id\":\"https:\\\/\\\/vikingbeds.se\\\/kontakt\\\/\",\"url\":\"https:\\\/\\\/vikingbeds.se\\\/kontakt\\\/\",\"name\":\"Kontakt - Vikingbeds.se\",\"isPartOf\":{\"@id\":\"https:\\\/\\\/vikingbeds.se\\\/#website\"},\"datePublished\":\"2022-02-11T14:46:07+00:00\",\"dateModified\":\"2026-02-17T12:36:57+00:00\",\"breadcrumb\":{\"@id\":\"https:\\\/\\\/vikingbeds.se\\\/kontakt\\\/#breadcrumb\"},\"inLanguage\":\"en-GB\",\"potentialAction\":[{\"@type\":\"ReadAction\",\"target\":[\"https:\\\/\\\/vikingbeds.se\\\/kontakt\\\/\"]}]},{\"@type\":\"BreadcrumbList\",\"@id\":\"https:\\\/\\\/vikingbeds.se\\\/kontakt\\\/#breadcrumb\",\"itemListElement\":[{\"@type\":\"ListItem\",\"position\":1,\"name\":\"Hem\",\"item\":\"https:\\\/\\\/vikingbeds.se\\\/\"},{\"@type\":\"ListItem\",\"position\":2,\"name\":\"Kontakt\"}]},{\"@type\":\"WebSite\",\"@id\":\"https:\\\/\\\/vikingbeds.se\\\/#website\",\"url\":\"https:\\\/\\\/vikingbeds.se\\\/\",\"name\":\"Vikingbeds.se\",\"description\":\"\",\"potentialAction\":[{\"@type\":\"SearchAction\",\"target\":{\"@type\":\"EntryPoint\",\"urlTemplate\":\"https:\\\/\\\/vikingbeds.se\\\/?s={search_term_string}\"},\"query-input\":{\"@type\":\"PropertyValueSpecification\",\"valueRequired\":true,\"valueName\":\"search_term_string\"}}],\"inLanguage\":\"en-GB\"}]}<\/script>\n<!-- \/ Yoast SEO plugin. -->","yoast_head_json":{"title":"Kontakt - Vikingbeds.se","robots":{"index":"index","follow":"follow","max-snippet":"max-snippet:-1","max-image-preview":"max-image-preview:large","max-video-preview":"max-video-preview:-1"},"canonical":"https:\/\/vikingbeds.se\/en\/contact\/","og_locale":"en_GB","og_type":"article","og_title":"Kontakt - Vikingbeds.se","og_description":"Kontakta ossViking Beds s\u00e4ljer sina produkter via \u00e5terf\u00f6rs\u00e4ljare och inte direkt till privatpersoner.Om du som privatperson har fr\u00e5gor om v\u00e5ra s\u00e4ngar \u00e4r du varmt v\u00e4lkommen att kontakta n\u00e5gon av v\u00e5ra \u00e5terf\u00f6rs\u00e4ljare \u2013 de hj\u00e4lper dig g\u00e4rna! Vid reklamationer eller andra \u00e4renden r\u00f6rande din s\u00e4ng ska du alltid i f\u00f6rsta hand v\u00e4nda dig till den \u00e5terf\u00f6rs\u00e4ljare [&hellip;]","og_url":"https:\/\/vikingbeds.se\/en\/contact\/","og_site_name":"Vikingbeds.se","article_modified_time":"2026-02-17T12:36:57+00:00","twitter_card":"summary_large_image","twitter_misc":{"Estimated reading time":"5 minutes"},"schema":{"@context":"https:\/\/schema.org","@graph":[{"@type":"WebPage","@id":"https:\/\/vikingbeds.se\/kontakt\/","url":"https:\/\/vikingbeds.se\/kontakt\/","name":"Kontakt - Vikingbeds.se","isPartOf":{"@id":"https:\/\/vikingbeds.se\/#website"},"datePublished":"2022-02-11T14:46:07+00:00","dateModified":"2026-02-17T12:36:57+00:00","breadcrumb":{"@id":"https:\/\/vikingbeds.se\/kontakt\/#breadcrumb"},"inLanguage":"en-GB","potentialAction":[{"@type":"ReadAction","target":["https:\/\/vikingbeds.se\/kontakt\/"]}]},{"@type":"BreadcrumbList","@id":"https:\/\/vikingbeds.se\/kontakt\/#breadcrumb","itemListElement":[{"@type":"ListItem","position":1,"name":"Hem","item":"https:\/\/vikingbeds.se\/"},{"@type":"ListItem","position":2,"name":"Kontakt"}]},{"@type":"WebSite","@id":"https:\/\/vikingbeds.se\/#website","url":"https:\/\/vikingbeds.se\/","name":"Vikingbeds.se","description":"","potentialAction":[{"@type":"SearchAction","target":{"@type":"EntryPoint","urlTemplate":"https:\/\/vikingbeds.se\/?s={search_term_string}"},"query-input":{"@type":"PropertyValueSpecification","valueRequired":true,"valueName":"search_term_string"}}],"inLanguage":"en-GB"}]}},"_links":{"self":[{"href":"https:\/\/vikingbeds.se\/en\/wp-json\/wp\/v2\/pages\/1900","targetHints":{"allow":["GET"]}}],"collection":[{"href":"https:\/\/vikingbeds.se\/en\/wp-json\/wp\/v2\/pages"}],"about":[{"href":"https:\/\/vikingbeds.se\/en\/wp-json\/wp\/v2\/types\/page"}],"author":[{"embeddable":true,"href":"https:\/\/vikingbeds.se\/en\/wp-json\/wp\/v2\/users\/1"}],"replies":[{"embeddable":true,"href":"https:\/\/vikingbeds.se\/en\/wp-json\/wp\/v2\/comments?post=1900"}],"version-history":[{"count":0,"href":"https:\/\/vikingbeds.se\/en\/wp-json\/wp\/v2\/pages\/1900\/revisions"}],"wp:attachment":[{"href":"https:\/\/vikingbeds.se\/en\/wp-json\/wp\/v2\/media?parent=1900"}],"curies":[{"name":"wp","href":"https:\/\/api.w.org\/{rel}","templated":true}]}}