{"id":4933,"date":"2025-01-15T13:52:43","date_gmt":"2025-01-15T12:52:43","guid":{"rendered":"https:\/\/vikingbeds.se\/?page_id=4933"},"modified":"2026-02-03T14:13:35","modified_gmt":"2026-02-03T13:13:35","slug":"tygkollektion","status":"publish","type":"page","link":"https:\/\/vikingbeds.se\/dk\/tygkollektion\/","title":{"rendered":"Stofkollektion Standard"},"content":{"rendered":"<p>[et_pb_section fb_built=&#8221;1&#8243; module_class=&#8221;bg-overlay&#8221; _builder_version=&#8221;4.25.0&#8243; _module_preset=&#8221;default&#8221; background_color=&#8221;rgba(0,0,0,0.63)&#8221; background_image=&#8221;https:\/\/vikingbeds.se\/wp-content\/uploads\/2022\/05\/Viking-beds15776-.jpg&#8221; parallax=&#8221;on&#8221; parallax_method=&#8221;off&#8221; height=&#8221;800px&#8221; height_tablet=&#8221;800px&#8221; height_phone=&#8221;650px&#8221; height_last_edited=&#8221;on|phone&#8221; global_colors_info=&#8221;{}&#8221;][et_pb_row admin_label=&#8221;Rubrik &#8211; header&#8221; _builder_version=&#8221;4.17.3&#8243; _module_preset=&#8221;default&#8221; custom_margin=&#8221;18em|auto||auto|false|false&#8221; custom_margin_tablet=&#8221;18em|auto||auto|false|false&#8221; custom_margin_phone=&#8221;15em|auto||auto|false|false&#8221; custom_margin_last_edited=&#8221;on|phone&#8221; global_colors_info=&#8221;{}&#8221;][et_pb_column type=&#8221;4_4&#8243; _builder_version=&#8221;4.16&#8243; _module_preset=&#8221;default&#8221; global_colors_info=&#8221;{}&#8221;][et_pb_text admin_label=&#8221;Rubrik&#8221; _builder_version=&#8221;4.24.1&#8243; _module_preset=&#8221;default&#8221; header_font=&#8221;Cormorant|600|||||||&#8221; header_text_align=&#8221;center&#8221; header_text_color=&#8221;#FFFFFF&#8221; header_font_size=&#8221;6em&#8221; custom_padding=&#8221;||4px|||&#8221; header_font_size_tablet=&#8221;3em&#8221; header_font_size_phone=&#8221;2.5em&#8221; header_font_size_last_edited=&#8221;on|phone&#8221; global_colors_info=&#8221;{}&#8221;]<\/p>\n<h1>Tygkollektion<\/h1>\n<p>[\/et_pb_text][\/et_pb_column][\/et_pb_row][\/et_pb_section][et_pb_section fb_built=&#8221;1&#8243; custom_padding_last_edited=&#8221;on|phone&#8221; disabled_on=&#8221;off|off|off&#8221; admin_label=&#8221;Sektion&#8221; _builder_version=&#8221;4.25.0&#8243; _module_preset=&#8221;default&#8221; background_color=&#8221;#ccc7bd&#8221; background_enable_image=&#8221;off&#8221; min_height=&#8221;250px&#8221; min_height_tablet=&#8221;292px&#8221; min_height_phone=&#8221;250px&#8221; min_height_last_edited=&#8221;on|phone&#8221; custom_margin=&#8221;||0px||false|false&#8221; custom_padding=&#8221;37px||0px||false|false&#8221; custom_padding_tablet=&#8221;49px||0px||false|false&#8221; custom_padding_phone=&#8221;30px||31px||false|false&#8221; global_colors_info=&#8221;{}&#8221;][et_pb_row _builder_version=&#8221;4.25.0&#8243; _module_preset=&#8221;default&#8221; min_height=&#8221;308.6px&#8221; custom_padding=&#8221;||59px|||&#8221; global_colors_info=&#8221;{}&#8221;][et_pb_column type=&#8221;4_4&#8243; _builder_version=&#8221;4.16&#8243; _module_preset=&#8221;default&#8221; global_colors_info=&#8221;{}&#8221;][et_pb_text _builder_version=&#8221;4.25.0&#8243; _module_preset=&#8221;default&#8221; text_text_color=&#8221;#FFFFFF&#8221; text_orientation=&#8221;center&#8221; global_colors_info=&#8221;{}&#8221;]<\/p>\n<p>Viking erbjuder en tygkollektion av m\u00f6beltyger som k\u00e4nnetecknas av h\u00f6g kvalitet och ett brett urval av olika strukturer och f\u00e4rger. Kollektionen \u00e4r noggrant utvald f\u00f6r att skapa en b\u00e5de estetiskt tilltalande och funktionell s\u00e4ngupplevelse.<\/p>\n<p>Bland de olika strukturerna kan man hitta klassiska och tidl\u00f6sa alternativ, men \u00e4ven moderna och funktionella tyger som \u00e4r l\u00e4ttare att h\u00e5lla rena och slitstarka. F\u00e4rgpaletten \u00e4r ocks\u00e5 varierad, fr\u00e5n neutrala och jordn\u00e4ra toner till djupare f\u00e4rger som gr\u00e5tt, bl\u00e5tt och svart, vilket g\u00f6r det enkelt att matcha s\u00e4ngen med den \u00f6vriga inredningen i rummet.<\/p>\n<p>Tygkollektionen fr\u00e5n Viking Beds \u00e4r designad f\u00f6r att inte bara vara estetiskt tilltalande, utan ocks\u00e5 f\u00f6r att ge en l\u00e5ng h\u00e5llbarhet och komfort. Vi arbetar med slitstarka tyger med minst 35.000 Martindale.<\/p>\n<p>[\/et_pb_text][\/et_pb_column][\/et_pb_row][\/et_pb_section][et_pb_section fb_built=&#8221;1&#8243; _builder_version=&#8221;4.16&#8243; _module_preset=&#8221;default&#8221; background_color=&#8221;#f3f3f3&#8243; min_height=&#8221;492px&#8221; max_height=&#8221;1000px&#8221; custom_margin=&#8221;||86px||false|false&#8221; custom_padding=&#8221;172px||412px||false|false&#8221; global_colors_info=&#8221;{}&#8221;][et_pb_row _builder_version=&#8221;4.16&#8243; _module_preset=&#8221;default&#8221; custom_margin=&#8221;||3em||false|false&#8221; custom_padding=&#8221;||234px|||&#8221; global_colors_info=&#8221;{}&#8221;][et_pb_column type=&#8221;4_4&#8243; _builder_version=&#8221;4.16&#8243; _module_preset=&#8221;default&#8221; global_colors_info=&#8221;{}&#8221;][wdcl_image_carousel is_autoplay=&#8221;off&#8221; slide_count=&#8221;5&#8243; arrow_color=&#8221;#FFFFFF&#8221; arrow_bg=&#8221;#565E7A&#8221; arrow_border_color=&#8221;RGBA(255,255,255,0)&#8221; pagi_color=&#8221;#E3C7A7&#8243; pagi_color_active=&#8221;#E3C7A7&#8243; _builder_version=&#8221;4.25.0&#8243; _module_preset=&#8221;default&#8221; transform_scale=&#8221;175%|175%&#8221; global_colors_info=&#8221;{}&#8221;][wdcl_image_carousel_child photo=&#8221;https:\/\/vikingbeds.se\/wp-content\/uploads\/2022\/05\/Viking-Beds_Sand-scaled.jpg&#8221; title=&#8221;Sand&#8221; content_alignment=&#8221;center&#8221; content_type=&#8221;normal&#8221; _builder_version=&#8221;4.25.0&#8243; _module_preset=&#8221;default&#8221; title_font=&#8221;Cormorant|700|||||||&#8221; title_text_color=&#8221;#000000&#8243; title_font_size=&#8221;16px&#8221; subtitle_text_color=&#8221;#000000&#8243; global_colors_info=&#8221;{}&#8221;][\/wdcl_image_carousel_child][wdcl_image_carousel_child photo=&#8221;https:\/\/vikingbeds.se\/wp-content\/uploads\/2022\/05\/Viking-Beds_Sesame-scaled.jpg&#8221; title=&#8221;Sesame&#8221; content_alignment=&#8221;center&#8221; content_type=&#8221;normal&#8221; _builder_version=&#8221;4.25.0&#8243; _module_preset=&#8221;default&#8221; title_font=&#8221;Cormorant|700|||||||&#8221; title_text_color=&#8221;#000000&#8243; title_font_size=&#8221;16px&#8221; subtitle_text_color=&#8221;#000000&#8243; global_colors_info=&#8221;{}&#8221;][\/wdcl_image_carousel_child][wdcl_image_carousel_child photo=&#8221;https:\/\/vikingbeds.se\/wp-content\/uploads\/2022\/05\/Viking-Beds_Linen-scaled.jpg&#8221; title=&#8221;Linen&#8221; content_alignment=&#8221;center&#8221; content_type=&#8221;normal&#8221; _builder_version=&#8221;4.25.0&#8243; _module_preset=&#8221;default&#8221; title_font=&#8221;Cormorant|700|||||||&#8221; title_text_color=&#8221;#000000&#8243; title_font_size=&#8221;16px&#8221; subtitle_text_color=&#8221;#000000&#8243; global_colors_info=&#8221;{}&#8221;][\/wdcl_image_carousel_child][wdcl_image_carousel_child photo=&#8221;https:\/\/vikingbeds.se\/wp-content\/uploads\/2022\/05\/Viking-Beds_Dune-scaled.jpg&#8221; title=&#8221;Dune&#8221; content_alignment=&#8221;center&#8221; content_type=&#8221;normal&#8221; _builder_version=&#8221;4.25.0&#8243; _module_preset=&#8221;default&#8221; title_font=&#8221;Cormorant|700|||||||&#8221; title_text_color=&#8221;#000000&#8243; title_font_size=&#8221;16px&#8221; subtitle_text_color=&#8221;#000000&#8243; global_colors_info=&#8221;{}&#8221;][\/wdcl_image_carousel_child][wdcl_image_carousel_child photo=&#8221;https:\/\/vikingbeds.se\/wp-content\/uploads\/2022\/05\/Viking-Beds_Fossil-scaled.jpg&#8221; title=&#8221;Fossil&#8221; content_alignment=&#8221;center&#8221; content_type=&#8221;normal&#8221; _builder_version=&#8221;4.25.0&#8243; _module_preset=&#8221;default&#8221; title_font=&#8221;Cormorant|700|||||||&#8221; title_text_color=&#8221;#000000&#8243; title_font_size=&#8221;16px&#8221; subtitle_text_color=&#8221;#000000&#8243; global_colors_info=&#8221;{}&#8221;][\/wdcl_image_carousel_child][wdcl_image_carousel_child photo=&#8221;https:\/\/vikingbeds.se\/wp-content\/uploads\/2022\/05\/Viking-Beds_Beige-scaled.jpg&#8221; title=&#8221;Beige&#8221; content_alignment=&#8221;center&#8221; content_type=&#8221;normal&#8221; _builder_version=&#8221;4.25.0&#8243; _module_preset=&#8221;default&#8221; title_font=&#8221;Cormorant|700|||||||&#8221; title_text_color=&#8221;#000000&#8243; title_font_size=&#8221;16px&#8221; subtitle_text_color=&#8221;#000000&#8243; global_colors_info=&#8221;{}&#8221;][\/wdcl_image_carousel_child][wdcl_image_carousel_child photo=&#8221;https:\/\/vikingbeds.se\/wp-content\/uploads\/2022\/05\/Viking-Beds_Snow-scaled.jpg&#8221; title=&#8221;Snow&#8221; content_alignment=&#8221;center&#8221; content_type=&#8221;normal&#8221; _builder_version=&#8221;4.25.0&#8243; _module_preset=&#8221;default&#8221; title_font=&#8221;Cormorant|700|||||||&#8221; title_text_color=&#8221;#000000&#8243; title_font_size=&#8221;16px&#8221; subtitle_text_color=&#8221;#000000&#8243; global_colors_info=&#8221;{}&#8221;][\/wdcl_image_carousel_child][\/wdcl_image_carousel][\/et_pb_column][\/et_pb_row][et_pb_row _builder_version=&#8221;4.16&#8243; _module_preset=&#8221;default&#8221; custom_margin=&#8221;||3em||false|false&#8221; custom_padding=&#8221;||216px|||&#8221; global_colors_info=&#8221;{}&#8221;][et_pb_column type=&#8221;4_4&#8243; _builder_version=&#8221;4.16&#8243; _module_preset=&#8221;default&#8221; global_colors_info=&#8221;{}&#8221;][wdcl_image_carousel is_autoplay=&#8221;off&#8221; slide_count=&#8221;5&#8243; arrow_color=&#8221;#FFFFFF&#8221; arrow_bg=&#8221;#565E7A&#8221; arrow_border_color=&#8221;RGBA(255,255,255,0)&#8221; pagi_color=&#8221;#E3C7A7&#8243; pagi_color_active=&#8221;#E3C7A7&#8243; _builder_version=&#8221;4.25.0&#8243; _module_preset=&#8221;default&#8221; transform_scale=&#8221;175%|175%&#8221; hover_enabled=&#8221;0&#8243; global_colors_info=&#8221;{}&#8221; sticky_enabled=&#8221;0&#8243;][wdcl_image_carousel_child photo=&#8221;https:\/\/vikingbeds.se\/wp-content\/uploads\/2022\/05\/Viking-Beds_Graphite-scaled.jpg&#8221; title=&#8221;Graphite&#8221; content_alignment=&#8221;center&#8221; content_type=&#8221;normal&#8221; _builder_version=&#8221;4.25.0&#8243; _module_preset=&#8221;default&#8221; title_font=&#8221;Cormorant|700|||||||&#8221; title_text_color=&#8221;#000000&#8243; title_font_size=&#8221;16px&#8221; subtitle_text_color=&#8221;#000000&#8243; global_colors_info=&#8221;{}&#8221;][\/wdcl_image_carousel_child][wdcl_image_carousel_child photo=&#8221;https:\/\/vikingbeds.se\/wp-content\/uploads\/2022\/05\/Viking-Beds_Steel-Grey-scaled.jpg&#8221; title=&#8221;Steel Grey&#8221; content_alignment=&#8221;center&#8221; content_type=&#8221;normal&#8221; _builder_version=&#8221;4.25.0&#8243; _module_preset=&#8221;default&#8221; title_font=&#8221;Cormorant|700|||||||&#8221; title_text_color=&#8221;#000000&#8243; title_font_size=&#8221;16px&#8221; subtitle_text_color=&#8221;#000000&#8243; global_colors_info=&#8221;{}&#8221;][\/wdcl_image_carousel_child][wdcl_image_carousel_child photo=&#8221;https:\/\/vikingbeds.se\/wp-content\/uploads\/2022\/05\/Viking-Beds_Cloudy-Grey-scaled.jpg&#8221; title=&#8221;Cloudy Grey&#8221; content_alignment=&#8221;center&#8221; content_type=&#8221;normal&#8221; _builder_version=&#8221;4.25.0&#8243; _module_preset=&#8221;default&#8221; title_font=&#8221;Cormorant|700|||||||&#8221; title_text_color=&#8221;#000000&#8243; title_font_size=&#8221;16px&#8221; subtitle_text_color=&#8221;#000000&#8243; global_colors_info=&#8221;{}&#8221;][\/wdcl_image_carousel_child][wdcl_image_carousel_child photo=&#8221;https:\/\/vikingbeds.se\/wp-content\/uploads\/2022\/05\/Viking-Beds_Sky-Blue-scaled.jpg&#8221; title=&#8221;Sky Blue&#8221; content_alignment=&#8221;center&#8221; content_type=&#8221;normal&#8221; _builder_version=&#8221;4.25.0&#8243; _module_preset=&#8221;default&#8221; title_font=&#8221;Cormorant|700|||||||&#8221; title_text_color=&#8221;#000000&#8243; title_font_size=&#8221;16px&#8221; subtitle_text_color=&#8221;#000000&#8243; hover_enabled=&#8221;0&#8243; global_colors_info=&#8221;{}&#8221; sticky_enabled=&#8221;0&#8243;][\/wdcl_image_carousel_child][wdcl_image_carousel_child photo=&#8221;https:\/\/vikingbeds.se\/wp-content\/uploads\/2022\/05\/Viking-Beds_Sage-Green-scaled.jpg&#8221; title=&#8221;Sage Green&#8221; content_alignment=&#8221;center&#8221; content_type=&#8221;normal&#8221; _builder_version=&#8221;4.25.0&#8243; _module_preset=&#8221;default&#8221; title_font=&#8221;Cormorant|700|||||||&#8221; title_text_color=&#8221;#000000&#8243; title_font_size=&#8221;16px&#8221; subtitle_text_color=&#8221;#000000&#8243; global_colors_info=&#8221;{}&#8221;][\/wdcl_image_carousel_child][wdcl_image_carousel_child photo=&#8221;https:\/\/vikingbeds.se\/wp-content\/uploads\/2022\/05\/Viking-Beds_Forest-Green-scaled.jpg&#8221; title=&#8221;Forest Green&#8221; content_alignment=&#8221;center&#8221; content_type=&#8221;normal&#8221; _builder_version=&#8221;4.25.0&#8243; _module_preset=&#8221;default&#8221; title_font=&#8221;Cormorant|700|||||||&#8221; title_text_color=&#8221;#000000&#8243; title_font_size=&#8221;16px&#8221; subtitle_text_color=&#8221;#000000&#8243; global_colors_info=&#8221;{}&#8221;][\/wdcl_image_carousel_child][wdcl_image_carousel_child photo=&#8221;https:\/\/vikingbeds.se\/wp-content\/uploads\/2022\/05\/Viking-Beds_Ash-Brown-scaled.jpg&#8221; title=&#8221;Ash Brown&#8221; content_alignment=&#8221;center&#8221; content_type=&#8221;normal&#8221; _builder_version=&#8221;4.25.0&#8243; _module_preset=&#8221;default&#8221; title_font=&#8221;Cormorant|700|||||||&#8221; title_text_color=&#8221;#000000&#8243; title_font_size=&#8221;16px&#8221; subtitle_text_color=&#8221;#000000&#8243; global_colors_info=&#8221;{}&#8221;][\/wdcl_image_carousel_child][wdcl_image_carousel_child photo=&#8221;https:\/\/vikingbeds.se\/wp-content\/uploads\/2026\/02\/VIKING-BEDS-RUSTY-RED-1000&#215;1000-1.jpg&#8221; title=&#8221;Rusty Red&#8221; content_alignment=&#8221;center&#8221; content_type=&#8221;normal&#8221; _builder_version=&#8221;4.25.0&#8243; _module_preset=&#8221;default&#8221; title_font=&#8221;Cormorant|700|||||||&#8221; title_text_color=&#8221;#000000&#8243; title_font_size=&#8221;16px&#8221; subtitle_text_color=&#8221;#000000&#8243; hover_enabled=&#8221;0&#8243; global_colors_info=&#8221;{}&#8221; title_text=&#8221;VIKING BEDS RUSTY RED 1000&#215;1000&#8243; sticky_enabled=&#8221;0&#8243;][\/wdcl_image_carousel_child][wdcl_image_carousel_child photo=&#8221;https:\/\/vikingbeds.se\/wp-content\/uploads\/2022\/05\/Viking-Beds_Midnight-Black-scaled.jpg&#8221; title=&#8221;Midnight Black&#8221; content_alignment=&#8221;center&#8221; content_type=&#8221;normal&#8221; _builder_version=&#8221;4.25.0&#8243; _module_preset=&#8221;default&#8221; title_font=&#8221;Cormorant|700|||||||&#8221; title_text_color=&#8221;#000000&#8243; title_font_size=&#8221;16px&#8221; subtitle_text_color=&#8221;#000000&#8243; global_colors_info=&#8221;{}&#8221;][\/wdcl_image_carousel_child][wdcl_image_carousel_child photo=&#8221;https:\/\/vikingbeds.se\/wp-content\/uploads\/2022\/05\/Viking-Beds_Carbon-Grey-scaled.jpg&#8221; title=&#8221;Carbon Grey&#8221; content_alignment=&#8221;center&#8221; content_type=&#8221;normal&#8221; _builder_version=&#8221;4.25.0&#8243; _module_preset=&#8221;default&#8221; title_font=&#8221;Cormorant|700|||||||&#8221; title_text_color=&#8221;#000000&#8243; title_font_size=&#8221;16px&#8221; subtitle_text_color=&#8221;#000000&#8243; global_colors_info=&#8221;{}&#8221;][\/wdcl_image_carousel_child][\/wdcl_image_carousel][\/et_pb_column][\/et_pb_row][\/et_pb_section][et_pb_section fb_built=&#8221;1&#8243; _builder_version=&#8221;4.25.0&#8243; _module_preset=&#8221;default&#8221; min_height=&#8221;198.9px&#8221; custom_margin=&#8221;||51px|||&#8221; custom_padding=&#8221;||4px|||&#8221; global_colors_info=&#8221;{}&#8221;][\/et_pb_section]<\/p>\n","protected":false},"excerpt":{"rendered":"<p>TygkollektionViking erbjuder en tygkollektion av m\u00f6beltyger som k\u00e4nnetecknas av h\u00f6g kvalitet och ett brett urval av olika strukturer och f\u00e4rger. Kollektionen \u00e4r noggrant utvald f\u00f6r att skapa en b\u00e5de estetiskt tilltalande och funktionell s\u00e4ngupplevelse. Bland de olika strukturerna kan man hitta klassiska och tidl\u00f6sa alternativ, men \u00e4ven moderna och funktionella tyger som \u00e4r l\u00e4ttare att [&hellip;]<\/p>\n","protected":false},"author":2,"featured_media":0,"parent":0,"menu_order":0,"comment_status":"closed","ping_status":"closed","template":"","meta":{"_et_pb_use_builder":"on","_et_pb_old_content":"","_et_gb_content_width":"","footnotes":""},"class_list":["post-4933","page","type-page","status-publish","hentry"],"yoast_head":"<!-- This site is optimized with the Yoast SEO plugin v27.3 - https:\/\/yoast.com\/product\/yoast-seo-wordpress\/ -->\n<title>Tygkollektion - Vikingbeds.se<\/title>\n<meta name=\"robots\" content=\"index, follow, max-snippet:-1, max-image-preview:large, max-video-preview:-1\" \/>\n<link rel=\"canonical\" href=\"https:\/\/vikingbeds.se\/dk\/tygkollektion\/\" \/>\n<meta property=\"og:locale\" content=\"da_DK\" \/>\n<meta property=\"og:type\" content=\"article\" \/>\n<meta property=\"og:title\" content=\"Tygkollektion - Vikingbeds.se\" \/>\n<meta property=\"og:description\" content=\"TygkollektionViking erbjuder en tygkollektion av m\u00f6beltyger som k\u00e4nnetecknas av h\u00f6g kvalitet och ett brett urval av olika strukturer och f\u00e4rger. Kollektionen \u00e4r noggrant utvald f\u00f6r att skapa en b\u00e5de estetiskt tilltalande och funktionell s\u00e4ngupplevelse. Bland de olika strukturerna kan man hitta klassiska och tidl\u00f6sa alternativ, men \u00e4ven moderna och funktionella tyger som \u00e4r l\u00e4ttare att [&hellip;]\" \/>\n<meta property=\"og:url\" content=\"https:\/\/vikingbeds.se\/dk\/tygkollektion\/\" \/>\n<meta property=\"og:site_name\" content=\"Vikingbeds.se\" \/>\n<meta property=\"article:modified_time\" content=\"2026-02-03T13:13:35+00:00\" \/>\n<meta name=\"twitter:card\" content=\"summary_large_image\" \/>\n<meta name=\"twitter:label1\" content=\"Estimeret l\u00e6setid\" \/>\n\t<meta name=\"twitter:data1\" content=\"1 minut\" \/>\n<script type=\"application\/ld+json\" class=\"yoast-schema-graph\">{\"@context\":\"https:\\\/\\\/schema.org\",\"@graph\":[{\"@type\":\"WebPage\",\"@id\":\"https:\\\/\\\/vikingbeds.se\\\/tygkollektion\\\/\",\"url\":\"https:\\\/\\\/vikingbeds.se\\\/tygkollektion\\\/\",\"name\":\"Tygkollektion - Vikingbeds.se\",\"isPartOf\":{\"@id\":\"https:\\\/\\\/vikingbeds.se\\\/#website\"},\"datePublished\":\"2025-01-15T12:52:43+00:00\",\"dateModified\":\"2026-02-03T13:13:35+00:00\",\"breadcrumb\":{\"@id\":\"https:\\\/\\\/vikingbeds.se\\\/tygkollektion\\\/#breadcrumb\"},\"inLanguage\":\"da-DK\",\"potentialAction\":[{\"@type\":\"ReadAction\",\"target\":[\"https:\\\/\\\/vikingbeds.se\\\/tygkollektion\\\/\"]}]},{\"@type\":\"BreadcrumbList\",\"@id\":\"https:\\\/\\\/vikingbeds.se\\\/tygkollektion\\\/#breadcrumb\",\"itemListElement\":[{\"@type\":\"ListItem\",\"position\":1,\"name\":\"Hem\",\"item\":\"https:\\\/\\\/vikingbeds.se\\\/\"},{\"@type\":\"ListItem\",\"position\":2,\"name\":\"Tygkollektion\"}]},{\"@type\":\"WebSite\",\"@id\":\"https:\\\/\\\/vikingbeds.se\\\/#website\",\"url\":\"https:\\\/\\\/vikingbeds.se\\\/\",\"name\":\"Vikingbeds.se\",\"description\":\"\",\"potentialAction\":[{\"@type\":\"SearchAction\",\"target\":{\"@type\":\"EntryPoint\",\"urlTemplate\":\"https:\\\/\\\/vikingbeds.se\\\/?s={search_term_string}\"},\"query-input\":{\"@type\":\"PropertyValueSpecification\",\"valueRequired\":true,\"valueName\":\"search_term_string\"}}],\"inLanguage\":\"da-DK\"}]}<\/script>\n<!-- \/ Yoast SEO plugin. -->","yoast_head_json":{"title":"Tygkollektion - Vikingbeds.se","robots":{"index":"index","follow":"follow","max-snippet":"max-snippet:-1","max-image-preview":"max-image-preview:large","max-video-preview":"max-video-preview:-1"},"canonical":"https:\/\/vikingbeds.se\/dk\/tygkollektion\/","og_locale":"da_DK","og_type":"article","og_title":"Tygkollektion - Vikingbeds.se","og_description":"TygkollektionViking erbjuder en tygkollektion av m\u00f6beltyger som k\u00e4nnetecknas av h\u00f6g kvalitet och ett brett urval av olika strukturer och f\u00e4rger. Kollektionen \u00e4r noggrant utvald f\u00f6r att skapa en b\u00e5de estetiskt tilltalande och funktionell s\u00e4ngupplevelse. Bland de olika strukturerna kan man hitta klassiska och tidl\u00f6sa alternativ, men \u00e4ven moderna och funktionella tyger som \u00e4r l\u00e4ttare att [&hellip;]","og_url":"https:\/\/vikingbeds.se\/dk\/tygkollektion\/","og_site_name":"Vikingbeds.se","article_modified_time":"2026-02-03T13:13:35+00:00","twitter_card":"summary_large_image","twitter_misc":{"Estimeret l\u00e6setid":"1 minut"},"schema":{"@context":"https:\/\/schema.org","@graph":[{"@type":"WebPage","@id":"https:\/\/vikingbeds.se\/tygkollektion\/","url":"https:\/\/vikingbeds.se\/tygkollektion\/","name":"Tygkollektion - Vikingbeds.se","isPartOf":{"@id":"https:\/\/vikingbeds.se\/#website"},"datePublished":"2025-01-15T12:52:43+00:00","dateModified":"2026-02-03T13:13:35+00:00","breadcrumb":{"@id":"https:\/\/vikingbeds.se\/tygkollektion\/#breadcrumb"},"inLanguage":"da-DK","potentialAction":[{"@type":"ReadAction","target":["https:\/\/vikingbeds.se\/tygkollektion\/"]}]},{"@type":"BreadcrumbList","@id":"https:\/\/vikingbeds.se\/tygkollektion\/#breadcrumb","itemListElement":[{"@type":"ListItem","position":1,"name":"Hem","item":"https:\/\/vikingbeds.se\/"},{"@type":"ListItem","position":2,"name":"Tygkollektion"}]},{"@type":"WebSite","@id":"https:\/\/vikingbeds.se\/#website","url":"https:\/\/vikingbeds.se\/","name":"Vikingbeds.se","description":"","potentialAction":[{"@type":"SearchAction","target":{"@type":"EntryPoint","urlTemplate":"https:\/\/vikingbeds.se\/?s={search_term_string}"},"query-input":{"@type":"PropertyValueSpecification","valueRequired":true,"valueName":"search_term_string"}}],"inLanguage":"da-DK"}]}},"_links":{"self":[{"href":"https:\/\/vikingbeds.se\/dk\/wp-json\/wp\/v2\/pages\/4933","targetHints":{"allow":["GET"]}}],"collection":[{"href":"https:\/\/vikingbeds.se\/dk\/wp-json\/wp\/v2\/pages"}],"about":[{"href":"https:\/\/vikingbeds.se\/dk\/wp-json\/wp\/v2\/types\/page"}],"author":[{"embeddable":true,"href":"https:\/\/vikingbeds.se\/dk\/wp-json\/wp\/v2\/users\/2"}],"replies":[{"embeddable":true,"href":"https:\/\/vikingbeds.se\/dk\/wp-json\/wp\/v2\/comments?post=4933"}],"version-history":[{"count":0,"href":"https:\/\/vikingbeds.se\/dk\/wp-json\/wp\/v2\/pages\/4933\/revisions"}],"wp:attachment":[{"href":"https:\/\/vikingbeds.se\/dk\/wp-json\/wp\/v2\/media?parent=4933"}],"curies":[{"name":"wp","href":"https:\/\/api.w.org\/{rel}","templated":true}]}}