{"id":4301,"date":"2023-11-21T14:05:25","date_gmt":"2023-11-21T13:05:25","guid":{"rendered":"https:\/\/vikingbeds.se\/?page_id=4301"},"modified":"2026-01-02T12:14:28","modified_gmt":"2026-01-02T11:14:28","slug":"birka-kontinental-2","status":"publish","type":"page","link":"https:\/\/vikingbeds.se\/dk\/adelso-continental\/","title":{"rendered":"Adels\u00f6 Kontinental"},"content":{"rendered":"<p>[et_pb_section fb_built=&#8221;1&#8243; module_class=&#8221;bg-overlay&#8221; _builder_version=&#8221;4.25.0&#8243; _module_preset=&#8221;default&#8221; background_color=&#8221;rgba(0,0,0,0.63)&#8221; background_image=&#8221;https:\/\/vikingbeds.se\/wp-content\/uploads\/2022\/05\/Viking-beds15776-.jpg&#8221; parallax=&#8221;on&#8221; parallax_method=&#8221;off&#8221; height=&#8221;973px&#8221; height_tablet=&#8221;800px&#8221; height_phone=&#8221;650px&#8221; height_last_edited=&#8221;on|phone&#8221; custom_padding=&#8221;||423px|||&#8221; global_colors_info=&#8221;{}&#8221;][et_pb_row admin_label=&#8221;Rubrik &#8211; header&#8221; _builder_version=&#8221;4.17.3&#8243; _module_preset=&#8221;default&#8221; min_height=&#8221;259.8px&#8221; custom_margin=&#8221;18em|auto||auto|false|false&#8221; custom_margin_tablet=&#8221;18em|auto||auto|false|false&#8221; custom_margin_phone=&#8221;15em|auto||auto|false|false&#8221; custom_margin_last_edited=&#8221;on|phone&#8221; global_colors_info=&#8221;{}&#8221;][et_pb_column type=&#8221;4_4&#8243; _builder_version=&#8221;4.16&#8243; _module_preset=&#8221;default&#8221; global_colors_info=&#8221;{}&#8221;][et_pb_text admin_label=&#8221;Rubrik&#8221; _builder_version=&#8221;4.24.1&#8243; _module_preset=&#8221;default&#8221; header_font=&#8221;Cormorant|600|||||||&#8221; header_text_align=&#8221;center&#8221; header_text_color=&#8221;#FFFFFF&#8221; header_font_size=&#8221;6em&#8221; min_height=&#8221;224.8px&#8221; custom_padding=&#8221;||4px|||&#8221; header_font_size_tablet=&#8221;3em&#8221; header_font_size_phone=&#8221;2em&#8221; header_font_size_last_edited=&#8221;on|phone&#8221; global_colors_info=&#8221;{}&#8221;]<\/p>\n<h1><\/h1>\n<h1><\/h1>\n<h1><\/h1>\n<h1><\/h1>\n<h1><\/h1>\n<h1><\/h1>\n<h1><\/h1>\n<h1><\/h1>\n<h1><\/h1>\n<h1><\/h1>\n<h1>Adels\u00f6 Kontinental<\/h1>\n<p>&nbsp;<\/p>\n<p>[\/et_pb_text][\/et_pb_column][\/et_pb_row][\/et_pb_section][et_pb_section fb_built=&#8221;1&#8243; _builder_version=&#8221;4.16&#8243; _module_preset=&#8221;default&#8221; min_height=&#8221;2418.8px&#8221; custom_padding=&#8221;4px|||||&#8221; global_colors_info=&#8221;{}&#8221;][et_pb_row column_structure=&#8221;1_2,1_2&#8243; use_custom_gutter=&#8221;on&#8221; gutter_width=&#8221;0&#8243; make_equal=&#8221;on&#8221; admin_label=&#8221;Workshops and Events Area&#8221; module_class=&#8221; et_pb_row_fullwidth&#8221; _builder_version=&#8221;4.16&#8243; width=&#8221;90%&#8221; width_tablet=&#8221;100%&#8221; width_phone=&#8221;&#8221; width_last_edited=&#8221;on|desktop&#8221; max_width=&#8221;100%&#8221; max_width_tablet=&#8221;100%&#8221; max_width_phone=&#8221;&#8221; max_width_last_edited=&#8221;on|desktop&#8221; min_height=&#8221;1393px&#8221; custom_margin=&#8221;|||&#8221; custom_padding=&#8221;132px||0px|||&#8221; border_color_bottom=&#8221;#FFFFFF&#8221; make_fullwidth=&#8221;on&#8221; global_colors_info=&#8221;{}&#8221;][et_pb_column type=&#8221;1_2&#8243; _builder_version=&#8221;4.16&#8243; background_color=&#8221;#FFFFFF&#8221; custom_padding=&#8221;4%|5%||5%|false|false&#8221; global_colors_info=&#8221;{}&#8221; custom_padding__hover=&#8221;|||&#8221;][et_pb_text _builder_version=&#8221;4.25.0&#8243; _module_preset=&#8221;default&#8221; header_font=&#8221;Cormorant||||||||&#8221; header_font_size=&#8221;38px&#8221; header_2_font=&#8221;|700||on|||||&#8221; header_2_font_size=&#8221;3.5em&#8221; header_2_font_size_tablet=&#8221;2.5em&#8221; header_2_font_size_phone=&#8221;2.1em&#8221; header_2_font_size_last_edited=&#8221;on|phone&#8221; global_colors_info=&#8221;{}&#8221;]<\/p>\n<h1>Adels\u00f6 Kontinental<\/h1>\n<h2><\/h2>\n<p>[\/et_pb_text][et_pb_text _builder_version=&#8221;4.25.0&#8243; _module_preset=&#8221;default&#8221; header_3_font=&#8221;Cormorant|600|||||||&#8221; header_3_text_color=&#8221;#353C50&#8243; header_3_font_size=&#8221;1.4em&#8221; width=&#8221;100%&#8221; min_height=&#8221;40.4px&#8221; global_colors_info=&#8221;{}&#8221;]<\/p>\n<h3>7 zoner &#8211; 3 pocketlager med sv\u00e5rslagen komfort<\/h3>\n<p>[\/et_pb_text][et_pb_text _builder_version=&#8221;4.25.0&#8243; _module_preset=&#8221;default&#8221; global_colors_info=&#8221;{}&#8221;]<\/p>\n<div class=\"page\" title=\"Page 3\">\n<p>V\u00e5r mest exklusiva s\u00e4ng! Adels\u00f6 Kontinental finns i storlekarna 120, 140, 160, 180 och 210 cm och i l\u00e4ngderna 200 cm och 210 cm. S\u00e4ngen erbjuds med fasthetsgraderna Mjuk, Medium, Fast och Extra Fast f\u00f6r att anpassas efter olika komfortpreferenser. S\u00e4ngen har en exklusiv dekorlist i oljad ek som ger en stilren och naturlig k\u00e4nsla. Med 3-zonad ShoulderZone<span>\u00ae i underb\u00e4dden<\/span> \u00e4r s\u00e4ngen utformad f\u00f6r att ge \u00f6kat st\u00f6d och komfort, s\u00e4rskilt f\u00f6r axelomr\u00e5det.<\/p>\n<p><span style=\"font-size: 16px;\">Res\u00e5rmadrassen har latexstoppning p\u00e5 liggytan, vilket f\u00e5r s\u00e4ngen att k\u00e4nnas extra lyxig. Res\u00e5rsystemet \u00e4r uppbyggt av pocketres\u00e5rer i tre lager, varav 2st i underdelen och 7 zoner PreTenseZone\u00ae-pocket (samma pocketres\u00e5r som Birka) \u00f6verst i plym\u00e5n\/res\u00e5rmadrassen <\/span><span style=\"font-size: 16px;\">. Dubbelstickningen p\u00e5 s\u00e4ngens kanter ger s\u00e4ngen ett extra lyft och \u00e4r d\u00e4r lilla extra f\u00f6r den som har ett \u00f6ga f\u00f6r detaljer.<\/span><\/p>\n<p>Rekommenderad b\u00e4ddmadrass \u00e4r Talalay Wool, vilket kompletterar s\u00e4ngen f\u00f6r en \u00e4nnu b\u00e4ttre s\u00f6mnupplevelse,<span style=\"font-size: 16px;\">\u00a0i och med sin Vita Talalay<span>\u00ae<\/span>-latexk\u00e4rna omsvept av h\u00e4rligt ventilerande ull och bomullstretchtyg n\u00e4rmast kroppen<\/span>.\u00a0<\/p>\n<p>&nbsp;<\/p>\n<div class=\"section\">\n<div class=\"layoutArea\">\n<div class=\"column\">\n<div class=\"page\" title=\"Page 2\">\n<div class=\"section\">\n<div class=\"layoutArea\">\n<div class=\"column\">\n<div class=\"page\" title=\"Page 4\">\n<div class=\"section\">\n<div class=\"layoutArea\">\n<div class=\"column\">\n<p>&nbsp;<\/p>\n<p>&nbsp;<\/p>\n<\/div>\n<\/div>\n<\/div>\n<\/div>\n<\/div>\n<\/div>\n<\/div>\n<\/div>\n<\/div>\n<\/div>\n<\/div>\n<\/div>\n<p>[\/et_pb_text][\/et_pb_column][et_pb_column type=&#8221;1_2&#8243; _builder_version=&#8221;4.16&#8243; background_color=&#8221;#FFFFFF&#8221; custom_padding=&#8221;||||false|false&#8221; global_colors_info=&#8221;{}&#8221; custom_padding__hover=&#8221;|||&#8221;][dsm_image_carousel gallery_ids=&#8221;4691,4693,4695&#8243; sizes=&#8221;et-pb-image&#8211;responsive&#8211;tablet&#8221; slide_to_show=&#8221;1&#8243; autoplay=&#8221;off&#8221; arrows=&#8221;off&#8221; grab=&#8221;off&#8221; _builder_version=&#8221;4.25.0&#8243; _module_preset=&#8221;default&#8221; global_colors_info=&#8221;{}&#8221;][\/dsm_image_carousel][\/et_pb_column][\/et_pb_row][et_pb_row column_structure=&#8221;1_2,1_2&#8243; use_custom_gutter=&#8221;on&#8221; gutter_width=&#8221;0&#8243; make_equal=&#8221;on&#8221; admin_label=&#8221;Workshops and Events Area&#8221; module_class=&#8221; et_pb_row_fullwidth&#8221; _builder_version=&#8221;4.16&#8243; width=&#8221;90%&#8221; width_tablet=&#8221;100%&#8221; width_phone=&#8221;&#8221; width_last_edited=&#8221;on|desktop&#8221; max_width=&#8221;100%&#8221; max_width_tablet=&#8221;100%&#8221; max_width_phone=&#8221;&#8221; max_width_last_edited=&#8221;on|desktop&#8221; custom_margin=&#8221;|||&#8221; custom_padding=&#8221;0px||0px|||&#8221; border_color_bottom=&#8221;#FFFFFF&#8221; make_fullwidth=&#8221;on&#8221; global_colors_info=&#8221;{}&#8221;][et_pb_column type=&#8221;1_2&#8243; _builder_version=&#8221;4.16&#8243; background_color=&#8221;#FFFFFF&#8221; custom_padding=&#8221;4%|5%||5%|false|false&#8221; global_colors_info=&#8221;{}&#8221; custom_padding__hover=&#8221;|||&#8221;][et_pb_text _builder_version=&#8221;4.25.0&#8243; _module_preset=&#8221;default&#8221; header_font=&#8221;Cormorant||||||||&#8221; header_font_size=&#8221;38px&#8221; header_2_font=&#8221;|700||on|||||&#8221; header_2_font_size=&#8221;3.5em&#8221; custom_padding=&#8221;||5px|||&#8221; header_2_font_size_tablet=&#8221;2.5em&#8221; header_2_font_size_phone=&#8221;2.1em&#8221; header_2_font_size_last_edited=&#8221;on|phone&#8221; global_colors_info=&#8221;{}&#8221;]<\/p>\n<h1>Adels\u00f6 Kontinental &#8211; T\u00e4rnsj\u00f6 Edition<\/h1>\n<p>[\/et_pb_text][et_pb_text _builder_version=&#8221;4.25.0&#8243; _module_preset=&#8221;default&#8221; header_3_font=&#8221;Cormorant|600|||||||&#8221; header_3_text_color=&#8221;#353C50&#8243; header_3_font_size=&#8221;1.4em&#8221; width=&#8221;100%&#8221; min_height=&#8221;41.4px&#8221; global_colors_info=&#8221;{}&#8221;]<\/p>\n<h3>7 zoner &#8211; Limiterad modell i 99st numrerade exemplar<\/h3>\n<p>[\/et_pb_text][et_pb_text _builder_version=&#8221;4.17.3&#8243; _module_preset=&#8221;default&#8221; global_colors_info=&#8221;{}&#8221;]<\/p>\n<div class=\"page\" title=\"Page 3\">\n<div class=\"section\">\n<div class=\"layoutArea\">\n<div class=\"column\">\n<div class=\"page\" title=\"Page 2\">\n<div class=\"section\">\n<div class=\"layoutArea\">\n<div class=\"column\">\n<div class=\"page\" title=\"Page 4\">\n<div class=\"section\">\n<div class=\"layoutArea\">\n<div class=\"column\">\n<p><span style=\"font-size: 16px;\">Viking Beds initierade samarbetet med T\u00e4rnsj\u00f6 Garveri i syfte att utmana v\u00e5rt eget hantverkskunnande och samtidigt hedra en anrik svensk tradition av f\u00f6retag med lokal f\u00f6rankring och stort kunnande. T\u00e4rnsj\u00f6 Garveri levererar sitt l\u00e4der till flera skandinaviska m\u00f6beltillverkare med h\u00f6gt anseende vilket gjorde oss nyfikna p\u00e5 hur Viking Beds skulle kunna hitta ett s\u00e4tt att inkorporera l\u00e4dret tillsammans med v\u00e5r nya toppmodell Adels\u00f6 Kontinental. Svaret blev en unik s\u00e4ng med en exklusiv b\u00e5rd i vegetabiliskt m\u00f6rkbrunt l\u00e4der p\u00e5 s\u00e4ngens bottnar och helt l\u00e4derkl\u00e4dda s\u00e4ngben.<\/span><\/p>\n<p>B\u00e5rden i l\u00e4der sys p\u00e5 bolstret i Viking Beds fabrik i sm\u00e5l\u00e4ndska Eken\u00e4ssj\u00f6n medan benen kl\u00e4s in i l\u00e4der av skickliga hantverkare hos T\u00e4rnsj\u00f6 Garveri. \u00c4ven huvudgaveln har samma b\u00e5rd p\u00e5<br \/>kortsidorna i syfte att f\u00e5 ett enhetligt uttryck l\u00e4ngs med hela l\u00e5ngsidorna. Ut\u00f6ver de unika detaljerna i l\u00e4der \u00e4r s\u00e4ngen kl\u00e4dd i ett m\u00f6beltyg i 100% slitstarkt linne med rej\u00e4l textur i syfte att matcha s\u00e4ngens \u00f6vriga attribut. \u00c4ven huvudgavel och gavelkuddar \u00e4r kl\u00e4dda samma m\u00f6beltyg f\u00f6r att skapa en enhetlig m\u00f6bel. T\u00e4rnsj\u00f6 Edition tillverkas i 99st numrerade exemplar vilket tydligg\u00f6rs med en unik m\u00e4rkning av varje s\u00e4ng.<\/p>\n<p>Med 3-zonad ShoulderZone<span>\u00ae i underb\u00e4dden<\/span> \u00e4r s\u00e4ngen utformad f\u00f6r att ge \u00f6kat st\u00f6d och komfort, s\u00e4rskilt f\u00f6r axelomr\u00e5det. Rekommenderad b\u00e4ddmadrass \u00e4r Talalay Wool, vilket kompletterar s\u00e4ngen f\u00f6r en \u00e4nnu b\u00e4ttre s\u00f6mnupplevelse<span style=\"font-size: 16px;\">en i och med sin Vita Talalay<span>\u00ae<\/span>-latexk\u00e4rna omsvept av h\u00e4rligt ventilerande ull och bomullstretchtyg n\u00e4rmast kroppen<\/span>. Res\u00e5rsystemet \u00e4r uppbyggt av pocketres\u00e5rer i tre lager, varav 2st i underdelen och samma komfort som Birka \u00f6verst i plym\u00e5n.<\/p>\n<p>Res\u00e5rmadrassen har latexstoppning p\u00e5 liggytan vilket f\u00e5r s\u00e4ngen att k\u00e4nnas extra lyxig. Dubbelstickningen ger s\u00e4ngen ett extra lyft och ger det d\u00e4r lilla extra f\u00f6r den som har ett \u00f6ga f\u00f6r detaljer.<\/p>\n<p>Tillverkas i m\u00e5tt 180 cm men i tv\u00e5 l\u00e4ngder 200 cm och 210 cm. Finns endast i den tygf\u00e4rg som visas p\u00e5 bilden.<\/p>\n<p>&nbsp;<\/p>\n<\/div>\n<\/div>\n<\/div>\n<\/div>\n<\/div>\n<\/div>\n<\/div>\n<\/div>\n<\/div>\n<\/div>\n<\/div>\n<\/div>\n<p>[\/et_pb_text][\/et_pb_column][et_pb_column type=&#8221;1_2&#8243; _builder_version=&#8221;4.16&#8243; background_color=&#8221;#FFFFFF&#8221; custom_padding=&#8221;||||false|false&#8221; global_colors_info=&#8221;{}&#8221; custom_padding__hover=&#8221;|||&#8221;][dsm_image_carousel gallery_ids=&#8221;4314,4374,4373,4371&#8243; sizes=&#8221;et-pb-image&#8211;responsive&#8211;tablet&#8221; slide_to_show=&#8221;1&#8243; autoplay=&#8221;off&#8221; arrows=&#8221;off&#8221; grab=&#8221;off&#8221; _builder_version=&#8221;4.25.0&#8243; _module_preset=&#8221;default&#8221; global_colors_info=&#8221;{}&#8221;][\/dsm_image_carousel][\/et_pb_column][\/et_pb_row][\/et_pb_section][et_pb_section fb_built=&#8221;1&#8243; custom_padding_last_edited=&#8221;on|phone&#8221; _builder_version=&#8221;4.25.0&#8243; _module_preset=&#8221;default&#8221; background_color=&#8221;#353C50&#8243; min_height=&#8221;412px&#8221; min_height_tablet=&#8221;500px&#8221; min_height_phone=&#8221;100px&#8221; min_height_last_edited=&#8221;on|phone&#8221; max_height=&#8221;1000px&#8221; custom_margin=&#8221;||-102px|||&#8221; custom_padding=&#8221;153px|||||&#8221; custom_padding_tablet=&#8221;3em||||false|false&#8221; custom_padding_phone=&#8221;50px|||0px|false|false&#8221; global_module=&#8221;2159&#8243; saved_tabs=&#8221;all&#8221; global_colors_info=&#8221;{}&#8221;][et_pb_row use_custom_gutter=&#8221;on&#8221; gutter_width=&#8221;0&#8243; make_equal=&#8221;on&#8221; module_class=&#8221; et_pb_row_fullwidth&#8221; _builder_version=&#8221;4.16&#8243; _module_preset=&#8221;default&#8221; width=&#8221;100%&#8221; width_tablet=&#8221;100%&#8221; width_phone=&#8221;&#8221; width_last_edited=&#8221;on|desktop&#8221; max_width=&#8221;100%&#8221; max_width_tablet=&#8221;100%&#8221; max_width_phone=&#8221;&#8221; max_width_last_edited=&#8221;on|desktop&#8221; custom_margin=&#8221;|auto|1px|auto||&#8221; custom_padding=&#8221;0px||1px|||&#8221; border_color_bottom=&#8221;#FFFFFF&#8221; global_colors_info=&#8221;{}&#8221;][et_pb_column type=&#8221;4_4&#8243; _builder_version=&#8221;4.16&#8243; _module_preset=&#8221;default&#8221; global_colors_info=&#8221;{}&#8221;][et_pb_text _builder_version=&#8221;4.25.0&#8243; _module_preset=&#8221;default&#8221; text_text_color=&#8221;#565E7A&#8221; header_font=&#8221;Cormorant|600|||||||&#8221; header_text_align=&#8221;center&#8221; header_text_color=&#8221;#FFFFFF&#8221; header_font_size=&#8221;44px&#8221; header_3_font=&#8221;Gotham-bold||||||||&#8221; header_3_text_align=&#8221;center&#8221; header_3_text_color=&#8221;#FFFFFF&#8221; custom_margin=&#8221;||16px|||&#8221; global_colors_info=&#8221;{}&#8221;]<\/p>\n<h1>Hitta \u00e5terf\u00f6rs\u00e4ljare<\/h1>\n<p>[\/et_pb_text][et_pb_text _builder_version=&#8221;4.16&#8243; _module_preset=&#8221;default&#8221; text_text_color=&#8221;#FFFFFF&#8221; header_font=&#8221;Gotham-bold|600||on|||||&#8221; header_text_align=&#8221;center&#8221; header_text_color=&#8221;#FFFFFF&#8221; header_font_size=&#8221;75px&#8221; text_orientation=&#8221;center&#8221; custom_padding_tablet=&#8221;&#8221; custom_padding_phone=&#8221;|5%||5%|false|true&#8221; custom_padding_last_edited=&#8221;on|phone&#8221; global_colors_info=&#8221;{}&#8221;]<\/p>\n<p>V\u00e5ra s\u00e4ngar och tillbeh\u00f6r finner du hos flertalet ledande \u00e5terf\u00f6rs\u00e4ljare i Sverige.<\/p>\n<p>[\/et_pb_text][et_pb_button button_url=&#8221;\/aterforsaljare&#8221; button_text=&#8221;Se \u00e5terf\u00f6rs\u00e4ljare&#8221; button_alignment=&#8221;center&#8221; _builder_version=&#8221;4.25.0&#8243; _module_preset=&#8221;default&#8221; custom_button=&#8221;on&#8221; button_text_size=&#8221;16px&#8221; button_text_color=&#8221;#565E7A&#8221; button_bg_color=&#8221;#ccc7bd&#8221; button_border_width=&#8221;0px&#8221; button_border_color=&#8221;#565E7A&#8221; button_font=&#8221;|600|||||||&#8221; button_icon=&#8221;&#x35;||divi||400&#8243; custom_margin=&#8221;2em||8px||false|false&#8221; custom_padding=&#8221;||||false|false&#8221; global_colors_info=&#8221;{}&#8221;][\/et_pb_button][\/et_pb_column][\/et_pb_row][\/et_pb_section]<\/p>\n","protected":false},"excerpt":{"rendered":"<p>Adels\u00f6 Kontinental &nbsp;Adels\u00f6 Kontinental 7 zoner &#8211; 3 pocketlager med sv\u00e5rslagen komfort V\u00e5r mest exklusiva s\u00e4ng! Adels\u00f6 Kontinental finns i storlekarna 120, 140, 160, 180 och 210 cm och i l\u00e4ngderna 200 cm och 210 cm. S\u00e4ngen erbjuds med fasthetsgraderna Mjuk, Medium, Fast och Extra Fast f\u00f6r att anpassas efter olika komfortpreferenser. S\u00e4ngen har en [&hellip;]<\/p>\n","protected":false},"author":2,"featured_media":0,"parent":0,"menu_order":0,"comment_status":"closed","ping_status":"closed","template":"","meta":{"_et_pb_use_builder":"on","_et_pb_old_content":"","_et_gb_content_width":"","footnotes":""},"class_list":["post-4301","page","type-page","status-publish","hentry"],"yoast_head":"<!-- This site is optimized with the Yoast SEO plugin v27.3 - https:\/\/yoast.com\/product\/yoast-seo-wordpress\/ -->\n<title>Adels\u00f6 Kontinental - Vikingbeds.se<\/title>\n<meta name=\"robots\" content=\"index, follow, max-snippet:-1, max-image-preview:large, max-video-preview:-1\" \/>\n<link rel=\"canonical\" href=\"https:\/\/vikingbeds.se\/dk\/birka-kontinental-2\/\" \/>\n<meta property=\"og:locale\" content=\"da_DK\" \/>\n<meta property=\"og:type\" content=\"article\" \/>\n<meta property=\"og:title\" content=\"Adels\u00f6 Kontinental - Vikingbeds.se\" \/>\n<meta property=\"og:description\" content=\"Adels\u00f6 Kontinental &nbsp;Adels\u00f6 Kontinental 7 zoner - 3 pocketlager med sv\u00e5rslagen komfort V\u00e5r mest exklusiva s\u00e4ng! Adels\u00f6 Kontinental finns i storlekarna 120, 140, 160, 180 och 210 cm och i l\u00e4ngderna 200 cm och 210 cm. S\u00e4ngen erbjuds med fasthetsgraderna Mjuk, Medium, Fast och Extra Fast f\u00f6r att anpassas efter olika komfortpreferenser. S\u00e4ngen har en [&hellip;]\" \/>\n<meta property=\"og:url\" content=\"https:\/\/vikingbeds.se\/dk\/birka-kontinental-2\/\" \/>\n<meta property=\"og:site_name\" content=\"Vikingbeds.se\" \/>\n<meta property=\"article:modified_time\" content=\"2026-01-02T11:14:28+00:00\" \/>\n<meta name=\"twitter:card\" content=\"summary_large_image\" \/>\n<meta name=\"twitter:label1\" content=\"Estimeret l\u00e6setid\" \/>\n\t<meta name=\"twitter:data1\" content=\"4 minutter\" \/>\n<script type=\"application\/ld+json\" class=\"yoast-schema-graph\">{\"@context\":\"https:\\\/\\\/schema.org\",\"@graph\":[{\"@type\":\"WebPage\",\"@id\":\"https:\\\/\\\/vikingbeds.se\\\/adelso-continental\\\/\",\"url\":\"https:\\\/\\\/vikingbeds.se\\\/adelso-continental\\\/\",\"name\":\"Adels\u00f6 Kontinental - Vikingbeds.se\",\"isPartOf\":{\"@id\":\"https:\\\/\\\/vikingbeds.se\\\/#website\"},\"datePublished\":\"2023-11-21T13:05:25+00:00\",\"dateModified\":\"2026-01-02T11:14:28+00:00\",\"breadcrumb\":{\"@id\":\"https:\\\/\\\/vikingbeds.se\\\/adelso-continental\\\/#breadcrumb\"},\"inLanguage\":\"da-DK\",\"potentialAction\":[{\"@type\":\"ReadAction\",\"target\":[\"https:\\\/\\\/vikingbeds.se\\\/adelso-continental\\\/\"]}]},{\"@type\":\"BreadcrumbList\",\"@id\":\"https:\\\/\\\/vikingbeds.se\\\/adelso-continental\\\/#breadcrumb\",\"itemListElement\":[{\"@type\":\"ListItem\",\"position\":1,\"name\":\"Hem\",\"item\":\"https:\\\/\\\/vikingbeds.se\\\/\"},{\"@type\":\"ListItem\",\"position\":2,\"name\":\"Adels\u00f6 Kontinental\"}]},{\"@type\":\"WebSite\",\"@id\":\"https:\\\/\\\/vikingbeds.se\\\/#website\",\"url\":\"https:\\\/\\\/vikingbeds.se\\\/\",\"name\":\"Vikingbeds.se\",\"description\":\"\",\"potentialAction\":[{\"@type\":\"SearchAction\",\"target\":{\"@type\":\"EntryPoint\",\"urlTemplate\":\"https:\\\/\\\/vikingbeds.se\\\/?s={search_term_string}\"},\"query-input\":{\"@type\":\"PropertyValueSpecification\",\"valueRequired\":true,\"valueName\":\"search_term_string\"}}],\"inLanguage\":\"da-DK\"}]}<\/script>\n<!-- \/ Yoast SEO plugin. -->","yoast_head_json":{"title":"Adels\u00f6 Kontinental - Vikingbeds.se","robots":{"index":"index","follow":"follow","max-snippet":"max-snippet:-1","max-image-preview":"max-image-preview:large","max-video-preview":"max-video-preview:-1"},"canonical":"https:\/\/vikingbeds.se\/dk\/birka-kontinental-2\/","og_locale":"da_DK","og_type":"article","og_title":"Adels\u00f6 Kontinental - Vikingbeds.se","og_description":"Adels\u00f6 Kontinental &nbsp;Adels\u00f6 Kontinental 7 zoner - 3 pocketlager med sv\u00e5rslagen komfort V\u00e5r mest exklusiva s\u00e4ng! Adels\u00f6 Kontinental finns i storlekarna 120, 140, 160, 180 och 210 cm och i l\u00e4ngderna 200 cm och 210 cm. S\u00e4ngen erbjuds med fasthetsgraderna Mjuk, Medium, Fast och Extra Fast f\u00f6r att anpassas efter olika komfortpreferenser. S\u00e4ngen har en [&hellip;]","og_url":"https:\/\/vikingbeds.se\/dk\/birka-kontinental-2\/","og_site_name":"Vikingbeds.se","article_modified_time":"2026-01-02T11:14:28+00:00","twitter_card":"summary_large_image","twitter_misc":{"Estimeret l\u00e6setid":"4 minutter"},"schema":{"@context":"https:\/\/schema.org","@graph":[{"@type":"WebPage","@id":"https:\/\/vikingbeds.se\/adelso-continental\/","url":"https:\/\/vikingbeds.se\/adelso-continental\/","name":"Adels\u00f6 Kontinental - Vikingbeds.se","isPartOf":{"@id":"https:\/\/vikingbeds.se\/#website"},"datePublished":"2023-11-21T13:05:25+00:00","dateModified":"2026-01-02T11:14:28+00:00","breadcrumb":{"@id":"https:\/\/vikingbeds.se\/adelso-continental\/#breadcrumb"},"inLanguage":"da-DK","potentialAction":[{"@type":"ReadAction","target":["https:\/\/vikingbeds.se\/adelso-continental\/"]}]},{"@type":"BreadcrumbList","@id":"https:\/\/vikingbeds.se\/adelso-continental\/#breadcrumb","itemListElement":[{"@type":"ListItem","position":1,"name":"Hem","item":"https:\/\/vikingbeds.se\/"},{"@type":"ListItem","position":2,"name":"Adels\u00f6 Kontinental"}]},{"@type":"WebSite","@id":"https:\/\/vikingbeds.se\/#website","url":"https:\/\/vikingbeds.se\/","name":"Vikingbeds.se","description":"","potentialAction":[{"@type":"SearchAction","target":{"@type":"EntryPoint","urlTemplate":"https:\/\/vikingbeds.se\/?s={search_term_string}"},"query-input":{"@type":"PropertyValueSpecification","valueRequired":true,"valueName":"search_term_string"}}],"inLanguage":"da-DK"}]}},"_links":{"self":[{"href":"https:\/\/vikingbeds.se\/dk\/wp-json\/wp\/v2\/pages\/4301","targetHints":{"allow":["GET"]}}],"collection":[{"href":"https:\/\/vikingbeds.se\/dk\/wp-json\/wp\/v2\/pages"}],"about":[{"href":"https:\/\/vikingbeds.se\/dk\/wp-json\/wp\/v2\/types\/page"}],"author":[{"embeddable":true,"href":"https:\/\/vikingbeds.se\/dk\/wp-json\/wp\/v2\/users\/2"}],"replies":[{"embeddable":true,"href":"https:\/\/vikingbeds.se\/dk\/wp-json\/wp\/v2\/comments?post=4301"}],"version-history":[{"count":0,"href":"https:\/\/vikingbeds.se\/dk\/wp-json\/wp\/v2\/pages\/4301\/revisions"}],"wp:attachment":[{"href":"https:\/\/vikingbeds.se\/dk\/wp-json\/wp\/v2\/media?parent=4301"}],"curies":[{"name":"wp","href":"https:\/\/api.w.org\/{rel}","templated":true}]}}