{"id":2347,"date":"2022-03-03T15:53:32","date_gmt":"2022-03-03T14:53:32","guid":{"rendered":"https:\/\/vikingbeds.se\/?page_id=2347"},"modified":"2026-02-03T14:18:11","modified_gmt":"2026-02-03T13:18:11","slug":"ekero-duoflex","status":"publish","type":"page","link":"https:\/\/vikingbeds.se\/dk\/ekero-duoflex\/","title":{"rendered":"Eker\u00f6 Duoflex"},"content":{"rendered":"<p>[et_pb_section fb_built=&#8221;1&#8243; module_class=&#8221;bg-overlay&#8221; _builder_version=&#8221;4.25.0&#8243; _module_preset=&#8221;default&#8221; background_color=&#8221;rgba(0,0,0,0.63)&#8221; background_image=&#8221;https:\/\/vikingbeds.se\/wp-content\/uploads\/2022\/05\/Viking-Beds_Fossil-scaled.jpg&#8221; parallax=&#8221;on&#8221; parallax_method=&#8221;off&#8221; height=&#8221;800px&#8221; height_tablet=&#8221;800px&#8221; height_phone=&#8221;650px&#8221; height_last_edited=&#8221;on|phone&#8221; global_colors_info=&#8221;{}&#8221;][et_pb_row admin_label=&#8221;Rubrik &#8211; header&#8221; _builder_version=&#8221;4.17.3&#8243; _module_preset=&#8221;default&#8221; custom_margin=&#8221;18em|auto||auto|false|false&#8221; custom_margin_tablet=&#8221;18em|auto||auto|false|false&#8221; custom_margin_phone=&#8221;15em||||false|false&#8221; custom_margin_last_edited=&#8221;on|phone&#8221; global_colors_info=&#8221;{}&#8221;][et_pb_column type=&#8221;4_4&#8243; _builder_version=&#8221;4.16&#8243; _module_preset=&#8221;default&#8221; global_colors_info=&#8221;{}&#8221;][et_pb_text admin_label=&#8221;Rubrik&#8221; _builder_version=&#8221;4.25.0&#8243; _module_preset=&#8221;default&#8221; header_font=&#8221;Cormorant||||||||&#8221; header_text_align=&#8221;center&#8221; header_text_color=&#8221;#FFFFFF&#8221; header_font_size=&#8221;6em&#8221; custom_padding=&#8221;||4px|||&#8221; header_font_size_tablet=&#8221;3em&#8221; header_font_size_phone=&#8221;2em&#8221; header_font_size_last_edited=&#8221;on|phone&#8221; global_colors_info=&#8221;{}&#8221;]<\/p>\n<h1>Eker\u00f6 DuoFlex<\/h1>\n<p>[\/et_pb_text][\/et_pb_column][\/et_pb_row][\/et_pb_section][et_pb_section fb_built=&#8221;1&#8243; _builder_version=&#8221;4.16&#8243; _module_preset=&#8221;default&#8221; min_height=&#8221;1706px&#8221; custom_padding=&#8221;100px|||||&#8221; global_colors_info=&#8221;{}&#8221;][et_pb_row column_structure=&#8221;1_2,1_2&#8243; use_custom_gutter=&#8221;on&#8221; gutter_width=&#8221;0&#8243; make_equal=&#8221;on&#8221; admin_label=&#8221;Workshops and Events Area&#8221; module_class=&#8221; et_pb_row_fullwidth&#8221; _builder_version=&#8221;4.16&#8243; width=&#8221;90%&#8221; width_tablet=&#8221;100%&#8221; width_phone=&#8221;&#8221; width_last_edited=&#8221;on|desktop&#8221; max_width=&#8221;100%&#8221; max_width_tablet=&#8221;100%&#8221; max_width_phone=&#8221;&#8221; max_width_last_edited=&#8221;on|desktop&#8221; custom_margin=&#8221;|||&#8221; custom_padding=&#8221;0px||0px|||&#8221; border_color_bottom=&#8221;#FFFFFF&#8221; make_fullwidth=&#8221;on&#8221; global_colors_info=&#8221;{}&#8221;][et_pb_column type=&#8221;1_2&#8243; _builder_version=&#8221;4.16&#8243; background_color=&#8221;#FFFFFF&#8221; custom_padding=&#8221;4%|5%||5%|false|false&#8221; global_colors_info=&#8221;{}&#8221; custom_padding__hover=&#8221;|||&#8221;][et_pb_text _builder_version=&#8221;4.25.0&#8243; _module_preset=&#8221;default&#8221; header_2_font=&#8221;|700||on|||||&#8221; header_2_font_size=&#8221;3.5em&#8221; header_3_font=&#8221;Cormorant||||||||&#8221; header_3_font_size=&#8221;38px&#8221; header_2_font_size_tablet=&#8221;2.5em&#8221; header_2_font_size_phone=&#8221;2.1em&#8221; header_2_font_size_last_edited=&#8221;on|phone&#8221; global_colors_info=&#8221;{}&#8221;]<\/p>\n<h3>Eker\u00f6 DuoFlex<\/h3>\n<p>[\/et_pb_text][et_pb_text _builder_version=&#8221;4.25.0&#8243; _module_preset=&#8221;default&#8221; header_3_font=&#8221;Cormorant|600|||||||&#8221; header_3_text_color=&#8221;#353C50&#8243; header_3_font_size=&#8221;1.4em&#8221; global_colors_info=&#8221;{}&#8221;]<\/p>\n<h3>5 zoner<\/h3>\n<p>[\/et_pb_text][et_pb_text _builder_version=&#8221;4.18.0&#8243; _module_preset=&#8221;default&#8221; global_colors_info=&#8221;{}&#8221;]<\/p>\n<p>Eker\u00f6 DuoFlex \u00e4r en h\u00f6gkvalitativ och ergonomisk st\u00e4llbar s\u00e4ng med tv\u00e5 motorer som erbjuder b\u00e5de komfort och flexibilitet. Den \u00e4r designad f\u00f6r att ge en optimal s\u00f6mnupplevelse genom sin st\u00e4llbara funktion, vilket g\u00f6r att anv\u00e4ndaren kan justera s\u00e4ngen till den perfekta positionen f\u00f6r b\u00e5de vila och s\u00f6mn. S\u00e4ngen har en elegant och modern design som passar in i de flesta sovrum.<\/p>\n<p>Eker\u00f6 DuoFlex s\u00e4ngen har pocketfj\u00e4drar i tv\u00e5 lager med 5 zoner och FlexFoam<span>\u00ae<\/span>\u00a0n\u00e4rmast kroppen. Detta ger ett bra st\u00f6d f\u00f6r ryggen och skapar en bekv\u00e4m s\u00f6mnposition. S\u00e4ngens st\u00e4llbara funktion g\u00f6r det enkelt att justera b\u00e5de huvud- och fot\u00e4nda, vilket g\u00f6r den idealisk f\u00f6r att l\u00e4sa, titta p\u00e5 TV eller slappna av i en mer uppr\u00e4tt position.<\/p>\n<p>S\u00e4ngen \u00e4r perfekt f\u00f6r dem som s\u00f6ker en individuell l\u00f6sning f\u00f6r sin s\u00f6mn och vill ha m\u00f6jligheten att anpassa s\u00e4ngen efter sina egna behov, samtidigt som den ger ett modernt och stilrent utseende.<\/p>\n<p>Eker\u00f6 DuoFlex finns i flera storlekar &#8211; 90, 105, 120, och i tv\u00e5 l\u00e4ngder: 200 cm och 210 cm. Den finns \u00e4ven med olika fasthetsgrader som Medium och Fast f\u00f6r att passa olika komfortpreferenser.<\/p>\n<p>Den rekommenderade b\u00e4ddmadrassen \u00e4r SuperSoft, som ger extra komfort och st\u00f6d f\u00f6r en f\u00f6rb\u00e4ttrad s\u00f6mnupplevelse.<\/p>\n<p>[\/et_pb_text][\/et_pb_column][et_pb_column type=&#8221;1_2&#8243; _builder_version=&#8221;4.16&#8243; background_color=&#8221;#FFFFFF&#8221; custom_padding=&#8221;||||false|false&#8221; global_colors_info=&#8221;{}&#8221; custom_padding__hover=&#8221;|||&#8221;][et_pb_image src=&#8221;https:\/\/vikingbeds.se\/wp-content\/uploads\/2022\/05\/Viking-beds-Villa-Skog15410.jpg&#8221; alt=&#8221;St\u00e4llbar s\u00e4ng&#8221; title_text=&#8221;Viking beds Villa Skog15410&#8243; align=&#8221;center&#8221; _builder_version=&#8221;4.25.0&#8243; _module_preset=&#8221;default&#8221; width=&#8221;100%&#8221; custom_margin=&#8221;7em||||false|false&#8221; global_colors_info=&#8221;{}&#8221;][\/et_pb_image][\/et_pb_column][\/et_pb_row][\/et_pb_section][et_pb_section fb_built=&#8221;1&#8243; custom_padding_last_edited=&#8221;on|phone&#8221; _builder_version=&#8221;4.25.0&#8243; _module_preset=&#8221;default&#8221; background_color=&#8221;#353C50&#8243; min_height=&#8221;412px&#8221; min_height_tablet=&#8221;500px&#8221; min_height_phone=&#8221;100px&#8221; min_height_last_edited=&#8221;on|phone&#8221; max_height=&#8221;1000px&#8221; custom_margin=&#8221;||-102px|||&#8221; custom_padding=&#8221;153px|||||&#8221; custom_padding_tablet=&#8221;3em||||false|false&#8221; custom_padding_phone=&#8221;50px|||0px|false|false&#8221; global_module=&#8221;2159&#8243; saved_tabs=&#8221;all&#8221; global_colors_info=&#8221;{}&#8221;][et_pb_row use_custom_gutter=&#8221;on&#8221; gutter_width=&#8221;0&#8243; make_equal=&#8221;on&#8221; module_class=&#8221; et_pb_row_fullwidth&#8221; _builder_version=&#8221;4.16&#8243; _module_preset=&#8221;default&#8221; width=&#8221;100%&#8221; width_tablet=&#8221;100%&#8221; width_phone=&#8221;&#8221; width_last_edited=&#8221;on|desktop&#8221; max_width=&#8221;100%&#8221; max_width_tablet=&#8221;100%&#8221; max_width_phone=&#8221;&#8221; max_width_last_edited=&#8221;on|desktop&#8221; custom_margin=&#8221;|auto|1px|auto||&#8221; custom_padding=&#8221;0px||1px|||&#8221; border_color_bottom=&#8221;#FFFFFF&#8221; global_colors_info=&#8221;{}&#8221;][et_pb_column type=&#8221;4_4&#8243; _builder_version=&#8221;4.16&#8243; _module_preset=&#8221;default&#8221; global_colors_info=&#8221;{}&#8221;][et_pb_text _builder_version=&#8221;4.25.0&#8243; _module_preset=&#8221;default&#8221; text_text_color=&#8221;#565E7A&#8221; header_font=&#8221;Cormorant|600|||||||&#8221; header_text_align=&#8221;center&#8221; header_text_color=&#8221;#FFFFFF&#8221; header_font_size=&#8221;44px&#8221; header_3_font=&#8221;Gotham-bold||||||||&#8221; header_3_text_align=&#8221;center&#8221; header_3_text_color=&#8221;#FFFFFF&#8221; custom_margin=&#8221;||16px|||&#8221; global_colors_info=&#8221;{}&#8221;]<\/p>\n<h1>Hitta \u00e5terf\u00f6rs\u00e4ljare<\/h1>\n<p>[\/et_pb_text][et_pb_text _builder_version=&#8221;4.16&#8243; _module_preset=&#8221;default&#8221; text_text_color=&#8221;#FFFFFF&#8221; header_font=&#8221;Gotham-bold|600||on|||||&#8221; header_text_align=&#8221;center&#8221; header_text_color=&#8221;#FFFFFF&#8221; header_font_size=&#8221;75px&#8221; text_orientation=&#8221;center&#8221; custom_padding_tablet=&#8221;&#8221; custom_padding_phone=&#8221;|5%||5%|false|true&#8221; custom_padding_last_edited=&#8221;on|phone&#8221; global_colors_info=&#8221;{}&#8221;]<\/p>\n<p>V\u00e5ra s\u00e4ngar och tillbeh\u00f6r finner du hos flertalet ledande \u00e5terf\u00f6rs\u00e4ljare i Sverige.<\/p>\n<p>[\/et_pb_text][et_pb_button button_url=&#8221;\/aterforsaljare&#8221; button_text=&#8221;Se \u00e5terf\u00f6rs\u00e4ljare&#8221; button_alignment=&#8221;center&#8221; _builder_version=&#8221;4.25.0&#8243; _module_preset=&#8221;default&#8221; custom_button=&#8221;on&#8221; button_text_size=&#8221;16px&#8221; button_text_color=&#8221;#565E7A&#8221; button_bg_color=&#8221;#ccc7bd&#8221; button_border_width=&#8221;0px&#8221; button_border_color=&#8221;#565E7A&#8221; button_font=&#8221;|600|||||||&#8221; button_icon=&#8221;&#x35;||divi||400&#8243; custom_margin=&#8221;2em||8px||false|false&#8221; custom_padding=&#8221;||||false|false&#8221; global_colors_info=&#8221;{}&#8221;][\/et_pb_button][\/et_pb_column][\/et_pb_row][\/et_pb_section]<\/p>\n","protected":false},"excerpt":{"rendered":"<p>Eker\u00f6 DuoFlexEker\u00f6 DuoFlex5 zonerEker\u00f6 DuoFlex \u00e4r en h\u00f6gkvalitativ och ergonomisk st\u00e4llbar s\u00e4ng med tv\u00e5 motorer som erbjuder b\u00e5de komfort och flexibilitet. Den \u00e4r designad f\u00f6r att ge en optimal s\u00f6mnupplevelse genom sin st\u00e4llbara funktion, vilket g\u00f6r att anv\u00e4ndaren kan justera s\u00e4ngen till den perfekta positionen f\u00f6r b\u00e5de vila och s\u00f6mn. S\u00e4ngen har en elegant och [&hellip;]<\/p>\n","protected":false},"author":1,"featured_media":0,"parent":0,"menu_order":0,"comment_status":"closed","ping_status":"closed","template":"","meta":{"_et_pb_use_builder":"on","_et_pb_old_content":"","_et_gb_content_width":"","footnotes":""},"class_list":["post-2347","page","type-page","status-publish","hentry"],"yoast_head":"<!-- This site is optimized with the Yoast SEO plugin v27.3 - https:\/\/yoast.com\/product\/yoast-seo-wordpress\/ -->\n<title>Eker\u00f6 Duoflex - Vikingbeds.se<\/title>\n<meta name=\"robots\" content=\"index, follow, max-snippet:-1, max-image-preview:large, max-video-preview:-1\" \/>\n<link rel=\"canonical\" href=\"https:\/\/vikingbeds.se\/dk\/ekero-duoflex\/\" \/>\n<meta property=\"og:locale\" content=\"da_DK\" \/>\n<meta property=\"og:type\" content=\"article\" \/>\n<meta property=\"og:title\" content=\"Eker\u00f6 Duoflex - Vikingbeds.se\" \/>\n<meta property=\"og:description\" content=\"Eker\u00f6 DuoFlexEker\u00f6 DuoFlex5 zonerEker\u00f6 DuoFlex \u00e4r en h\u00f6gkvalitativ och ergonomisk st\u00e4llbar s\u00e4ng med tv\u00e5 motorer som erbjuder b\u00e5de komfort och flexibilitet. Den \u00e4r designad f\u00f6r att ge en optimal s\u00f6mnupplevelse genom sin st\u00e4llbara funktion, vilket g\u00f6r att anv\u00e4ndaren kan justera s\u00e4ngen till den perfekta positionen f\u00f6r b\u00e5de vila och s\u00f6mn. S\u00e4ngen har en elegant och [&hellip;]\" \/>\n<meta property=\"og:url\" content=\"https:\/\/vikingbeds.se\/dk\/ekero-duoflex\/\" \/>\n<meta property=\"og:site_name\" content=\"Vikingbeds.se\" \/>\n<meta property=\"article:modified_time\" content=\"2026-02-03T13:18:11+00:00\" \/>\n<meta name=\"twitter:card\" content=\"summary_large_image\" \/>\n<meta name=\"twitter:label1\" content=\"Estimeret l\u00e6setid\" \/>\n\t<meta name=\"twitter:data1\" content=\"6 minutter\" \/>\n<script type=\"application\/ld+json\" class=\"yoast-schema-graph\">{\"@context\":\"https:\\\/\\\/schema.org\",\"@graph\":[{\"@type\":\"WebPage\",\"@id\":\"https:\\\/\\\/vikingbeds.se\\\/ekero-duoflex\\\/\",\"url\":\"https:\\\/\\\/vikingbeds.se\\\/ekero-duoflex\\\/\",\"name\":\"Eker\u00f6 Duoflex - Vikingbeds.se\",\"isPartOf\":{\"@id\":\"https:\\\/\\\/vikingbeds.se\\\/#website\"},\"datePublished\":\"2022-03-03T14:53:32+00:00\",\"dateModified\":\"2026-02-03T13:18:11+00:00\",\"breadcrumb\":{\"@id\":\"https:\\\/\\\/vikingbeds.se\\\/ekero-duoflex\\\/#breadcrumb\"},\"inLanguage\":\"da-DK\",\"potentialAction\":[{\"@type\":\"ReadAction\",\"target\":[\"https:\\\/\\\/vikingbeds.se\\\/ekero-duoflex\\\/\"]}]},{\"@type\":\"BreadcrumbList\",\"@id\":\"https:\\\/\\\/vikingbeds.se\\\/ekero-duoflex\\\/#breadcrumb\",\"itemListElement\":[{\"@type\":\"ListItem\",\"position\":1,\"name\":\"Hem\",\"item\":\"https:\\\/\\\/vikingbeds.se\\\/\"},{\"@type\":\"ListItem\",\"position\":2,\"name\":\"Eker\u00f6 Duoflex\"}]},{\"@type\":\"WebSite\",\"@id\":\"https:\\\/\\\/vikingbeds.se\\\/#website\",\"url\":\"https:\\\/\\\/vikingbeds.se\\\/\",\"name\":\"Vikingbeds.se\",\"description\":\"\",\"potentialAction\":[{\"@type\":\"SearchAction\",\"target\":{\"@type\":\"EntryPoint\",\"urlTemplate\":\"https:\\\/\\\/vikingbeds.se\\\/?s={search_term_string}\"},\"query-input\":{\"@type\":\"PropertyValueSpecification\",\"valueRequired\":true,\"valueName\":\"search_term_string\"}}],\"inLanguage\":\"da-DK\"}]}<\/script>\n<!-- \/ Yoast SEO plugin. -->","yoast_head_json":{"title":"Eker\u00f6 Duoflex - Vikingbeds.se","robots":{"index":"index","follow":"follow","max-snippet":"max-snippet:-1","max-image-preview":"max-image-preview:large","max-video-preview":"max-video-preview:-1"},"canonical":"https:\/\/vikingbeds.se\/dk\/ekero-duoflex\/","og_locale":"da_DK","og_type":"article","og_title":"Eker\u00f6 Duoflex - Vikingbeds.se","og_description":"Eker\u00f6 DuoFlexEker\u00f6 DuoFlex5 zonerEker\u00f6 DuoFlex \u00e4r en h\u00f6gkvalitativ och ergonomisk st\u00e4llbar s\u00e4ng med tv\u00e5 motorer som erbjuder b\u00e5de komfort och flexibilitet. Den \u00e4r designad f\u00f6r att ge en optimal s\u00f6mnupplevelse genom sin st\u00e4llbara funktion, vilket g\u00f6r att anv\u00e4ndaren kan justera s\u00e4ngen till den perfekta positionen f\u00f6r b\u00e5de vila och s\u00f6mn. S\u00e4ngen har en elegant och [&hellip;]","og_url":"https:\/\/vikingbeds.se\/dk\/ekero-duoflex\/","og_site_name":"Vikingbeds.se","article_modified_time":"2026-02-03T13:18:11+00:00","twitter_card":"summary_large_image","twitter_misc":{"Estimeret l\u00e6setid":"6 minutter"},"schema":{"@context":"https:\/\/schema.org","@graph":[{"@type":"WebPage","@id":"https:\/\/vikingbeds.se\/ekero-duoflex\/","url":"https:\/\/vikingbeds.se\/ekero-duoflex\/","name":"Eker\u00f6 Duoflex - Vikingbeds.se","isPartOf":{"@id":"https:\/\/vikingbeds.se\/#website"},"datePublished":"2022-03-03T14:53:32+00:00","dateModified":"2026-02-03T13:18:11+00:00","breadcrumb":{"@id":"https:\/\/vikingbeds.se\/ekero-duoflex\/#breadcrumb"},"inLanguage":"da-DK","potentialAction":[{"@type":"ReadAction","target":["https:\/\/vikingbeds.se\/ekero-duoflex\/"]}]},{"@type":"BreadcrumbList","@id":"https:\/\/vikingbeds.se\/ekero-duoflex\/#breadcrumb","itemListElement":[{"@type":"ListItem","position":1,"name":"Hem","item":"https:\/\/vikingbeds.se\/"},{"@type":"ListItem","position":2,"name":"Eker\u00f6 Duoflex"}]},{"@type":"WebSite","@id":"https:\/\/vikingbeds.se\/#website","url":"https:\/\/vikingbeds.se\/","name":"Vikingbeds.se","description":"","potentialAction":[{"@type":"SearchAction","target":{"@type":"EntryPoint","urlTemplate":"https:\/\/vikingbeds.se\/?s={search_term_string}"},"query-input":{"@type":"PropertyValueSpecification","valueRequired":true,"valueName":"search_term_string"}}],"inLanguage":"da-DK"}]}},"_links":{"self":[{"href":"https:\/\/vikingbeds.se\/dk\/wp-json\/wp\/v2\/pages\/2347","targetHints":{"allow":["GET"]}}],"collection":[{"href":"https:\/\/vikingbeds.se\/dk\/wp-json\/wp\/v2\/pages"}],"about":[{"href":"https:\/\/vikingbeds.se\/dk\/wp-json\/wp\/v2\/types\/page"}],"author":[{"embeddable":true,"href":"https:\/\/vikingbeds.se\/dk\/wp-json\/wp\/v2\/users\/1"}],"replies":[{"embeddable":true,"href":"https:\/\/vikingbeds.se\/dk\/wp-json\/wp\/v2\/comments?post=2347"}],"version-history":[{"count":0,"href":"https:\/\/vikingbeds.se\/dk\/wp-json\/wp\/v2\/pages\/2347\/revisions"}],"wp:attachment":[{"href":"https:\/\/vikingbeds.se\/dk\/wp-json\/wp\/v2\/media?parent=2347"}],"curies":[{"name":"wp","href":"https:\/\/api.w.org\/{rel}","templated":true}]}}