{"id":2164,"date":"2022-02-23T13:42:53","date_gmt":"2022-02-23T12:42:53","guid":{"rendered":"https:\/\/vikingbeds.se\/?page_id=2164"},"modified":"2025-09-04T10:20:19","modified_gmt":"2025-09-04T08:20:19","slug":"boxsenge","status":"publish","type":"page","link":"https:\/\/vikingbeds.se\/dk\/ramsangar\/","title":{"rendered":"Boxmadras"},"content":{"rendered":"<p>[et_pb_section fb_built=&#8221;1&#8243; module_class=&#8221;bg-overlay&#8221; _builder_version=&#8221;4.25.0&#8243; _module_preset=&#8221;default&#8221; background_color=&#8221;rgba(0,0,0,0.63)&#8221; background_image=&#8221;https:\/\/vikingbeds.se\/wp-content\/uploads\/2022\/05\/Viking-beds-Villa-Skog15551.jpg&#8221; parallax=&#8221;on&#8221; parallax_method=&#8221;off&#8221; height=&#8221;800px&#8221; height_tablet=&#8221;800px&#8221; height_phone=&#8221;650px&#8221; height_last_edited=&#8221;on|phone&#8221; global_colors_info=&#8221;{}&#8221;][et_pb_row admin_label=&#8221;Rubrik &#8211; header&#8221; _builder_version=&#8221;4.17.3&#8243; _module_preset=&#8221;default&#8221; custom_margin=&#8221;18em|auto||auto|false|false&#8221; custom_margin_tablet=&#8221;18em|auto||auto|false|false&#8221; custom_margin_phone=&#8221;15em||||false|false&#8221; custom_margin_last_edited=&#8221;on|phone&#8221; global_colors_info=&#8221;{}&#8221;][et_pb_column type=&#8221;4_4&#8243; _builder_version=&#8221;4.16&#8243; _module_preset=&#8221;default&#8221; global_colors_info=&#8221;{}&#8221;][et_pb_text admin_label=&#8221;Rubrik&#8221; _builder_version=&#8221;4.25.0&#8243; _module_preset=&#8221;default&#8221; header_font=&#8221;Cormorant|600|||||||&#8221; header_text_align=&#8221;center&#8221; header_text_color=&#8221;#FFFFFF&#8221; header_font_size=&#8221;6em&#8221; custom_padding=&#8221;||4px|||&#8221; header_font_size_tablet=&#8221;3.5em&#8221; header_font_size_phone=&#8221;2.5em&#8221; header_font_size_last_edited=&#8221;on|phone&#8221; global_colors_info=&#8221;{}&#8221;]<\/p>\n<h1>Rams\u00e4ngar<\/h1>\n<p>[\/et_pb_text][\/et_pb_column][\/et_pb_row][\/et_pb_section][et_pb_section fb_built=&#8221;1&#8243; disabled_on=&#8221;off|off|off&#8221; admin_label=&#8221;Sektion&#8221; _builder_version=&#8221;4.25.0&#8243; _module_preset=&#8221;default&#8221; background_color=&#8221;#ccc7bd&#8221; background_enable_image=&#8221;off&#8221; min_height=&#8221;95px&#8221; custom_margin=&#8221;||||false|false&#8221; custom_padding=&#8221;12px||0px||false|false&#8221; global_colors_info=&#8221;{}&#8221;][et_pb_row _builder_version=&#8221;4.16&#8243; _module_preset=&#8221;default&#8221; min_height=&#8221;225.4px&#8221; custom_padding=&#8221;||0px|||&#8221; global_colors_info=&#8221;{}&#8221;][et_pb_column type=&#8221;4_4&#8243; _builder_version=&#8221;4.16&#8243; _module_preset=&#8221;default&#8221; global_colors_info=&#8221;{}&#8221;][et_pb_text _builder_version=&#8221;4.17.3&#8243; _module_preset=&#8221;default&#8221; text_text_color=&#8221;#FFFFFF&#8221; text_orientation=&#8221;center&#8221; min_height=&#8221;90.2px&#8221; custom_padding=&#8221;||28px|||&#8221; global_colors_info=&#8221;{}&#8221;]<\/p>\n<p class=\"p1\"><span style=\"font-size: 16px;\">\u00a0<\/span><\/p>\n<p>Det finns m\u00e5nga riktigt bra och viktiga anledningar till att k\u00f6pa en s\u00e4ng fr\u00e5n oss p\u00e5 Viking Beds. Eftersom vi tillbringar ungef\u00e4r en tredjedel av v\u00e5ra liv i s\u00e4ngen b\u00f6r det inte finnas n\u00e5gon som helst tvekan om att det \u00e4r viktigaste m\u00f6beln i v\u00e5ra hem. En bra s\u00e4ng av finaste materialval \u00e4r en investering som ska h\u00e5lla i m\u00e5nga \u00e5r fram\u00f6ver.<\/p>\n<p>[\/et_pb_text][\/et_pb_column][\/et_pb_row][\/et_pb_section][et_pb_section fb_built=&#8221;1&#8243; _builder_version=&#8221;4.17.3&#8243; _module_preset=&#8221;default&#8221; background_color=&#8221;#FFFFFF&#8221; custom_padding=&#8221;100px|||||&#8221; global_colors_info=&#8221;{}&#8221;][et_pb_row column_structure=&#8221;1_3,1_3,1_3&#8243; use_custom_gutter=&#8221;on&#8221; gutter_width=&#8221;0&#8243; make_equal=&#8221;on&#8221; admin_label=&#8221;Workshops and Events Area&#8221; module_class=&#8221; et_pb_row_fullwidth&#8221; _builder_version=&#8221;4.17.3&#8243; width=&#8221;100%&#8221; width_tablet=&#8221;100%&#8221; width_phone=&#8221;&#8221; width_last_edited=&#8221;on|desktop&#8221; max_width=&#8221;100%&#8221; max_width_tablet=&#8221;100%&#8221; max_width_phone=&#8221;&#8221; max_width_last_edited=&#8221;on|desktop&#8221; custom_margin=&#8221;|||&#8221; custom_padding=&#8221;0px||0px|||&#8221; border_width_bottom=&#8221;10px&#8221; border_color_bottom=&#8221;#FFFFFF&#8221; make_fullwidth=&#8221;on&#8221; global_colors_info=&#8221;{}&#8221;][et_pb_column type=&#8221;1_3&#8243; _builder_version=&#8221;4.17.3&#8243; background_color=&#8221;#FFFFFF&#8221; custom_padding=&#8221;5%|5%|0px|5%|false|false&#8221; border_width_right=&#8221;2px&#8221; global_colors_info=&#8221;{}&#8221; custom_padding__hover=&#8221;|||&#8221;][et_pb_text _builder_version=&#8221;4.25.0&#8243; _module_preset=&#8221;default&#8221; header_2_font=&#8221;|700||on|||||&#8221; header_2_font_size=&#8221;3.5em&#8221; hover_enabled=&#8221;0&#8243; header_2_font_size_tablet=&#8221;2.5em&#8221; header_2_font_size_phone=&#8221;2.1em&#8221; header_2_font_size_last_edited=&#8221;on|phone&#8221; global_colors_info=&#8221;{}&#8221; header_font=&#8221;Cormorant||||||||&#8221; sticky_enabled=&#8221;0&#8243; header_font_size=&#8221;38px&#8221;]<\/p>\n<h1>Birka Ram<\/h1>\n<p>[\/et_pb_text][et_pb_text _builder_version=&#8221;4.25.0&#8243; _module_preset=&#8221;default&#8221; header_2_font=&#8221;|700||on|||||&#8221; header_2_font_size=&#8221;3.5em&#8221; hover_enabled=&#8221;0&#8243; global_colors_info=&#8221;{}&#8221; sticky_enabled=&#8221;0&#8243;]<\/p>\n<div class=\"page\" title=\"Page 7\">\n<div class=\"section\">\n<div class=\"layoutArea\">\n<div class=\"column\">\n<p><span>Med Birka f\u00e5r du s\u00e4ngar som anpassar sig optimalt efter din kropp, men inte har ett pris d\u00e4refter. Varje modell i Birka-serien ger dig en individuell tryckavlastning f\u00f6r din anatomis alla sju zoner. Det g\u00f6r att du kan njuta av maximal komfort vare sig du sover p\u00e5 rygg, sidan eller magen. Birka \u00e4r ocks\u00e5 den av v\u00e5ra s\u00e4ngar som ger dig st\u00f6rst valfrihet n\u00e4r det g\u00e4ller s\u00e4ngtyper och f\u00e4rger.<\/span><\/p>\n<p><span><\/span><\/p>\n<\/div>\n<\/div>\n<\/div>\n<\/div>\n<p>[\/et_pb_text][et_pb_button button_url=&#8221;\/birka-ram-plus&#8221; button_text=&#8221;L\u00e4s mer&#8221; button_alignment=&#8221;left&#8221; _builder_version=&#8221;4.16&#8243; _module_preset=&#8221;default&#8221; custom_button=&#8221;on&#8221; button_text_size=&#8221;16px&#8221; button_text_color=&#8221;#565E7A&#8221; button_bg_color=&#8221;RGBA(255,255,255,0)&#8221; button_border_width=&#8221;0px&#8221; button_border_color=&#8221;RGBA(255,255,255,0)&#8221; button_border_radius=&#8221;0px&#8221; button_font=&#8221;|700||on|||||&#8221; button_icon=&#8221;&#x45;||divi||400&#8243; button_icon_color=&#8221;#353C50&#8243; button_on_hover=&#8221;off&#8221; custom_margin=&#8221;0em|||-10px|false|false&#8221; custom_padding=&#8221;||47px||false|false&#8221; global_colors_info=&#8221;{}&#8221; button_bg_color__hover_enabled=&#8221;on|hover&#8221; button_border_width__hover_enabled=&#8221;on|hover&#8221; button_border_color__hover_enabled=&#8221;on|hover&#8221; button_bg_color__hover=&#8221;RGBA(255,255,255,0)&#8221; button_border_width__hover=&#8221;0px&#8221; button_border_color__hover=&#8221;RGBA(255,255,255,0)&#8221; button_text_size__hover_enabled=&#8221;on|hover&#8221; button_text_size__hover=&#8221;16px&#8221; button_text_color__hover_enabled=&#8221;on|hover&#8221; button_text_color__hover=&#8221;#91765B&#8221; button_icon_color__hover_enabled=&#8221;on|hover&#8221; button_icon_color__hover=&#8221;#91765B&#8221;][\/et_pb_button][et_pb_image src=&#8221;https:\/\/vikingbeds.se\/wp-content\/uploads\/2022\/05\/Viking-beds-Villa-Ang15624-scaled.jpg&#8221; alt=&#8221;VIKING BEDS BIRKA RAM PLUS COMO 5 BEIGE BMK&#8221; title_text=&#8221;Viking beds Villa Ang15624&#8243; align=&#8221;center&#8221; _builder_version=&#8221;4.25.0&#8243; _module_preset=&#8221;default&#8221; width=&#8221;80%&#8221; hover_enabled=&#8221;0&#8243; global_colors_info=&#8221;{}&#8221; sticky_enabled=&#8221;0&#8243; min_height=&#8221;700px&#8221;][\/et_pb_image][\/et_pb_column][et_pb_column type=&#8221;1_3&#8243; _builder_version=&#8221;4.16&#8243; background_color=&#8221;#FFFFFF&#8221; custom_padding=&#8221;5%|5%|0px|5%|false|false&#8221; border_width_right=&#8221;2px&#8221; border_color_right=&#8221;#000000&#8243; global_colors_info=&#8221;{}&#8221; custom_padding__hover=&#8221;|||&#8221;][et_pb_text _builder_version=&#8221;4.25.0&#8243; _module_preset=&#8221;default&#8221; header_2_font=&#8221;|700||on|||||&#8221; header_2_font_size=&#8221;3.5em&#8221; hover_enabled=&#8221;0&#8243; header_2_font_size_tablet=&#8221;2.5em&#8221; header_2_font_size_phone=&#8221;2.1em&#8221; header_2_font_size_last_edited=&#8221;on|phone&#8221; global_colors_info=&#8221;{}&#8221; header_font=&#8221;Cormorant||||||||&#8221; header_font_size=&#8221;38px&#8221; sticky_enabled=&#8221;0&#8243;]<\/p>\n<h1>Bj\u00f6rk\u00f6 Ram<\/h1>\n<p>[\/et_pb_text][et_pb_text _builder_version=&#8221;4.17.3&#8243; _module_preset=&#8221;default&#8221; text_font=&#8221;|300|||||||&#8221; header_2_font=&#8221;|700||on|||||&#8221; header_2_font_size=&#8221;3.5em&#8221; global_colors_info=&#8221;{}&#8221;]<\/p>\n<div class=\"page\" title=\"Page 10\">\n<div class=\"section\">\n<div class=\"layoutArea\">\n<div class=\"column\">\n<p><span>Va\u030ar mellanmodell som kombinerar god komfort med en prisniva\u030a som tilltalar ma\u030anga. Ha\u0308r hittar du till en riktigt bra sa\u0308ng med tva\u030a lagerpocketresa\u030arer. Fem zoner med konvexa res\u00e5rer go\u0308r att resa\u030arerna a\u0308r anpassade efter axlar, midja, ho\u0308fter, ta\u030ar och fo\u0308tter, en zonindelning som go\u0308r Bj\u00f6rk\u00f6 till en perfekt sa\u0308ng fo\u0308r dig med lite bredare midja och ho\u0308ft. Besta\u030ar av en 3-zonad pocketresa\u030ar i botten fo\u0308r en a\u0308nnu sko\u0308nare komfort. <\/span><\/p>\n<\/div>\n<\/div>\n<\/div>\n<\/div>\n<p>[\/et_pb_text][et_pb_button button_url=&#8221;\/ramsangar\/bjorko-ram-plus&#8221; button_text=&#8221;L\u00e4s mer&#8221; button_alignment=&#8221;left&#8221; _builder_version=&#8221;4.18.0&#8243; _module_preset=&#8221;default&#8221; custom_button=&#8221;on&#8221; button_text_size=&#8221;16px&#8221; button_text_color=&#8221;#565E7A&#8221; button_bg_color=&#8221;RGBA(255,255,255,0)&#8221; button_border_width=&#8221;0px&#8221; button_border_color=&#8221;RGBA(255,255,255,0)&#8221; button_border_radius=&#8221;0px&#8221; button_font=&#8221;|700||on|||||&#8221; button_icon=&#8221;&#x45;||divi||400&#8243; button_icon_color=&#8221;#353C50&#8243; button_on_hover=&#8221;off&#8221; custom_margin=&#8221;0em|||-10px|false|false&#8221; custom_padding=&#8221;||60px||false|false&#8221; global_colors_info=&#8221;{}&#8221; button_bg_color__hover_enabled=&#8221;on|hover&#8221; button_border_width__hover_enabled=&#8221;on|hover&#8221; button_border_color__hover_enabled=&#8221;on|hover&#8221; button_bg_color__hover=&#8221;RGBA(255,255,255,0)&#8221; button_border_width__hover=&#8221;0px&#8221; button_border_color__hover=&#8221;RGBA(255,255,255,0)&#8221; button_text_size__hover_enabled=&#8221;on|hover&#8221; button_text_size__hover=&#8221;16px&#8221; button_text_color__hover_enabled=&#8221;on|hover&#8221; button_text_color__hover=&#8221;#91765B&#8221; button_icon_color__hover_enabled=&#8221;on|hover&#8221; button_icon_color__hover=&#8221;#91765B&#8221;][\/et_pb_button][et_pb_image src=&#8221;https:\/\/vikingbeds.se\/wp-content\/uploads\/2022\/05\/Viking-beds-Villa-Ang15667-scaled.jpg&#8221; alt=&#8221;VIKING BEDS SIRIUS RAM PLUS TAILOR 27 BMK&#8221; title_text=&#8221;Viking beds Villa Ang15667&#8243; align=&#8221;center&#8221; _builder_version=&#8221;4.25.0&#8243; _module_preset=&#8221;default&#8221; width=&#8221;80%&#8221; hover_enabled=&#8221;0&#8243; global_colors_info=&#8221;{}&#8221; sticky_enabled=&#8221;0&#8243;][\/et_pb_image][\/et_pb_column][et_pb_column type=&#8221;1_3&#8243; _builder_version=&#8221;4.16&#8243; background_color=&#8221;#FFFFFF&#8221; custom_padding=&#8221;5%|5%|0px|5%|false|false&#8221; global_colors_info=&#8221;{}&#8221; custom_padding__hover=&#8221;|||&#8221;][et_pb_text _builder_version=&#8221;4.25.0&#8243; _module_preset=&#8221;default&#8221; header_2_font=&#8221;|700||on|||||&#8221; header_2_font_size=&#8221;3.5em&#8221; hover_enabled=&#8221;0&#8243; header_2_font_size_tablet=&#8221;2.5em&#8221; header_2_font_size_phone=&#8221;2.1em&#8221; header_2_font_size_last_edited=&#8221;on|phone&#8221; global_colors_info=&#8221;{}&#8221; header_font=&#8221;Cormorant||||||||&#8221; header_font_size=&#8221;38px&#8221; sticky_enabled=&#8221;0&#8243;]<\/p>\n<h1>Eker\u00f6 Ram<\/h1>\n<p>[\/et_pb_text][et_pb_text _builder_version=&#8221;4.25.0&#8243; _module_preset=&#8221;default&#8221; header_2_font=&#8221;|700||on|||||&#8221; header_2_font_size=&#8221;3.5em&#8221; min_height=&#8221;137.8px&#8221; custom_padding=&#8221;||0px|||&#8221; hover_enabled=&#8221;0&#8243; global_colors_info=&#8221;{}&#8221; sticky_enabled=&#8221;0&#8243;]<\/p>\n<div class=\"page\" title=\"Page 13\">\n<div class=\"section\">\n<div class=\"layoutArea\">\n<div class=\"column\">\n<p>Eker\u00f6 har pocketres\u00e5rer i tv\u00e5 lager och p\u00e5 res\u00e5rmadrassen ligger du komfortabelt p\u00e5 en stoppning av polyeter. Madrassen har fem zoner som ger s\u00e4ngen h\u00f6gsta f\u00f6ljsamhet, den avlastar h\u00f6fter och axlar men ger samtidigt st\u00f6d till svank och midja. Passar bra till dig som sover p\u00e5 rygg eller sidan.<span style=\"font-size: 16px;\">\u00a0<\/span><\/p>\n<p><span><\/span><\/p>\n<\/div>\n<\/div>\n<\/div>\n<\/div>\n<p>[\/et_pb_text][et_pb_button button_url=&#8221;\/ekero-ram&#8221; button_text=&#8221;L\u00e4s mer&#8221; button_alignment=&#8221;left&#8221; _builder_version=&#8221;4.18.0&#8243; _module_preset=&#8221;default&#8221; custom_button=&#8221;on&#8221; button_text_size=&#8221;16px&#8221; button_text_color=&#8221;#565E7A&#8221; button_bg_color=&#8221;RGBA(255,255,255,0)&#8221; button_border_width=&#8221;0px&#8221; button_border_color=&#8221;RGBA(255,255,255,0)&#8221; button_border_radius=&#8221;0px&#8221; button_font=&#8221;|700||on|||||&#8221; button_icon=&#8221;&#x45;||divi||400&#8243; button_icon_color=&#8221;#353C50&#8243; button_on_hover=&#8221;off&#8221; custom_margin=&#8221;0em|||-10px|false|false&#8221; custom_padding=&#8221;||63px||false|false&#8221; global_colors_info=&#8221;{}&#8221; button_bg_color__hover_enabled=&#8221;on|hover&#8221; button_border_width__hover_enabled=&#8221;on|hover&#8221; button_border_color__hover_enabled=&#8221;on|hover&#8221; button_bg_color__hover=&#8221;RGBA(255,255,255,0)&#8221; button_border_width__hover=&#8221;0px&#8221; button_border_color__hover=&#8221;RGBA(255,255,255,0)&#8221; button_text_size__hover_enabled=&#8221;on|hover&#8221; button_text_size__hover=&#8221;16px&#8221; button_text_color__hover_enabled=&#8221;on|hover&#8221; button_text_color__hover=&#8221;#91765B&#8221; button_icon_color__hover_enabled=&#8221;on|hover&#8221; button_icon_color__hover=&#8221;#91765B&#8221; min_height=&#8221;52.8px&#8221;][\/et_pb_button][et_pb_image src=&#8221;https:\/\/vikingbeds.se\/wp-content\/uploads\/2022\/05\/Viking-beds-Villa-Skog15534.jpg&#8221; alt=&#8221;VIKING BEDS SIRIUS RAM PLUS TAILOR 2 BMK&#8221; title_text=&#8221;Viking beds Villa Skog15534&#8243; align=&#8221;center&#8221; _builder_version=&#8221;4.25.0&#8243; _module_preset=&#8221;default&#8221; width=&#8221;80%&#8221; hover_enabled=&#8221;0&#8243; global_colors_info=&#8221;{}&#8221; sticky_enabled=&#8221;0&#8243;][\/et_pb_image][\/et_pb_column][\/et_pb_row][et_pb_row _builder_version=&#8221;4.16&#8243; _module_preset=&#8221;default&#8221; global_colors_info=&#8221;{}&#8221;][et_pb_column type=&#8221;4_4&#8243; _builder_version=&#8221;4.16&#8243; _module_preset=&#8221;default&#8221; global_colors_info=&#8221;{}&#8221;][et_pb_button button_url=&#8221;\/sangar&#8221; button_text=&#8221;Se alla s\u00e4ngar&#8221; button_alignment=&#8221;center&#8221; _builder_version=&#8221;4.16&#8243; _module_preset=&#8221;default&#8221; custom_button=&#8221;on&#8221; button_text_size=&#8221;16px&#8221; button_text_color=&#8221;#FFFFFF&#8221; button_bg_color=&#8221;#565E7A&#8221; button_border_width=&#8221;3px&#8221; button_border_color=&#8221;#565E7A&#8221; button_font=&#8221;|600||on|||||&#8221; button_icon=&#8221;&#x35;||divi||400&#8243; custom_margin=&#8221;2em||||false|false&#8221; custom_padding=&#8221;||||false|false&#8221; global_colors_info=&#8221;{}&#8221;][\/et_pb_button][\/et_pb_column][\/et_pb_row][\/et_pb_section][et_pb_section fb_built=&#8221;1&#8243; custom_padding_last_edited=&#8221;on|phone&#8221; _builder_version=&#8221;4.25.0&#8243; _module_preset=&#8221;default&#8221; background_color=&#8221;#353C50&#8243; min_height=&#8221;412px&#8221; min_height_tablet=&#8221;500px&#8221; min_height_phone=&#8221;100px&#8221; min_height_last_edited=&#8221;on|phone&#8221; max_height=&#8221;1000px&#8221; custom_margin=&#8221;||-102px|||&#8221; custom_padding=&#8221;153px|||||&#8221; custom_padding_tablet=&#8221;3em||||false|false&#8221; custom_padding_phone=&#8221;50px|||0px|false|false&#8221; global_module=&#8221;2159&#8243; saved_tabs=&#8221;all&#8221; global_colors_info=&#8221;{}&#8221;][et_pb_row use_custom_gutter=&#8221;on&#8221; gutter_width=&#8221;0&#8243; make_equal=&#8221;on&#8221; module_class=&#8221; et_pb_row_fullwidth&#8221; _builder_version=&#8221;4.16&#8243; _module_preset=&#8221;default&#8221; width=&#8221;100%&#8221; width_tablet=&#8221;100%&#8221; width_phone=&#8221;&#8221; width_last_edited=&#8221;on|desktop&#8221; max_width=&#8221;100%&#8221; max_width_tablet=&#8221;100%&#8221; max_width_phone=&#8221;&#8221; max_width_last_edited=&#8221;on|desktop&#8221; custom_margin=&#8221;|auto|1px|auto||&#8221; custom_padding=&#8221;0px||1px|||&#8221; border_color_bottom=&#8221;#FFFFFF&#8221; global_colors_info=&#8221;{}&#8221;][et_pb_column type=&#8221;4_4&#8243; _builder_version=&#8221;4.16&#8243; _module_preset=&#8221;default&#8221; global_colors_info=&#8221;{}&#8221;][et_pb_text _builder_version=&#8221;4.25.0&#8243; _module_preset=&#8221;default&#8221; text_text_color=&#8221;#565E7A&#8221; header_font=&#8221;Cormorant|600|||||||&#8221; header_text_align=&#8221;center&#8221; header_text_color=&#8221;#FFFFFF&#8221; header_font_size=&#8221;44px&#8221; header_3_font=&#8221;Gotham-bold||||||||&#8221; header_3_text_align=&#8221;center&#8221; header_3_text_color=&#8221;#FFFFFF&#8221; custom_margin=&#8221;||16px|||&#8221; global_colors_info=&#8221;{}&#8221;]<\/p>\n<h1>Hitta \u00e5terf\u00f6rs\u00e4ljare<\/h1>\n<p>[\/et_pb_text][et_pb_text _builder_version=&#8221;4.16&#8243; _module_preset=&#8221;default&#8221; text_text_color=&#8221;#FFFFFF&#8221; header_font=&#8221;Gotham-bold|600||on|||||&#8221; header_text_align=&#8221;center&#8221; header_text_color=&#8221;#FFFFFF&#8221; header_font_size=&#8221;75px&#8221; text_orientation=&#8221;center&#8221; custom_padding_tablet=&#8221;&#8221; custom_padding_phone=&#8221;|5%||5%|false|true&#8221; custom_padding_last_edited=&#8221;on|phone&#8221; global_colors_info=&#8221;{}&#8221;]<\/p>\n<p>V\u00e5ra s\u00e4ngar och tillbeh\u00f6r finner du hos flertalet ledande \u00e5terf\u00f6rs\u00e4ljare i Sverige.<\/p>\n<p>[\/et_pb_text][et_pb_button button_url=&#8221;\/aterforsaljare&#8221; button_text=&#8221;Se \u00e5terf\u00f6rs\u00e4ljare&#8221; button_alignment=&#8221;center&#8221; _builder_version=&#8221;4.25.0&#8243; _module_preset=&#8221;default&#8221; custom_button=&#8221;on&#8221; button_text_size=&#8221;16px&#8221; button_text_color=&#8221;#565E7A&#8221; button_bg_color=&#8221;#ccc7bd&#8221; button_border_width=&#8221;0px&#8221; button_border_color=&#8221;#565E7A&#8221; button_font=&#8221;|600|||||||&#8221; button_icon=&#8221;&#x35;||divi||400&#8243; custom_margin=&#8221;2em||8px||false|false&#8221; custom_padding=&#8221;||||false|false&#8221; global_colors_info=&#8221;{}&#8221;][\/et_pb_button][\/et_pb_column][\/et_pb_row][\/et_pb_section]<\/p>\n","protected":false},"excerpt":{"rendered":"<p>Rams\u00e4ngar\u00a0 Det finns m\u00e5nga riktigt bra och viktiga anledningar till att k\u00f6pa en s\u00e4ng fr\u00e5n oss p\u00e5 Viking Beds. Eftersom vi tillbringar ungef\u00e4r en tredjedel av v\u00e5ra liv i s\u00e4ngen b\u00f6r det inte finnas n\u00e5gon som helst tvekan om att det \u00e4r viktigaste m\u00f6beln i v\u00e5ra hem. En bra s\u00e4ng av finaste materialval \u00e4r en [&hellip;]<\/p>\n","protected":false},"author":1,"featured_media":0,"parent":0,"menu_order":0,"comment_status":"closed","ping_status":"closed","template":"","meta":{"_et_pb_use_builder":"on","_et_pb_old_content":"","_et_gb_content_width":"","footnotes":""},"class_list":["post-2164","page","type-page","status-publish","hentry"],"yoast_head":"<!-- This site is optimized with the Yoast SEO plugin v27.3 - https:\/\/yoast.com\/product\/yoast-seo-wordpress\/ -->\n<title>Rams\u00e4ngar - Vikingbeds.se<\/title>\n<meta name=\"robots\" content=\"index, follow, max-snippet:-1, max-image-preview:large, max-video-preview:-1\" \/>\n<link rel=\"canonical\" href=\"https:\/\/vikingbeds.se\/dk\/boxsenge\/\" \/>\n<meta property=\"og:locale\" content=\"da_DK\" \/>\n<meta property=\"og:type\" content=\"article\" \/>\n<meta property=\"og:title\" content=\"Rams\u00e4ngar - Vikingbeds.se\" \/>\n<meta property=\"og:description\" content=\"Rams\u00e4ngar\u00a0 Det finns m\u00e5nga riktigt bra och viktiga anledningar till att k\u00f6pa en s\u00e4ng fr\u00e5n oss p\u00e5 Viking Beds. Eftersom vi tillbringar ungef\u00e4r en tredjedel av v\u00e5ra liv i s\u00e4ngen b\u00f6r det inte finnas n\u00e5gon som helst tvekan om att det \u00e4r viktigaste m\u00f6beln i v\u00e5ra hem. En bra s\u00e4ng av finaste materialval \u00e4r en [&hellip;]\" \/>\n<meta property=\"og:url\" content=\"https:\/\/vikingbeds.se\/dk\/boxsenge\/\" \/>\n<meta property=\"og:site_name\" content=\"Vikingbeds.se\" \/>\n<meta property=\"article:modified_time\" content=\"2025-09-04T08:20:19+00:00\" \/>\n<meta name=\"twitter:card\" content=\"summary_large_image\" \/>\n<meta name=\"twitter:label1\" content=\"Estimeret l\u00e6setid\" \/>\n\t<meta name=\"twitter:data1\" content=\"10 minutter\" \/>\n<script type=\"application\/ld+json\" class=\"yoast-schema-graph\">{\"@context\":\"https:\\\/\\\/schema.org\",\"@graph\":[{\"@type\":\"WebPage\",\"@id\":\"https:\\\/\\\/vikingbeds.se\\\/ramsangar\\\/\",\"url\":\"https:\\\/\\\/vikingbeds.se\\\/ramsangar\\\/\",\"name\":\"Rams\u00e4ngar - Vikingbeds.se\",\"isPartOf\":{\"@id\":\"https:\\\/\\\/vikingbeds.se\\\/#website\"},\"datePublished\":\"2022-02-23T12:42:53+00:00\",\"dateModified\":\"2025-09-04T08:20:19+00:00\",\"breadcrumb\":{\"@id\":\"https:\\\/\\\/vikingbeds.se\\\/ramsangar\\\/#breadcrumb\"},\"inLanguage\":\"da-DK\",\"potentialAction\":[{\"@type\":\"ReadAction\",\"target\":[\"https:\\\/\\\/vikingbeds.se\\\/ramsangar\\\/\"]}]},{\"@type\":\"BreadcrumbList\",\"@id\":\"https:\\\/\\\/vikingbeds.se\\\/ramsangar\\\/#breadcrumb\",\"itemListElement\":[{\"@type\":\"ListItem\",\"position\":1,\"name\":\"Hem\",\"item\":\"https:\\\/\\\/vikingbeds.se\\\/\"},{\"@type\":\"ListItem\",\"position\":2,\"name\":\"Rams\u00e4ngar\"}]},{\"@type\":\"WebSite\",\"@id\":\"https:\\\/\\\/vikingbeds.se\\\/#website\",\"url\":\"https:\\\/\\\/vikingbeds.se\\\/\",\"name\":\"Vikingbeds.se\",\"description\":\"\",\"potentialAction\":[{\"@type\":\"SearchAction\",\"target\":{\"@type\":\"EntryPoint\",\"urlTemplate\":\"https:\\\/\\\/vikingbeds.se\\\/?s={search_term_string}\"},\"query-input\":{\"@type\":\"PropertyValueSpecification\",\"valueRequired\":true,\"valueName\":\"search_term_string\"}}],\"inLanguage\":\"da-DK\"}]}<\/script>\n<!-- \/ Yoast SEO plugin. -->","yoast_head_json":{"title":"Rams\u00e4ngar - Vikingbeds.se","robots":{"index":"index","follow":"follow","max-snippet":"max-snippet:-1","max-image-preview":"max-image-preview:large","max-video-preview":"max-video-preview:-1"},"canonical":"https:\/\/vikingbeds.se\/dk\/boxsenge\/","og_locale":"da_DK","og_type":"article","og_title":"Rams\u00e4ngar - Vikingbeds.se","og_description":"Rams\u00e4ngar\u00a0 Det finns m\u00e5nga riktigt bra och viktiga anledningar till att k\u00f6pa en s\u00e4ng fr\u00e5n oss p\u00e5 Viking Beds. Eftersom vi tillbringar ungef\u00e4r en tredjedel av v\u00e5ra liv i s\u00e4ngen b\u00f6r det inte finnas n\u00e5gon som helst tvekan om att det \u00e4r viktigaste m\u00f6beln i v\u00e5ra hem. En bra s\u00e4ng av finaste materialval \u00e4r en [&hellip;]","og_url":"https:\/\/vikingbeds.se\/dk\/boxsenge\/","og_site_name":"Vikingbeds.se","article_modified_time":"2025-09-04T08:20:19+00:00","twitter_card":"summary_large_image","twitter_misc":{"Estimeret l\u00e6setid":"10 minutter"},"schema":{"@context":"https:\/\/schema.org","@graph":[{"@type":"WebPage","@id":"https:\/\/vikingbeds.se\/ramsangar\/","url":"https:\/\/vikingbeds.se\/ramsangar\/","name":"Rams\u00e4ngar - Vikingbeds.se","isPartOf":{"@id":"https:\/\/vikingbeds.se\/#website"},"datePublished":"2022-02-23T12:42:53+00:00","dateModified":"2025-09-04T08:20:19+00:00","breadcrumb":{"@id":"https:\/\/vikingbeds.se\/ramsangar\/#breadcrumb"},"inLanguage":"da-DK","potentialAction":[{"@type":"ReadAction","target":["https:\/\/vikingbeds.se\/ramsangar\/"]}]},{"@type":"BreadcrumbList","@id":"https:\/\/vikingbeds.se\/ramsangar\/#breadcrumb","itemListElement":[{"@type":"ListItem","position":1,"name":"Hem","item":"https:\/\/vikingbeds.se\/"},{"@type":"ListItem","position":2,"name":"Rams\u00e4ngar"}]},{"@type":"WebSite","@id":"https:\/\/vikingbeds.se\/#website","url":"https:\/\/vikingbeds.se\/","name":"Vikingbeds.se","description":"","potentialAction":[{"@type":"SearchAction","target":{"@type":"EntryPoint","urlTemplate":"https:\/\/vikingbeds.se\/?s={search_term_string}"},"query-input":{"@type":"PropertyValueSpecification","valueRequired":true,"valueName":"search_term_string"}}],"inLanguage":"da-DK"}]}},"_links":{"self":[{"href":"https:\/\/vikingbeds.se\/dk\/wp-json\/wp\/v2\/pages\/2164","targetHints":{"allow":["GET"]}}],"collection":[{"href":"https:\/\/vikingbeds.se\/dk\/wp-json\/wp\/v2\/pages"}],"about":[{"href":"https:\/\/vikingbeds.se\/dk\/wp-json\/wp\/v2\/types\/page"}],"author":[{"embeddable":true,"href":"https:\/\/vikingbeds.se\/dk\/wp-json\/wp\/v2\/users\/1"}],"replies":[{"embeddable":true,"href":"https:\/\/vikingbeds.se\/dk\/wp-json\/wp\/v2\/comments?post=2164"}],"version-history":[{"count":0,"href":"https:\/\/vikingbeds.se\/dk\/wp-json\/wp\/v2\/pages\/2164\/revisions"}],"wp:attachment":[{"href":"https:\/\/vikingbeds.se\/dk\/wp-json\/wp\/v2\/media?parent=2164"}],"curies":[{"name":"wp","href":"https:\/\/api.w.org\/{rel}","templated":true}]}}