{"id":1854,"date":"2022-01-19T22:31:55","date_gmt":"2022-01-19T21:31:55","guid":{"rendered":"https:\/\/vikingbeds.se\/?page_id=1854"},"modified":"2024-12-18T14:05:05","modified_gmt":"2024-12-18T13:05:05","slug":"om-viking","status":"publish","type":"page","link":"https:\/\/vikingbeds.se\/dk\/om-viking\/","title":{"rendered":"Om Viking"},"content":{"rendered":"<p>[et_pb_section fb_built=&#8221;1&#8243; module_class=&#8221;bg-overlay&#8221; _builder_version=&#8221;4.25.0&#8243; _module_preset=&#8221;default&#8221; background_color=&#8221;rgba(0,0,0,0.43)&#8221; background_image=&#8221;https:\/\/vikingbeds.se\/wp-content\/uploads\/2024\/04\/geran-de-klerk-qzgN45hseN0-unsplash-scaled.jpg&#8221; parallax=&#8221;on&#8221; parallax_method=&#8221;off&#8221; width=&#8221;100%&#8221; max_width=&#8221;100%&#8221; height=&#8221;800px&#8221; height_tablet=&#8221;800px&#8221; height_phone=&#8221;650px&#8221; height_last_edited=&#8221;on|tablet&#8221; global_colors_info=&#8221;{}&#8221;][et_pb_row admin_label=&#8221;Rubrik &#8211; header&#8221; _builder_version=&#8221;4.16&#8243; _module_preset=&#8221;default&#8221; custom_margin=&#8221;18em|auto||auto|false|false&#8221; custom_margin_tablet=&#8221;18em|auto||auto|false|false&#8221; custom_margin_phone=&#8221;14em||||false|false&#8221; custom_margin_last_edited=&#8221;on|phone&#8221; global_colors_info=&#8221;{}&#8221;][et_pb_column type=&#8221;4_4&#8243; _builder_version=&#8221;4.16&#8243; _module_preset=&#8221;default&#8221; global_colors_info=&#8221;{}&#8221;][et_pb_text admin_label=&#8221;Rubrik&#8221; _builder_version=&#8221;4.24.1&#8243; _module_preset=&#8221;default&#8221; text_font=&#8221;Cormorant|600|||||||&#8221; header_font=&#8221;Cormorant|600|||||||&#8221; header_text_align=&#8221;center&#8221; header_text_color=&#8221;#FFFFFF&#8221; header_font_size=&#8221;6em&#8221; custom_padding=&#8221;||4px|||&#8221; header_font_size_tablet=&#8221;3em&#8221; header_font_size_phone=&#8221;1.9em&#8221; header_font_size_last_edited=&#8221;on|phone&#8221; header_2_font_size_tablet=&#8221;&#8221; header_2_font_size_phone=&#8221;&#8221; header_2_font_size_last_edited=&#8221;on|phone&#8221; global_colors_info=&#8221;{}&#8221;]<\/p>\n<h1>Om Viking Beds<\/h1>\n<p>[\/et_pb_text][\/et_pb_column][\/et_pb_row][\/et_pb_section][et_pb_section fb_built=&#8221;1&#8243; custom_padding_last_edited=&#8221;on|phone&#8221; disabled_on=&#8221;off|off|off&#8221; admin_label=&#8221;Sektion&#8221; _builder_version=&#8221;4.25.0&#8243; _module_preset=&#8221;default&#8221; background_color=&#8221;#ccc7bd&#8221; background_enable_image=&#8221;off&#8221; min_height=&#8221;379px&#8221; custom_margin=&#8221;||||false|false&#8221; custom_padding=&#8221;80px||63px||false|false&#8221; custom_padding_tablet=&#8221;80px||64px||false|false&#8221; custom_padding_phone=&#8221;50px||64px||false|false&#8221; global_colors_info=&#8221;{}&#8221;][et_pb_row _builder_version=&#8221;4.17.4&#8243; _module_preset=&#8221;default&#8221; width=&#8221;81.9%&#8221; custom_margin=&#8221;|||auto|false|false&#8221; global_colors_info=&#8221;{}&#8221;][et_pb_column type=&#8221;4_4&#8243; _builder_version=&#8221;4.16&#8243; _module_preset=&#8221;default&#8221; global_colors_info=&#8221;{}&#8221;][et_pb_text _builder_version=&#8221;4.16&#8243; _module_preset=&#8221;default&#8221; text_text_color=&#8221;#FFFFFF&#8221; text_orientation=&#8221;center&#8221; global_colors_info=&#8221;{}&#8221;]<\/p>\n<p><span>Med r\u00f6tterna i Mo\u0308belriket har viljan att skapa bra s\u00e4ngar funnits i Viking Beds of Swedens anda redan fr\u00e5n starten. Entrepren\u00f6rsandan och passionen f\u00f6r att tillverka de b\u00e4sta s\u00e4ngarna sitter d\u00e4rmed i v\u00e4ggarna. F\u00f6retagets fabrik ligger placerad mitt i de sm\u00e5l\u00e4ndska skogarna, n\u00e4rmare best\u00e4mt i Eken\u00e4ssj\u00f6n p\u00e5 sm\u00e5l\u00e4ndska H\u00f6glandet. Viking erbjuder s\u00e4ngar av h\u00f6gsta kvalitet, designade f\u00f6r att ge optimal komfort och h\u00e5llbarhet. F\u00f6retaget fokuserar p\u00e5 att anv\u00e4nda de finaste materialen f\u00f6r att skapa s\u00e4ngar som fr\u00e4mjar god s\u00f6mn och h\u00e4lsa. Med ett brett utbud av produkter som passar olika behov och preferenser, str\u00e4var Viking Beds efter att ge sina kunder en \u00f6verl\u00e4gsen sovupplevelse.<\/span><\/p>\n<p>[\/et_pb_text][\/et_pb_column][\/et_pb_row][\/et_pb_section][et_pb_section fb_built=&#8221;1&#8243; _builder_version=&#8221;4.16&#8243; _module_preset=&#8221;default&#8221; custom_padding=&#8221;0px||2px|||&#8221; global_colors_info=&#8221;{}&#8221;][et_pb_row column_structure=&#8221;1_2,1_2&#8243; use_custom_gutter=&#8221;on&#8221; gutter_width=&#8221;0&#8243; make_equal=&#8221;on&#8221; admin_label=&#8221;Workshops and Events Area&#8221; module_class=&#8221; et_pb_row_fullwidth&#8221; _builder_version=&#8221;4.25.0&#8243; width=&#8221;100%&#8221; width_tablet=&#8221;100%&#8221; width_phone=&#8221;&#8221; width_last_edited=&#8221;on|desktop&#8221; max_width=&#8221;100%&#8221; max_width_tablet=&#8221;100%&#8221; max_width_phone=&#8221;&#8221; max_width_last_edited=&#8221;on|desktop&#8221; min_height=&#8221;774.8px&#8221; custom_margin=&#8221;-11px|auto||auto||&#8221; custom_padding=&#8221;0px||0px|||&#8221; hover_enabled=&#8221;0&#8243; border_color_bottom=&#8221;#FFFFFF&#8221; make_fullwidth=&#8221;on&#8221; global_colors_info=&#8221;{}&#8221; sticky_enabled=&#8221;0&#8243;][et_pb_column type=&#8221;1_2&#8243; _builder_version=&#8221;4.25.0&#8243; background_color=&#8221;#FFFFFF&#8221; custom_padding=&#8221;10%|5%|10%|5%&#8221; hover_enabled=&#8221;0&#8243; global_colors_info=&#8221;{}&#8221; custom_padding__hover=&#8221;|||&#8221; sticky_enabled=&#8221;0&#8243;][et_pb_text _builder_version=&#8221;4.25.0&#8243; _module_preset=&#8221;default&#8221; header_font=&#8221;Cormorant||||||||&#8221; header_text_color=&#8221;#242424&#8243; header_font_size=&#8221;42px&#8221; header_2_font=&#8221;|700||on|||||&#8221; header_2_text_align=&#8221;left&#8221; header_2_text_color=&#8221;#FFFFFF&#8221; header_2_font_size=&#8221;3.5em&#8221; custom_margin=&#8221;2em||21px||false|false&#8221; animation_style=&#8221;fade&#8221; hover_enabled=&#8221;0&#8243; header_2_text_align_tablet=&#8221;left&#8221; header_2_text_align_phone=&#8221;center&#8221; header_2_text_align_last_edited=&#8221;on|phone&#8221; header_2_font_size_tablet=&#8221;2.5em&#8221; header_2_font_size_phone=&#8221;2.1em&#8221; header_2_font_size_last_edited=&#8221;on|phone&#8221; global_colors_info=&#8221;{}&#8221; sticky_enabled=&#8221;0&#8243;]<\/p>\n<h1>Rediga sm\u00e5l\u00e4nningar<\/h1>\n<p>[\/et_pb_text][et_pb_text _builder_version=&#8221;4.16&#8243; _module_preset=&#8221;default&#8221; text_text_color=&#8221;#FFFFFF&#8221; custom_margin=&#8221;-14px|||||&#8221; global_colors_info=&#8221;{}&#8221;]<\/p>\n<p><span style=\"color: #333333;\">Viking Beds of Sweden grundades f\u00f6r tjugo \u00e5r sedan med en stark f\u00f6rankring i sm\u00e5l\u00e4ndsk tradition av kvalitet, hantverk och innovation. V\u00e5rt m\u00e5l var att tillverka s\u00e4ngar av h\u00f6gsta m\u00f6jliga komfort, byggda med gediget hantverkskunnande och med en prisniv\u00e5 som g\u00f6r det m\u00f6jligt f\u00f6r fler att njuta av en god natts s\u00f6mn. Idag, tv\u00e5 decennier senare, beh\u00e5ller vi denna sm\u00e5l\u00e4ndska arv, d\u00e4r v\u00e5r innovation och noggrannhet styr hur vi designar, bygger och levererar v\u00e5ra s\u00e4ngar med minimal milj\u00f6p\u00e5verkan.<\/span><\/p>\n<p><span style=\"color: #333333;\">V\u00e5ra produkter \u00e4r noggrant utformade f\u00f6r att ge l\u00e5ngvarig komfort och h\u00e5llbarhet, och vi str\u00e4var alltid efter att leverera l\u00f6sningar som f\u00f6renar funktionalitet med kvalitet o<\/span><span style=\"color: #262626;\">ch ansvar.<\/span><\/p>\n<p>[\/et_pb_text][\/et_pb_column][et_pb_column type=&#8221;1_2&#8243; module_class=&#8221;et-zoom-in&#8221; _builder_version=&#8221;4.25.0&#8243; background_image=&#8221;https:\/\/vikingbeds.se\/wp-content\/uploads\/2022\/05\/Viking-beds-Villa-Skog15536.jpg&#8221; background_repeat=&#8221;repeat&#8221; custom_padding=&#8221;|||&#8221; global_colors_info=&#8221;{}&#8221; custom_padding__hover=&#8221;|||&#8221;][et_pb_divider show_divider=&#8221;off&#8221; _builder_version=&#8221;4.16&#8243; height=&#8221;400px&#8221; locked=&#8221;off&#8221; global_colors_info=&#8221;{}&#8221;][\/et_pb_divider][\/et_pb_column][\/et_pb_row][et_pb_row column_structure=&#8221;1_2,1_2&#8243; use_custom_gutter=&#8221;on&#8221; gutter_width=&#8221;0&#8243; make_equal=&#8221;on&#8221; admin_label=&#8221;Studio Membership Area&#8221; module_class=&#8221; et_pb_row_fullwidth&#8221; _builder_version=&#8221;4.25.0&#8243; width=&#8221;100%&#8221; width_tablet=&#8221;100%&#8221; width_phone=&#8221;&#8221; width_last_edited=&#8221;on|desktop&#8221; max_width=&#8221;100%&#8221; max_width_tablet=&#8221;100%&#8221; max_width_phone=&#8221;&#8221; max_width_last_edited=&#8221;on|desktop&#8221; custom_margin=&#8221;|||&#8221; custom_padding=&#8221;0px||9px|||&#8221; custom_css_main_element=&#8221;display: flex;||flex-wrap: wrap;&#8221; border_color_bottom=&#8221;#FFFFFF&#8221; make_fullwidth=&#8221;on&#8221; global_colors_info=&#8221;{}&#8221;][et_pb_column type=&#8221;1_2&#8243; module_class=&#8221;et-zoom-in&#8221; _builder_version=&#8221;4.25.0&#8243; background_image=&#8221;https:\/\/vikingbeds.se\/wp-content\/uploads\/2024\/11\/Viking-beds-Villa-Ang15656.jpg&#8221; custom_padding=&#8221;|||&#8221; custom_css_main_element=&#8221;order: 2;&#8221; global_colors_info=&#8221;{}&#8221; custom_padding__hover=&#8221;|||&#8221;][et_pb_divider show_divider=&#8221;off&#8221; module_class=&#8221;et-zoom-in&#8221; _builder_version=&#8221;4.16&#8243; height=&#8221;400px&#8221; locked=&#8221;off&#8221; global_colors_info=&#8221;{}&#8221;][\/et_pb_divider][\/et_pb_column][et_pb_column type=&#8221;1_2&#8243; _builder_version=&#8221;4.25.0&#8243; background_color=&#8221;#ccc7bd&#8221; background_repeat=&#8221;repeat&#8221; custom_padding=&#8221;10%|5%|10%|5%&#8221; global_colors_info=&#8221;{}&#8221; custom_padding__hover=&#8221;|||&#8221; custom_css_main_element_last_edited=&#8221;on|tablet&#8221; custom_css_main_element_tablet=&#8221;order: 1;&#8221; custom_css_main_element_phone=&#8221;order: 1;&#8221;][et_pb_text _builder_version=&#8221;4.25.0&#8243; _module_preset=&#8221;default&#8221; header_font=&#8221;Cormorant||||||||&#8221; header_text_color=&#8221;#FFFFFF&#8221; header_font_size=&#8221;42px&#8221; header_2_font=&#8221;|700||on|||||&#8221; header_2_text_align=&#8221;left&#8221; header_2_text_color=&#8221;#FFFFFF&#8221; header_2_font_size=&#8221;3.5em&#8221; custom_margin=&#8221;2em||21px||false|false&#8221; animation_style=&#8221;fade&#8221; header_2_text_align_tablet=&#8221;left&#8221; header_2_text_align_phone=&#8221;center&#8221; header_2_text_align_last_edited=&#8221;on|phone&#8221; header_2_font_size_tablet=&#8221;2.5em&#8221; header_2_font_size_phone=&#8221;2.1em&#8221; header_2_font_size_last_edited=&#8221;on|phone&#8221; global_colors_info=&#8221;{}&#8221;]<\/p>\n<h1>En sund s\u00f6mn<\/h1>\n<p>[\/et_pb_text][et_pb_text _builder_version=&#8221;4.16&#8243; _module_preset=&#8221;default&#8221; text_text_color=&#8221;#FFFFFF&#8221; custom_margin=&#8221;-14px|||||&#8221; global_colors_info=&#8221;{}&#8221; min_height=&#8221;706.4px&#8221;]<\/p>\n<p>Alla v\u00e5ra s\u00e4ngar \u00e4r konstruerade f\u00f6r att ge din kropp maximal komfort och \u00e5terh\u00e4mtning. Vi ser till att i m\u00f6jligaste m\u00e5n anv\u00e4nda milj\u00f6certifierade material och vi \u00e4r m\u00e5na om att v\u00e5ra s\u00e4ngar ska g\u00e5 att \u00e5tervinna n\u00e4r det \u00e4r dags och vi t\u00e4nker till n\u00e4r det g\u00e4ller logistik och transporter.<\/p>\n<p>V\u00e5ra s\u00e4ngar \u00e4r inte bara sk\u00f6na att sova i. Med stor valfrihet n\u00e4r det g\u00e4ller komfort, tyger, f\u00e4rger och inbyggda tekniska l\u00f6sningar blir din s\u00e4ng mer \u00e4n en vanlig m\u00f6bel. Och eftersom vi tillbringar ungef\u00e4r en tredjedel av v\u00e5ra liv i s\u00e4ngen b\u00f6r det inte finnas n\u00e5gon som helst tvekan om att det \u00e4r viktigaste m\u00f6beln i v\u00e5ra hem. V\u00e5ra s\u00e4ngar \u00e4r mer \u00e4n bara en plats att sova p\u00e5 om natten, det \u00e4r en investering f\u00f6r ett h\u00e4lsosamt liv.<\/p>\n<p>[\/et_pb_text][\/et_pb_column][\/et_pb_row][\/et_pb_section][et_pb_section fb_built=&#8221;1&#8243; _builder_version=&#8221;4.16&#8243; _module_preset=&#8221;default&#8221; custom_padding=&#8221;0px||0px|||&#8221; global_colors_info=&#8221;{}&#8221;][et_pb_row column_structure=&#8221;1_2,1_2&#8243; use_custom_gutter=&#8221;on&#8221; gutter_width=&#8221;0&#8243; make_equal=&#8221;on&#8221; admin_label=&#8221;Workshops and Events Area&#8221; module_id=&#8221;foretaget&#8221; module_class=&#8221; et_pb_row_fullwidth&#8221; _builder_version=&#8221;4.25.0&#8243; width=&#8221;100%&#8221; width_tablet=&#8221;100%&#8221; width_phone=&#8221;&#8221; width_last_edited=&#8221;on|desktop&#8221; max_width=&#8221;100%&#8221; max_width_tablet=&#8221;100%&#8221; max_width_phone=&#8221;&#8221; max_width_last_edited=&#8221;on|desktop&#8221; custom_margin=&#8221;-11px|auto||auto||&#8221; custom_padding=&#8221;0px||0px|||&#8221; hover_enabled=&#8221;0&#8243; border_color_bottom=&#8221;#FFFFFF&#8221; make_fullwidth=&#8221;on&#8221; global_colors_info=&#8221;{}&#8221; sticky_enabled=&#8221;0&#8243;][et_pb_column type=&#8221;1_2&#8243; _builder_version=&#8221;4.25.0&#8243; background_color=&#8221;#FFFFFF&#8221; custom_padding=&#8221;10%|5%|10%|5%&#8221; hover_enabled=&#8221;0&#8243; global_colors_info=&#8221;{}&#8221; custom_padding__hover=&#8221;|||&#8221; sticky_enabled=&#8221;0&#8243;][et_pb_text _builder_version=&#8221;4.25.0&#8243; _module_preset=&#8221;default&#8221; header_font=&#8221;Cormorant||||||||&#8221; header_text_color=&#8221;#FFFFFF&#8221; header_font_size=&#8221;42px&#8221; header_2_font=&#8221;|700||on|||||&#8221; header_2_text_align=&#8221;left&#8221; header_2_text_color=&#8221;#FFFFFF&#8221; header_2_font_size=&#8221;3.5em&#8221; custom_margin=&#8221;2em||21px||false|false&#8221; animation_style=&#8221;fade&#8221; header_2_text_align_tablet=&#8221;left&#8221; header_2_text_align_phone=&#8221;center&#8221; header_2_text_align_last_edited=&#8221;on|phone&#8221; header_2_font_size_tablet=&#8221;2.5em&#8221; header_2_font_size_phone=&#8221;2.1em&#8221; header_2_font_size_last_edited=&#8221;on|phone&#8221; global_colors_info=&#8221;{}&#8221;]<\/p>\n<h1><span style=\"color: #1e1e1e;\">F\u00f6retaget<\/span><\/h1>\n<p>[\/et_pb_text][et_pb_text _builder_version=&#8221;4.16&#8243; _module_preset=&#8221;default&#8221; text_text_color=&#8221;#FFFFFF&#8221; custom_margin=&#8221;-14px|||||&#8221; global_colors_info=&#8221;{}&#8221;]<\/p>\n<p><span style=\"color: #212121;\">Att driva ett svenskt f\u00f6retag i dagens konkurrensutsatta v\u00e4rld \u00e4r en prestation f\u00e5 f\u00f6runnad. P\u00e5 Viking Beds \u00e4r vi stolta \u00f6ver att en stor del av v\u00e5r produktion fortfarande sker p\u00e5 det sm\u00e5l\u00e4ndska H\u00f6glandet. Detta \u00e4r ett resultat av b\u00e5de h\u00e5rt arbete och en stark vilja att bevara och utveckla svensk hantverkstradition. Att vi har lyckats med detta och fortsatt producera h\u00f6gkvalitativa s\u00e4ngar p\u00e5 hemmaplan \u00e4r n\u00e5got vi \u00e4r mycket stolta \u00f6ver.<\/span><\/p>\n<p><span style=\"color: #212121;\">Varje s\u00e4ng vi tillverkar \u00e4r ett genuint hantverk, skapat genom en noggrant genomt\u00e4nkt process d\u00e4r m\u00e5let alltid \u00e4r att skapa den b\u00e4sta m\u00f6jliga s\u00f6mnen. Vi investerar mycket tid och energi i att utforska nya material och teknologier, samtidigt som vi beh\u00e5ller och f\u00f6r\u00e4dlar traditionella hantverkstekniker. V\u00e5r fabrik p\u00e5 sm\u00e5l\u00e4ndska H\u00f6glandet, med sina skickliga och erfarna medarbetare, ger oss f\u00f6ruts\u00e4ttningarna att skapa prisv\u00e4rda s\u00e4ngar utan att tumma p\u00e5 kvaliteten.<\/span><\/p>\n<p><span style=\"color: #212121;\">F\u00f6r att tillverka en riktigt bra s\u00e4ng kr\u00e4vs expertkunskap inom omr\u00e5den som material, anatomi, design och konstruktion. P\u00e5 Viking Beds of Sweden samlar vi de b\u00e4sta inom varje omr\u00e5de. N\u00e4r v\u00e5rt produktutvecklingsteam f\u00e5r en id\u00e9, samarbetar konstrukt\u00f6rer, ink\u00f6pare, designers och tapetserare f\u00f6r att hitta den b\u00e4sta l\u00f6sningen. Vi unders\u00f6ker allt fr\u00e5n ramens design och pocketres\u00e5rer till stoppningsmaterial och tygval. Den n\u00e4ra kontakten mellan v\u00e5ra team g\u00f6r att vi snabbt kan omvandla en id\u00e9 till en f\u00e4rdig prototyp p\u00e5 bara n\u00e5gra timmar. Flexibiliteten i v\u00e5r produktion och erfarenheten hos v\u00e5ra medarbetare \u00e4r vad som g\u00f6r Viking Beds of Sweden m\u00f6jligt, och det \u00e4r denna kombination som g\u00f6r att vi st\u00e4ndigt kan leverera s\u00e4ngar av h\u00f6gsta kvalitet.<\/span><\/p>\n<p>[\/et_pb_text][\/et_pb_column][et_pb_column type=&#8221;1_2&#8243; module_class=&#8221;et-zoom-in&#8221; _builder_version=&#8221;4.25.0&#8243; background_image=&#8221;https:\/\/vikingbeds.se\/wp-content\/uploads\/2024\/11\/Viking-beds-Villa-Ang15724.jpg&#8221; background_repeat=&#8221;repeat&#8221; custom_padding=&#8221;|||&#8221; global_colors_info=&#8221;{}&#8221; custom_padding__hover=&#8221;|||&#8221;][et_pb_divider show_divider=&#8221;off&#8221; _builder_version=&#8221;4.16&#8243; height=&#8221;400px&#8221; locked=&#8221;off&#8221; global_colors_info=&#8221;{}&#8221;][\/et_pb_divider][\/et_pb_column][\/et_pb_row][\/et_pb_section]<\/p>\n","protected":false},"excerpt":{"rendered":"<p>Om Viking BedsMed r\u00f6tterna i Mo\u0308belriket har viljan att skapa bra s\u00e4ngar funnits i Viking Beds of Swedens anda redan fr\u00e5n starten. Entrepren\u00f6rsandan och passionen f\u00f6r att tillverka de b\u00e4sta s\u00e4ngarna sitter d\u00e4rmed i v\u00e4ggarna. F\u00f6retagets fabrik ligger placerad mitt i de sm\u00e5l\u00e4ndska skogarna, n\u00e4rmare best\u00e4mt i Eken\u00e4ssj\u00f6n p\u00e5 sm\u00e5l\u00e4ndska H\u00f6glandet. Viking erbjuder s\u00e4ngar av [&hellip;]<\/p>\n","protected":false},"author":1,"featured_media":0,"parent":0,"menu_order":0,"comment_status":"closed","ping_status":"closed","template":"","meta":{"_et_pb_use_builder":"on","_et_pb_old_content":"","_et_gb_content_width":"","footnotes":""},"class_list":["post-1854","page","type-page","status-publish","hentry"],"yoast_head":"<!-- This site is optimized with the Yoast SEO plugin v27.3 - https:\/\/yoast.com\/product\/yoast-seo-wordpress\/ -->\n<title>Om Viking - Vikingbeds.se<\/title>\n<meta name=\"robots\" content=\"index, follow, max-snippet:-1, max-image-preview:large, max-video-preview:-1\" \/>\n<link rel=\"canonical\" href=\"https:\/\/vikingbeds.se\/dk\/om-viking\/\" \/>\n<meta property=\"og:locale\" content=\"da_DK\" \/>\n<meta property=\"og:type\" content=\"article\" \/>\n<meta property=\"og:title\" content=\"Om Viking - Vikingbeds.se\" \/>\n<meta property=\"og:description\" content=\"Om Viking BedsMed r\u00f6tterna i Mo\u0308belriket har viljan att skapa bra s\u00e4ngar funnits i Viking Beds of Swedens anda redan fr\u00e5n starten. Entrepren\u00f6rsandan och passionen f\u00f6r att tillverka de b\u00e4sta s\u00e4ngarna sitter d\u00e4rmed i v\u00e4ggarna. F\u00f6retagets fabrik ligger placerad mitt i de sm\u00e5l\u00e4ndska skogarna, n\u00e4rmare best\u00e4mt i Eken\u00e4ssj\u00f6n p\u00e5 sm\u00e5l\u00e4ndska H\u00f6glandet. Viking erbjuder s\u00e4ngar av [&hellip;]\" \/>\n<meta property=\"og:url\" content=\"https:\/\/vikingbeds.se\/dk\/om-viking\/\" \/>\n<meta property=\"og:site_name\" content=\"Vikingbeds.se\" \/>\n<meta property=\"article:modified_time\" content=\"2024-12-18T13:05:05+00:00\" \/>\n<meta name=\"twitter:card\" content=\"summary_large_image\" \/>\n<meta name=\"twitter:label1\" content=\"Estimeret l\u00e6setid\" \/>\n\t<meta name=\"twitter:data1\" content=\"10 minutter\" \/>\n<script type=\"application\/ld+json\" class=\"yoast-schema-graph\">{\"@context\":\"https:\\\/\\\/schema.org\",\"@graph\":[{\"@type\":\"WebPage\",\"@id\":\"https:\\\/\\\/vikingbeds.se\\\/om-viking\\\/\",\"url\":\"https:\\\/\\\/vikingbeds.se\\\/om-viking\\\/\",\"name\":\"Om Viking - Vikingbeds.se\",\"isPartOf\":{\"@id\":\"https:\\\/\\\/vikingbeds.se\\\/#website\"},\"datePublished\":\"2022-01-19T21:31:55+00:00\",\"dateModified\":\"2024-12-18T13:05:05+00:00\",\"breadcrumb\":{\"@id\":\"https:\\\/\\\/vikingbeds.se\\\/om-viking\\\/#breadcrumb\"},\"inLanguage\":\"da-DK\",\"potentialAction\":[{\"@type\":\"ReadAction\",\"target\":[\"https:\\\/\\\/vikingbeds.se\\\/om-viking\\\/\"]}]},{\"@type\":\"BreadcrumbList\",\"@id\":\"https:\\\/\\\/vikingbeds.se\\\/om-viking\\\/#breadcrumb\",\"itemListElement\":[{\"@type\":\"ListItem\",\"position\":1,\"name\":\"Hem\",\"item\":\"https:\\\/\\\/vikingbeds.se\\\/\"},{\"@type\":\"ListItem\",\"position\":2,\"name\":\"Om Viking\"}]},{\"@type\":\"WebSite\",\"@id\":\"https:\\\/\\\/vikingbeds.se\\\/#website\",\"url\":\"https:\\\/\\\/vikingbeds.se\\\/\",\"name\":\"Vikingbeds.se\",\"description\":\"\",\"potentialAction\":[{\"@type\":\"SearchAction\",\"target\":{\"@type\":\"EntryPoint\",\"urlTemplate\":\"https:\\\/\\\/vikingbeds.se\\\/?s={search_term_string}\"},\"query-input\":{\"@type\":\"PropertyValueSpecification\",\"valueRequired\":true,\"valueName\":\"search_term_string\"}}],\"inLanguage\":\"da-DK\"}]}<\/script>\n<!-- \/ Yoast SEO plugin. -->","yoast_head_json":{"title":"Om Viking - Vikingbeds.se","robots":{"index":"index","follow":"follow","max-snippet":"max-snippet:-1","max-image-preview":"max-image-preview:large","max-video-preview":"max-video-preview:-1"},"canonical":"https:\/\/vikingbeds.se\/dk\/om-viking\/","og_locale":"da_DK","og_type":"article","og_title":"Om Viking - Vikingbeds.se","og_description":"Om Viking BedsMed r\u00f6tterna i Mo\u0308belriket har viljan att skapa bra s\u00e4ngar funnits i Viking Beds of Swedens anda redan fr\u00e5n starten. Entrepren\u00f6rsandan och passionen f\u00f6r att tillverka de b\u00e4sta s\u00e4ngarna sitter d\u00e4rmed i v\u00e4ggarna. F\u00f6retagets fabrik ligger placerad mitt i de sm\u00e5l\u00e4ndska skogarna, n\u00e4rmare best\u00e4mt i Eken\u00e4ssj\u00f6n p\u00e5 sm\u00e5l\u00e4ndska H\u00f6glandet. Viking erbjuder s\u00e4ngar av [&hellip;]","og_url":"https:\/\/vikingbeds.se\/dk\/om-viking\/","og_site_name":"Vikingbeds.se","article_modified_time":"2024-12-18T13:05:05+00:00","twitter_card":"summary_large_image","twitter_misc":{"Estimeret l\u00e6setid":"10 minutter"},"schema":{"@context":"https:\/\/schema.org","@graph":[{"@type":"WebPage","@id":"https:\/\/vikingbeds.se\/om-viking\/","url":"https:\/\/vikingbeds.se\/om-viking\/","name":"Om Viking - Vikingbeds.se","isPartOf":{"@id":"https:\/\/vikingbeds.se\/#website"},"datePublished":"2022-01-19T21:31:55+00:00","dateModified":"2024-12-18T13:05:05+00:00","breadcrumb":{"@id":"https:\/\/vikingbeds.se\/om-viking\/#breadcrumb"},"inLanguage":"da-DK","potentialAction":[{"@type":"ReadAction","target":["https:\/\/vikingbeds.se\/om-viking\/"]}]},{"@type":"BreadcrumbList","@id":"https:\/\/vikingbeds.se\/om-viking\/#breadcrumb","itemListElement":[{"@type":"ListItem","position":1,"name":"Hem","item":"https:\/\/vikingbeds.se\/"},{"@type":"ListItem","position":2,"name":"Om Viking"}]},{"@type":"WebSite","@id":"https:\/\/vikingbeds.se\/#website","url":"https:\/\/vikingbeds.se\/","name":"Vikingbeds.se","description":"","potentialAction":[{"@type":"SearchAction","target":{"@type":"EntryPoint","urlTemplate":"https:\/\/vikingbeds.se\/?s={search_term_string}"},"query-input":{"@type":"PropertyValueSpecification","valueRequired":true,"valueName":"search_term_string"}}],"inLanguage":"da-DK"}]}},"_links":{"self":[{"href":"https:\/\/vikingbeds.se\/dk\/wp-json\/wp\/v2\/pages\/1854","targetHints":{"allow":["GET"]}}],"collection":[{"href":"https:\/\/vikingbeds.se\/dk\/wp-json\/wp\/v2\/pages"}],"about":[{"href":"https:\/\/vikingbeds.se\/dk\/wp-json\/wp\/v2\/types\/page"}],"author":[{"embeddable":true,"href":"https:\/\/vikingbeds.se\/dk\/wp-json\/wp\/v2\/users\/1"}],"replies":[{"embeddable":true,"href":"https:\/\/vikingbeds.se\/dk\/wp-json\/wp\/v2\/comments?post=1854"}],"version-history":[{"count":0,"href":"https:\/\/vikingbeds.se\/dk\/wp-json\/wp\/v2\/pages\/1854\/revisions"}],"wp:attachment":[{"href":"https:\/\/vikingbeds.se\/dk\/wp-json\/wp\/v2\/media?parent=1854"}],"curies":[{"name":"wp","href":"https:\/\/api.w.org\/{rel}","templated":true}]}}